{"id":5402,"date":"2025-06-07T18:42:52","date_gmt":"2025-06-07T21:42:52","guid":{"rendered":"https:\/\/www.powerdiesel.com.ar\/tienda\/?post_type=product&#038;p=5402"},"modified":"2026-01-28T17:43:41","modified_gmt":"2026-01-28T20:43:41","slug":"cartucho-nucleo-central-perkins-4-4-massey-ferguson-5455","status":"publish","type":"product","link":"https:\/\/www.powerdiesel.com.ar\/tienda\/producto\/cartucho-nucleo-central-perkins-4-4-massey-ferguson-5455\/","title":{"rendered":"Cartucho &#8211; Nucleo Central Perkins 4.4 Massey Ferguson 5455"},"content":{"rendered":"<p>Marca: SLTURBO<br \/>\nEstado: Nuevo cerrado en caja<br \/>\nGarantia: Si, Cambio por falla<\/p>\n<p>SLTURBO-JRONE-TURBOLAR fabrica bajo la misma norma alemana TUV TS16949 que los fabricantes originales<br \/>\n&#8211; Las m\u00e1s vendida del pa\u00eds, con garant\u00eda y representaci\u00f3n oficial en ARGENTINA<\/p>\n","protected":false},"excerpt":{"rendered":"<p>DESCRIPCI\u00d3N:<br \/>\nConjunto central 433289-0185 GT2556S Perkins<\/p>\n<p>MARCA: SLTURBO<br \/>\nC\u00d3DIGO: 1000-010-381<br \/>\nN\u00ba DE PARTE: 433289-0185<br \/>\nTURBO OE N\u00ba: 711736-0003 \/ 711736-0016 \/ 711736-0026 \/ 785827-0027 \/ 433289-0185 \/ 2373786 \/ 2674A226 \/ 2674A226 \/ 2674A209<br \/>\nMODELO: GT2556S<\/p>\n<p>FORMAS DE ENV\u00cdO:<br \/>\n&#8211; MERCADO ENV\u00cdOS<br \/>\n&#8211; DESPACHAMOS POR MICRO A TODO EL PA\u00cdS SEG\u00daN NECESIDAD DEL CLIENTE.<\/p>\n<p>FORMAS DE PAGO:<br \/>\n&#8211; MERCADO PAGO \/ TRANSFERENCIA BANCARIA<\/p>\n","protected":false},"featured_media":5403,"template":"","meta":{"_joinchat":[]},"product_brand":[],"product_cat":[23],"product_tag":[],"class_list":{"0":"post-5402","1":"product","2":"type-product","3":"status-publish","4":"has-post-thumbnail","6":"product_cat-nucleos","8":"first","9":"instock","10":"taxable","11":"shipping-taxable","12":"purchasable","13":"product-type-simple"},"yoast_head":"<!-- This site is optimized with the Yoast SEO plugin v27.5 - https:\/\/yoast.com\/product\/yoast-seo-wordpress\/ -->\n<title>Cartucho - Nucleo Central Perkins 4.4 Massey Ferguson 5455 -<\/title>\n<meta name=\"description\" content=\"Cartucho - Nucleo central para Perkins 4,4 - 4 Cilindros 1104C GT25-209. Para turbos 711736-0016 711736-0026 711736-0003 433289-0185 2373786\" \/>\n<meta name=\"robots\" content=\"index, follow, max-snippet:-1, max-image-preview:large, max-video-preview:-1\" \/>\n<link rel=\"canonical\" href=\"https:\/\/www.powerdiesel.com.ar\/tienda\/producto\/cartucho-nucleo-central-perkins-4-4-massey-ferguson-5455\/\" \/>\n<meta property=\"og:locale\" content=\"es_ES\" \/>\n<meta property=\"og:type\" content=\"article\" \/>\n<meta property=\"og:title\" content=\"Cartucho - Nucleo Central Perkins 4.4 Massey Ferguson 5455 -\" \/>\n<meta property=\"og:description\" content=\"Cartucho - Nucleo central para Perkins 4,4 - 4 Cilindros 1104C GT25-209. Para turbos 711736-0016 711736-0026 711736-0003 433289-0185 2373786\" \/>\n<meta property=\"og:url\" content=\"https:\/\/www.powerdiesel.com.ar\/tienda\/producto\/cartucho-nucleo-central-perkins-4-4-massey-ferguson-5455\/\" \/>\n<meta property=\"article:modified_time\" content=\"2026-01-28T20:43:41+00:00\" \/>\n<meta property=\"og:image\" content=\"https:\/\/www.powerdiesel.com.ar\/tienda\/wp-content\/uploads\/2025\/06\/1000-010-381.jpg\" \/>\n\t<meta property=\"og:image:width\" content=\"1200\" \/>\n\t<meta property=\"og:image:height\" content=\"1200\" \/>\n\t<meta property=\"og:image:type\" content=\"image\/jpeg\" \/>\n<meta name=\"twitter:card\" content=\"summary_large_image\" \/>\n<meta name=\"twitter:label1\" content=\"Tiempo de lectura\" \/>\n\t<meta name=\"twitter:data1\" content=\"1 minuto\" \/>\n<script type=\"application\/ld+json\" class=\"yoast-schema-graph\">{\"@context\":\"https:\\\/\\\/schema.org\",\"@graph\":[{\"@type\":\"WebPage\",\"@id\":\"https:\\\/\\\/www.powerdiesel.com.ar\\\/tienda\\\/producto\\\/cartucho-nucleo-central-perkins-4-4-massey-ferguson-5455\\\/\",\"url\":\"https:\\\/\\\/www.powerdiesel.com.ar\\\/tienda\\\/producto\\\/cartucho-nucleo-central-perkins-4-4-massey-ferguson-5455\\\/\",\"name\":\"Cartucho - Nucleo Central Perkins 4.4 Massey Ferguson 5455 -\",\"isPartOf\":{\"@id\":\"https:\\\/\\\/www.powerdiesel.com.ar\\\/tienda\\\/#website\"},\"primaryImageOfPage\":{\"@id\":\"https:\\\/\\\/www.powerdiesel.com.ar\\\/tienda\\\/producto\\\/cartucho-nucleo-central-perkins-4-4-massey-ferguson-5455\\\/#primaryimage\"},\"image\":{\"@id\":\"https:\\\/\\\/www.powerdiesel.com.ar\\\/tienda\\\/producto\\\/cartucho-nucleo-central-perkins-4-4-massey-ferguson-5455\\\/#primaryimage\"},\"thumbnailUrl\":\"https:\\\/\\\/www.powerdiesel.com.ar\\\/tienda\\\/wp-content\\\/uploads\\\/2025\\\/06\\\/1000-010-381.jpg\",\"datePublished\":\"2025-06-07T21:42:52+00:00\",\"dateModified\":\"2026-01-28T20:43:41+00:00\",\"description\":\"Cartucho - Nucleo central para Perkins 4,4 - 4 Cilindros 1104C GT25-209. Para turbos 711736-0016 711736-0026 711736-0003 433289-0185 2373786\",\"breadcrumb\":{\"@id\":\"https:\\\/\\\/www.powerdiesel.com.ar\\\/tienda\\\/producto\\\/cartucho-nucleo-central-perkins-4-4-massey-ferguson-5455\\\/#breadcrumb\"},\"inLanguage\":\"es\",\"potentialAction\":[{\"@type\":\"ReadAction\",\"target\":[\"https:\\\/\\\/www.powerdiesel.com.ar\\\/tienda\\\/producto\\\/cartucho-nucleo-central-perkins-4-4-massey-ferguson-5455\\\/\"]}]},{\"@type\":\"ImageObject\",\"inLanguage\":\"es\",\"@id\":\"https:\\\/\\\/www.powerdiesel.com.ar\\\/tienda\\\/producto\\\/cartucho-nucleo-central-perkins-4-4-massey-ferguson-5455\\\/#primaryimage\",\"url\":\"https:\\\/\\\/www.powerdiesel.com.ar\\\/tienda\\\/wp-content\\\/uploads\\\/2025\\\/06\\\/1000-010-381.jpg\",\"contentUrl\":\"https:\\\/\\\/www.powerdiesel.com.ar\\\/tienda\\\/wp-content\\\/uploads\\\/2025\\\/06\\\/1000-010-381.jpg\",\"width\":1200,\"height\":1200},{\"@type\":\"BreadcrumbList\",\"@id\":\"https:\\\/\\\/www.powerdiesel.com.ar\\\/tienda\\\/producto\\\/cartucho-nucleo-central-perkins-4-4-massey-ferguson-5455\\\/#breadcrumb\",\"itemListElement\":[{\"@type\":\"ListItem\",\"position\":1,\"name\":\"Portada\",\"item\":\"https:\\\/\\\/www.powerdiesel.com.ar\\\/tienda\\\/\"},{\"@type\":\"ListItem\",\"position\":2,\"name\":\"Repuestos\",\"item\":\"https:\\\/\\\/www.powerdiesel.com.ar\\\/tienda\\\/\"},{\"@type\":\"ListItem\",\"position\":3,\"name\":\"Cartucho &#8211; Nucleo Central Perkins 4.4 Massey Ferguson 5455\"}]},{\"@type\":\"WebSite\",\"@id\":\"https:\\\/\\\/www.powerdiesel.com.ar\\\/tienda\\\/#website\",\"url\":\"https:\\\/\\\/www.powerdiesel.com.ar\\\/tienda\\\/\",\"name\":\"\",\"description\":\"Compra Asegurada!\",\"potentialAction\":[{\"@type\":\"SearchAction\",\"target\":{\"@type\":\"EntryPoint\",\"urlTemplate\":\"https:\\\/\\\/www.powerdiesel.com.ar\\\/tienda\\\/?s={search_term_string}\"},\"query-input\":{\"@type\":\"PropertyValueSpecification\",\"valueRequired\":true,\"valueName\":\"search_term_string\"}}],\"inLanguage\":\"es\"}]}<\/script>\n<!-- \/ Yoast SEO plugin. -->","yoast_head_json":{"title":"Cartucho - Nucleo Central Perkins 4.4 Massey Ferguson 5455 -","description":"Cartucho - Nucleo central para Perkins 4,4 - 4 Cilindros 1104C GT25-209. Para turbos 711736-0016 711736-0026 711736-0003 433289-0185 2373786","robots":{"index":"index","follow":"follow","max-snippet":"max-snippet:-1","max-image-preview":"max-image-preview:large","max-video-preview":"max-video-preview:-1"},"canonical":"https:\/\/www.powerdiesel.com.ar\/tienda\/producto\/cartucho-nucleo-central-perkins-4-4-massey-ferguson-5455\/","og_locale":"es_ES","og_type":"article","og_title":"Cartucho - Nucleo Central Perkins 4.4 Massey Ferguson 5455 -","og_description":"Cartucho - Nucleo central para Perkins 4,4 - 4 Cilindros 1104C GT25-209. Para turbos 711736-0016 711736-0026 711736-0003 433289-0185 2373786","og_url":"https:\/\/www.powerdiesel.com.ar\/tienda\/producto\/cartucho-nucleo-central-perkins-4-4-massey-ferguson-5455\/","article_modified_time":"2026-01-28T20:43:41+00:00","og_image":[{"width":1200,"height":1200,"url":"https:\/\/www.powerdiesel.com.ar\/tienda\/wp-content\/uploads\/2025\/06\/1000-010-381.jpg","type":"image\/jpeg"}],"twitter_card":"summary_large_image","twitter_misc":{"Tiempo de lectura":"1 minuto"},"schema":{"@context":"https:\/\/schema.org","@graph":[{"@type":"WebPage","@id":"https:\/\/www.powerdiesel.com.ar\/tienda\/producto\/cartucho-nucleo-central-perkins-4-4-massey-ferguson-5455\/","url":"https:\/\/www.powerdiesel.com.ar\/tienda\/producto\/cartucho-nucleo-central-perkins-4-4-massey-ferguson-5455\/","name":"Cartucho - Nucleo Central Perkins 4.4 Massey Ferguson 5455 -","isPartOf":{"@id":"https:\/\/www.powerdiesel.com.ar\/tienda\/#website"},"primaryImageOfPage":{"@id":"https:\/\/www.powerdiesel.com.ar\/tienda\/producto\/cartucho-nucleo-central-perkins-4-4-massey-ferguson-5455\/#primaryimage"},"image":{"@id":"https:\/\/www.powerdiesel.com.ar\/tienda\/producto\/cartucho-nucleo-central-perkins-4-4-massey-ferguson-5455\/#primaryimage"},"thumbnailUrl":"https:\/\/www.powerdiesel.com.ar\/tienda\/wp-content\/uploads\/2025\/06\/1000-010-381.jpg","datePublished":"2025-06-07T21:42:52+00:00","dateModified":"2026-01-28T20:43:41+00:00","description":"Cartucho - Nucleo central para Perkins 4,4 - 4 Cilindros 1104C GT25-209. Para turbos 711736-0016 711736-0026 711736-0003 433289-0185 2373786","breadcrumb":{"@id":"https:\/\/www.powerdiesel.com.ar\/tienda\/producto\/cartucho-nucleo-central-perkins-4-4-massey-ferguson-5455\/#breadcrumb"},"inLanguage":"es","potentialAction":[{"@type":"ReadAction","target":["https:\/\/www.powerdiesel.com.ar\/tienda\/producto\/cartucho-nucleo-central-perkins-4-4-massey-ferguson-5455\/"]}]},{"@type":"ImageObject","inLanguage":"es","@id":"https:\/\/www.powerdiesel.com.ar\/tienda\/producto\/cartucho-nucleo-central-perkins-4-4-massey-ferguson-5455\/#primaryimage","url":"https:\/\/www.powerdiesel.com.ar\/tienda\/wp-content\/uploads\/2025\/06\/1000-010-381.jpg","contentUrl":"https:\/\/www.powerdiesel.com.ar\/tienda\/wp-content\/uploads\/2025\/06\/1000-010-381.jpg","width":1200,"height":1200},{"@type":"BreadcrumbList","@id":"https:\/\/www.powerdiesel.com.ar\/tienda\/producto\/cartucho-nucleo-central-perkins-4-4-massey-ferguson-5455\/#breadcrumb","itemListElement":[{"@type":"ListItem","position":1,"name":"Portada","item":"https:\/\/www.powerdiesel.com.ar\/tienda\/"},{"@type":"ListItem","position":2,"name":"Repuestos","item":"https:\/\/www.powerdiesel.com.ar\/tienda\/"},{"@type":"ListItem","position":3,"name":"Cartucho &#8211; Nucleo Central Perkins 4.4 Massey Ferguson 5455"}]},{"@type":"WebSite","@id":"https:\/\/www.powerdiesel.com.ar\/tienda\/#website","url":"https:\/\/www.powerdiesel.com.ar\/tienda\/","name":"","description":"Compra Asegurada!","potentialAction":[{"@type":"SearchAction","target":{"@type":"EntryPoint","urlTemplate":"https:\/\/www.powerdiesel.com.ar\/tienda\/?s={search_term_string}"},"query-input":{"@type":"PropertyValueSpecification","valueRequired":true,"valueName":"search_term_string"}}],"inLanguage":"es"}]}},"_links":{"self":[{"href":"https:\/\/www.powerdiesel.com.ar\/tienda\/wp-json\/wp\/v2\/product\/5402","targetHints":{"allow":["GET"]}}],"collection":[{"href":"https:\/\/www.powerdiesel.com.ar\/tienda\/wp-json\/wp\/v2\/product"}],"about":[{"href":"https:\/\/www.powerdiesel.com.ar\/tienda\/wp-json\/wp\/v2\/types\/product"}],"wp:featuredmedia":[{"embeddable":true,"href":"https:\/\/www.powerdiesel.com.ar\/tienda\/wp-json\/wp\/v2\/media\/5403"}],"wp:attachment":[{"href":"https:\/\/www.powerdiesel.com.ar\/tienda\/wp-json\/wp\/v2\/media?parent=5402"}],"wp:term":[{"taxonomy":"product_brand","embeddable":true,"href":"https:\/\/www.powerdiesel.com.ar\/tienda\/wp-json\/wp\/v2\/product_brand?post=5402"},{"taxonomy":"product_cat","embeddable":true,"href":"https:\/\/www.powerdiesel.com.ar\/tienda\/wp-json\/wp\/v2\/product_cat?post=5402"},{"taxonomy":"product_tag","embeddable":true,"href":"https:\/\/www.powerdiesel.com.ar\/tienda\/wp-json\/wp\/v2\/product_tag?post=5402"}],"curies":[{"name":"wp","href":"https:\/\/api.w.org\/{rel}","templated":true}]}}