{"id":5372,"date":"2025-04-26T18:46:40","date_gmt":"2025-04-26T21:46:40","guid":{"rendered":"https:\/\/www.powerdiesel.com.ar\/tienda\/?post_type=product&#038;p=5372"},"modified":"2026-01-28T18:17:38","modified_gmt":"2026-01-28T21:17:38","slug":"turbo-toyota-hilux-25-d4d-17201-30030-17201-0l030-de-2005-al-2011-sin-intercooler","status":"publish","type":"product","link":"https:\/\/www.powerdiesel.com.ar\/tienda\/producto\/turbo-toyota-hilux-25-d4d-17201-30030-17201-0l030-de-2005-al-2011-sin-intercooler\/","title":{"rendered":"Turbo Toyota Hilux 2,5 D4D 17201-30030 17201-0L030 de 2005 al 2011 sin intercooler"},"content":{"rendered":"<table class=\"table table-striped push-top\">\n<tbody>\n<tr>\n<th>Marca:<\/th>\n<td>SLTURBO<\/td>\n<\/tr>\n<tr>\n<th>Estado<\/th>\n<td>Nuevo<\/td>\n<\/tr>\n<tr>\n<th>Garantia<\/th>\n<td>6 meses<\/td>\n<\/tr>\n<tr>\n<th>Aplicacion<\/th>\n<td>Toyota Hilux 2.5 2005\/2011 sin intercooler<\/td>\n<\/tr>\n<\/tbody>\n<\/table>\n","protected":false},"excerpt":{"rendered":"<p>DESCRIPCI\u00d3N:<br \/>\nTurbo nuevo marca SLTURBO completo CT10 CT16 D2KD-FTV<\/p>\n<p>APLICACION:<br \/>\n\u2022 TOYOTA HILUX 2.5 de 2005 al 2011 (Para modelo SIN INTERCOOLER)<\/p>\n<p>CODIGO: 17201-0L030<br \/>\nMARCA: SLTURBO<br \/>\nESTADO: Nuevo<\/p>\n<p>FORMAS DE ENV\u00cdO:<br \/>\n&#8211; MERCADO ENV\u00cdOS<br \/>\n&#8211; DESPACHAMOS POR MICRO A TODO EL PA\u00cdS SEG\u00daN NECESIDAD DEL CLIENTE.<\/p>\n<p>FORMAS DE PAGO:<br \/>\n&#8211; MERCADO PAGO<br \/>\n&#8211; CONSULTAR POR OTROS MEDIOS (MENOR $)<\/p>\n<p>FACTURACI\u00d3N:<br \/>\n-Emitimos Facturas A y B.<\/p>\n<p>Somos POWER DIESEL.<br \/>\nVenta de repuestos originales y alternativos<\/p>\n","protected":false},"featured_media":5354,"template":"","meta":{"_joinchat":[]},"product_brand":[],"product_cat":[159],"product_tag":[],"class_list":{"0":"post-5372","1":"product","2":"type-product","3":"status-publish","4":"has-post-thumbnail","6":"product_cat-turbos","8":"first","9":"instock","10":"taxable","11":"shipping-taxable","12":"purchasable","13":"product-type-simple"},"yoast_head":"<!-- This site is optimized with the Yoast SEO plugin v27.4 - https:\/\/yoast.com\/product\/yoast-seo-wordpress\/ -->\n<title>Turbo Toyota Hilux 2,5 D4D 17201-30030 17201-0L030 de 2005 al 2011 sin intercooler -<\/title>\n<meta name=\"robots\" content=\"index, follow, max-snippet:-1, max-image-preview:large, max-video-preview:-1\" \/>\n<link rel=\"canonical\" href=\"https:\/\/www.powerdiesel.com.ar\/tienda\/producto\/turbo-toyota-hilux-25-d4d-17201-30030-17201-0l030-de-2005-al-2011-sin-intercooler\/\" \/>\n<meta property=\"og:locale\" content=\"es_ES\" \/>\n<meta property=\"og:type\" content=\"article\" \/>\n<meta property=\"og:title\" content=\"Turbo Toyota Hilux 2,5 D4D 17201-30030 17201-0L030 de 2005 al 2011 sin intercooler -\" \/>\n<meta property=\"og:description\" content=\"DESCRIPCI\u00d3N: Turbo nuevo marca SLTURBO completo CT10 CT16 D2KD-FTV  APLICACION: \u2022 TOYOTA HILUX 2.5 de 2005 al 2011 (Para modelo SIN INTERCOOLER)  CODIGO: 17201-0L030 MARCA: SLTURBO ESTADO: Nuevo  FORMAS DE ENV\u00cdO: - MERCADO ENV\u00cdOS - DESPACHAMOS POR MICRO A TODO EL PA\u00cdS SEG\u00daN NECESIDAD DEL CLIENTE.  FORMAS DE PAGO: - MERCADO PAGO - CONSULTAR POR OTROS MEDIOS (MENOR $)  FACTURACI\u00d3N: -Emitimos Facturas A y B.  Somos POWER DIESEL. Venta de repuestos originales y alternativos\" \/>\n<meta property=\"og:url\" content=\"https:\/\/www.powerdiesel.com.ar\/tienda\/producto\/turbo-toyota-hilux-25-d4d-17201-30030-17201-0l030-de-2005-al-2011-sin-intercooler\/\" \/>\n<meta property=\"article:modified_time\" content=\"2026-01-28T21:17:38+00:00\" \/>\n<meta property=\"og:image\" content=\"https:\/\/www.powerdiesel.com.ar\/tienda\/wp-content\/uploads\/2025\/04\/D_NQ_NP_2X_823120-MLA73989390591_012024-F.webp\" \/>\n\t<meta property=\"og:image:width\" content=\"1112\" \/>\n\t<meta property=\"og:image:height\" content=\"935\" \/>\n\t<meta property=\"og:image:type\" content=\"image\/webp\" \/>\n<meta name=\"twitter:card\" content=\"summary_large_image\" \/>\n<meta name=\"twitter:label1\" content=\"Tiempo de lectura\" \/>\n\t<meta name=\"twitter:data1\" content=\"1 minuto\" \/>\n<script type=\"application\/ld+json\" class=\"yoast-schema-graph\">{\"@context\":\"https:\\\/\\\/schema.org\",\"@graph\":[{\"@type\":\"WebPage\",\"@id\":\"https:\\\/\\\/www.powerdiesel.com.ar\\\/tienda\\\/producto\\\/turbo-toyota-hilux-25-d4d-17201-30030-17201-0l030-de-2005-al-2011-sin-intercooler\\\/\",\"url\":\"https:\\\/\\\/www.powerdiesel.com.ar\\\/tienda\\\/producto\\\/turbo-toyota-hilux-25-d4d-17201-30030-17201-0l030-de-2005-al-2011-sin-intercooler\\\/\",\"name\":\"Turbo Toyota Hilux 2,5 D4D 17201-30030 17201-0L030 de 2005 al 2011 sin intercooler -\",\"isPartOf\":{\"@id\":\"https:\\\/\\\/www.powerdiesel.com.ar\\\/tienda\\\/#website\"},\"primaryImageOfPage\":{\"@id\":\"https:\\\/\\\/www.powerdiesel.com.ar\\\/tienda\\\/producto\\\/turbo-toyota-hilux-25-d4d-17201-30030-17201-0l030-de-2005-al-2011-sin-intercooler\\\/#primaryimage\"},\"image\":{\"@id\":\"https:\\\/\\\/www.powerdiesel.com.ar\\\/tienda\\\/producto\\\/turbo-toyota-hilux-25-d4d-17201-30030-17201-0l030-de-2005-al-2011-sin-intercooler\\\/#primaryimage\"},\"thumbnailUrl\":\"https:\\\/\\\/www.powerdiesel.com.ar\\\/tienda\\\/wp-content\\\/uploads\\\/2025\\\/04\\\/D_NQ_NP_2X_823120-MLA73989390591_012024-F.webp\",\"datePublished\":\"2025-04-26T21:46:40+00:00\",\"dateModified\":\"2026-01-28T21:17:38+00:00\",\"breadcrumb\":{\"@id\":\"https:\\\/\\\/www.powerdiesel.com.ar\\\/tienda\\\/producto\\\/turbo-toyota-hilux-25-d4d-17201-30030-17201-0l030-de-2005-al-2011-sin-intercooler\\\/#breadcrumb\"},\"inLanguage\":\"es\",\"potentialAction\":[{\"@type\":\"ReadAction\",\"target\":[\"https:\\\/\\\/www.powerdiesel.com.ar\\\/tienda\\\/producto\\\/turbo-toyota-hilux-25-d4d-17201-30030-17201-0l030-de-2005-al-2011-sin-intercooler\\\/\"]}]},{\"@type\":\"ImageObject\",\"inLanguage\":\"es\",\"@id\":\"https:\\\/\\\/www.powerdiesel.com.ar\\\/tienda\\\/producto\\\/turbo-toyota-hilux-25-d4d-17201-30030-17201-0l030-de-2005-al-2011-sin-intercooler\\\/#primaryimage\",\"url\":\"https:\\\/\\\/www.powerdiesel.com.ar\\\/tienda\\\/wp-content\\\/uploads\\\/2025\\\/04\\\/D_NQ_NP_2X_823120-MLA73989390591_012024-F.webp\",\"contentUrl\":\"https:\\\/\\\/www.powerdiesel.com.ar\\\/tienda\\\/wp-content\\\/uploads\\\/2025\\\/04\\\/D_NQ_NP_2X_823120-MLA73989390591_012024-F.webp\",\"width\":1112,\"height\":935},{\"@type\":\"BreadcrumbList\",\"@id\":\"https:\\\/\\\/www.powerdiesel.com.ar\\\/tienda\\\/producto\\\/turbo-toyota-hilux-25-d4d-17201-30030-17201-0l030-de-2005-al-2011-sin-intercooler\\\/#breadcrumb\",\"itemListElement\":[{\"@type\":\"ListItem\",\"position\":1,\"name\":\"Portada\",\"item\":\"https:\\\/\\\/www.powerdiesel.com.ar\\\/tienda\\\/\"},{\"@type\":\"ListItem\",\"position\":2,\"name\":\"Repuestos\",\"item\":\"https:\\\/\\\/www.powerdiesel.com.ar\\\/tienda\\\/\"},{\"@type\":\"ListItem\",\"position\":3,\"name\":\"Turbo Toyota Hilux 2,5 D4D 17201-30030 17201-0L030 de 2005 al 2011 sin intercooler\"}]},{\"@type\":\"WebSite\",\"@id\":\"https:\\\/\\\/www.powerdiesel.com.ar\\\/tienda\\\/#website\",\"url\":\"https:\\\/\\\/www.powerdiesel.com.ar\\\/tienda\\\/\",\"name\":\"\",\"description\":\"Compra Asegurada!\",\"potentialAction\":[{\"@type\":\"SearchAction\",\"target\":{\"@type\":\"EntryPoint\",\"urlTemplate\":\"https:\\\/\\\/www.powerdiesel.com.ar\\\/tienda\\\/?s={search_term_string}\"},\"query-input\":{\"@type\":\"PropertyValueSpecification\",\"valueRequired\":true,\"valueName\":\"search_term_string\"}}],\"inLanguage\":\"es\"}]}<\/script>\n<!-- \/ Yoast SEO plugin. -->","yoast_head_json":{"title":"Turbo Toyota Hilux 2,5 D4D 17201-30030 17201-0L030 de 2005 al 2011 sin intercooler -","robots":{"index":"index","follow":"follow","max-snippet":"max-snippet:-1","max-image-preview":"max-image-preview:large","max-video-preview":"max-video-preview:-1"},"canonical":"https:\/\/www.powerdiesel.com.ar\/tienda\/producto\/turbo-toyota-hilux-25-d4d-17201-30030-17201-0l030-de-2005-al-2011-sin-intercooler\/","og_locale":"es_ES","og_type":"article","og_title":"Turbo Toyota Hilux 2,5 D4D 17201-30030 17201-0L030 de 2005 al 2011 sin intercooler -","og_description":"DESCRIPCI\u00d3N: Turbo nuevo marca SLTURBO completo CT10 CT16 D2KD-FTV  APLICACION: \u2022 TOYOTA HILUX 2.5 de 2005 al 2011 (Para modelo SIN INTERCOOLER)  CODIGO: 17201-0L030 MARCA: SLTURBO ESTADO: Nuevo  FORMAS DE ENV\u00cdO: - MERCADO ENV\u00cdOS - DESPACHAMOS POR MICRO A TODO EL PA\u00cdS SEG\u00daN NECESIDAD DEL CLIENTE.  FORMAS DE PAGO: - MERCADO PAGO - CONSULTAR POR OTROS MEDIOS (MENOR $)  FACTURACI\u00d3N: -Emitimos Facturas A y B.  Somos POWER DIESEL. Venta de repuestos originales y alternativos","og_url":"https:\/\/www.powerdiesel.com.ar\/tienda\/producto\/turbo-toyota-hilux-25-d4d-17201-30030-17201-0l030-de-2005-al-2011-sin-intercooler\/","article_modified_time":"2026-01-28T21:17:38+00:00","og_image":[{"width":1112,"height":935,"url":"https:\/\/www.powerdiesel.com.ar\/tienda\/wp-content\/uploads\/2025\/04\/D_NQ_NP_2X_823120-MLA73989390591_012024-F.webp","type":"image\/webp"}],"twitter_card":"summary_large_image","twitter_misc":{"Tiempo de lectura":"1 minuto"},"schema":{"@context":"https:\/\/schema.org","@graph":[{"@type":"WebPage","@id":"https:\/\/www.powerdiesel.com.ar\/tienda\/producto\/turbo-toyota-hilux-25-d4d-17201-30030-17201-0l030-de-2005-al-2011-sin-intercooler\/","url":"https:\/\/www.powerdiesel.com.ar\/tienda\/producto\/turbo-toyota-hilux-25-d4d-17201-30030-17201-0l030-de-2005-al-2011-sin-intercooler\/","name":"Turbo Toyota Hilux 2,5 D4D 17201-30030 17201-0L030 de 2005 al 2011 sin intercooler -","isPartOf":{"@id":"https:\/\/www.powerdiesel.com.ar\/tienda\/#website"},"primaryImageOfPage":{"@id":"https:\/\/www.powerdiesel.com.ar\/tienda\/producto\/turbo-toyota-hilux-25-d4d-17201-30030-17201-0l030-de-2005-al-2011-sin-intercooler\/#primaryimage"},"image":{"@id":"https:\/\/www.powerdiesel.com.ar\/tienda\/producto\/turbo-toyota-hilux-25-d4d-17201-30030-17201-0l030-de-2005-al-2011-sin-intercooler\/#primaryimage"},"thumbnailUrl":"https:\/\/www.powerdiesel.com.ar\/tienda\/wp-content\/uploads\/2025\/04\/D_NQ_NP_2X_823120-MLA73989390591_012024-F.webp","datePublished":"2025-04-26T21:46:40+00:00","dateModified":"2026-01-28T21:17:38+00:00","breadcrumb":{"@id":"https:\/\/www.powerdiesel.com.ar\/tienda\/producto\/turbo-toyota-hilux-25-d4d-17201-30030-17201-0l030-de-2005-al-2011-sin-intercooler\/#breadcrumb"},"inLanguage":"es","potentialAction":[{"@type":"ReadAction","target":["https:\/\/www.powerdiesel.com.ar\/tienda\/producto\/turbo-toyota-hilux-25-d4d-17201-30030-17201-0l030-de-2005-al-2011-sin-intercooler\/"]}]},{"@type":"ImageObject","inLanguage":"es","@id":"https:\/\/www.powerdiesel.com.ar\/tienda\/producto\/turbo-toyota-hilux-25-d4d-17201-30030-17201-0l030-de-2005-al-2011-sin-intercooler\/#primaryimage","url":"https:\/\/www.powerdiesel.com.ar\/tienda\/wp-content\/uploads\/2025\/04\/D_NQ_NP_2X_823120-MLA73989390591_012024-F.webp","contentUrl":"https:\/\/www.powerdiesel.com.ar\/tienda\/wp-content\/uploads\/2025\/04\/D_NQ_NP_2X_823120-MLA73989390591_012024-F.webp","width":1112,"height":935},{"@type":"BreadcrumbList","@id":"https:\/\/www.powerdiesel.com.ar\/tienda\/producto\/turbo-toyota-hilux-25-d4d-17201-30030-17201-0l030-de-2005-al-2011-sin-intercooler\/#breadcrumb","itemListElement":[{"@type":"ListItem","position":1,"name":"Portada","item":"https:\/\/www.powerdiesel.com.ar\/tienda\/"},{"@type":"ListItem","position":2,"name":"Repuestos","item":"https:\/\/www.powerdiesel.com.ar\/tienda\/"},{"@type":"ListItem","position":3,"name":"Turbo Toyota Hilux 2,5 D4D 17201-30030 17201-0L030 de 2005 al 2011 sin intercooler"}]},{"@type":"WebSite","@id":"https:\/\/www.powerdiesel.com.ar\/tienda\/#website","url":"https:\/\/www.powerdiesel.com.ar\/tienda\/","name":"","description":"Compra Asegurada!","potentialAction":[{"@type":"SearchAction","target":{"@type":"EntryPoint","urlTemplate":"https:\/\/www.powerdiesel.com.ar\/tienda\/?s={search_term_string}"},"query-input":{"@type":"PropertyValueSpecification","valueRequired":true,"valueName":"search_term_string"}}],"inLanguage":"es"}]}},"_links":{"self":[{"href":"https:\/\/www.powerdiesel.com.ar\/tienda\/wp-json\/wp\/v2\/product\/5372","targetHints":{"allow":["GET"]}}],"collection":[{"href":"https:\/\/www.powerdiesel.com.ar\/tienda\/wp-json\/wp\/v2\/product"}],"about":[{"href":"https:\/\/www.powerdiesel.com.ar\/tienda\/wp-json\/wp\/v2\/types\/product"}],"wp:featuredmedia":[{"embeddable":true,"href":"https:\/\/www.powerdiesel.com.ar\/tienda\/wp-json\/wp\/v2\/media\/5354"}],"wp:attachment":[{"href":"https:\/\/www.powerdiesel.com.ar\/tienda\/wp-json\/wp\/v2\/media?parent=5372"}],"wp:term":[{"taxonomy":"product_brand","embeddable":true,"href":"https:\/\/www.powerdiesel.com.ar\/tienda\/wp-json\/wp\/v2\/product_brand?post=5372"},{"taxonomy":"product_cat","embeddable":true,"href":"https:\/\/www.powerdiesel.com.ar\/tienda\/wp-json\/wp\/v2\/product_cat?post=5372"},{"taxonomy":"product_tag","embeddable":true,"href":"https:\/\/www.powerdiesel.com.ar\/tienda\/wp-json\/wp\/v2\/product_tag?post=5372"}],"curies":[{"name":"wp","href":"https:\/\/api.w.org\/{rel}","templated":true}]}}