{"id":5260,"date":"2025-04-04T23:53:06","date_gmt":"2025-04-05T02:53:06","guid":{"rendered":"https:\/\/www.powerdiesel.com.ar\/tienda\/?post_type=product&#038;p=5260"},"modified":"2025-04-04T23:57:13","modified_gmt":"2025-04-05T02:57:13","slug":"inyector-bomba-volkswagen-bora-1-9-tdi-0414720215-usados","status":"publish","type":"product","link":"https:\/\/www.powerdiesel.com.ar\/tienda\/producto\/inyector-bomba-volkswagen-bora-1-9-tdi-0414720215-usados\/","title":{"rendered":"Inyector Bomba Volkswagen Bora 1.9 TDI 0414720215 USADOS"},"content":{"rendered":"<table class=\"table table-striped push-top\">\n<tbody>\n<tr>\n<th>Marca:<\/th>\n<td>Bosch<\/td>\n<\/tr>\n<tr>\n<th>Estado<\/th>\n<td>Usados [CONTROLADOS]<\/td>\n<\/tr>\n<tr>\n<th>Garantia<\/th>\n<td>30 dias<\/td>\n<\/tr>\n<tr>\n<th>Aplicacion:<\/th>\n<td>Volkswagen Bora 1.9 TDI<\/td>\n<\/tr>\n<\/tbody>\n<\/table>\n","protected":false},"excerpt":{"rendered":"<p>Inyector Bomba &#8211;<strong><span style=\"color: #ff0000;\"> Articulo<\/span> <span style=\"color: #ff0000;\">USADO Y CONTROLADO.<\/span><\/strong><\/p>\n<p><b>Aplicacion:<br \/>\n<\/b>\u2022 Volkswagen Bora 1.9 TDI<br \/>\n\u2022 Volkswagen Vento 1.9 TDI<\/p>\n<p><b>Numero de pieza:<\/b> 0414720215 \/ 0414720214 \/ 0414720265 \/ 0414720115 \/ 0414720223<br \/>\n<b>N\u00famero de pieza del fabricante:<\/b> 038130073BP\/AG\/NX<\/p>\n<p>&#8212;&#8212;&#8212;&#8212;&#8212;&#8212;&#8212;&#8212;&#8212;&#8212;&#8212;&#8212;&#8212;&#8212;&#8212;&#8212;&#8212;&#8212;&#8212;<br \/>\nFORMAS DE ENV\u00cdO:<\/p>\n<p>-Env\u00edos a todo el pa\u00eds por Mercado Env\u00edos O Micro<br \/>\nNota: Embalamos tus productos de forma segura para no sufrir da\u00f1os en \u00e9l envi\u00f3.<br \/>\n&#8212;&#8212;&#8212;&#8212;&#8212;&#8212;&#8212;&#8212;&#8212;&#8212;&#8212;&#8212;&#8212;&#8212;&#8212;&#8212;&#8212;&#8212;&#8212;<br \/>\nUBICACI\u00d3N:<br \/>\nEstamos ubicados en Rosario (Santa Fe) Zona sur<br \/>\n&#8212;&#8212;&#8212;&#8212;&#8212;&#8212;&#8212;&#8212;&#8212;&#8212;&#8212;&#8212;&#8212;&#8212;&#8212;&#8212;&#8212;&#8212;&#8212;<br \/>\nHORARIOS:<br \/>\n-Lunes a Viernes de 09:00 a 18:00Hs<br \/>\n&#8212;&#8212;&#8212;&#8212;&#8212;&#8212;&#8212;&#8212;&#8212;&#8212;&#8212;&#8212;&#8212;&#8212;&#8212;&#8212;&#8212;&#8212;&#8212;<\/p>\n","protected":false},"featured_media":5261,"template":"","meta":{"_joinchat":[]},"product_brand":[],"product_cat":[30,38],"product_tag":[166,165,164],"class_list":{"0":"post-5260","1":"product","2":"type-product","3":"status-publish","4":"has-post-thumbnail","6":"product_cat-inyectores-bosch","7":"product_cat-inyectores-comon-rail","8":"product_tag-166","9":"product_tag-bora-1-9","10":"product_tag-inyector-bomba","12":"first","13":"instock","14":"taxable","15":"shipping-taxable","16":"purchasable","17":"product-type-simple"},"yoast_head":"<!-- This site is optimized with the Yoast SEO plugin v27.5 - https:\/\/yoast.com\/product\/yoast-seo-wordpress\/ -->\n<title>Inyector Bomba Volkswagen Bora 1.9 TDI 0414720215 USADOS -<\/title>\n<meta name=\"description\" content=\"Inyector bomba para VW Bora Vento 1.9 TDI 038130073AG \/ 0414720215. Realizamos envios a todo el pais por correo o encomienda.\" \/>\n<meta name=\"robots\" content=\"index, follow, max-snippet:-1, max-image-preview:large, max-video-preview:-1\" \/>\n<link rel=\"canonical\" href=\"https:\/\/www.powerdiesel.com.ar\/tienda\/producto\/inyector-bomba-volkswagen-bora-1-9-tdi-0414720215-usados\/\" \/>\n<meta property=\"og:locale\" content=\"es_ES\" \/>\n<meta property=\"og:type\" content=\"article\" \/>\n<meta property=\"og:title\" content=\"Inyector Bomba Volkswagen Bora 1.9 TDI 0414720215 USADOS -\" \/>\n<meta property=\"og:description\" content=\"Inyector bomba para VW Bora Vento 1.9 TDI 038130073AG \/ 0414720215. Realizamos envios a todo el pais por correo o encomienda.\" \/>\n<meta property=\"og:url\" content=\"https:\/\/www.powerdiesel.com.ar\/tienda\/producto\/inyector-bomba-volkswagen-bora-1-9-tdi-0414720215-usados\/\" \/>\n<meta property=\"article:modified_time\" content=\"2025-04-05T02:57:13+00:00\" \/>\n<meta property=\"og:image\" content=\"https:\/\/www.powerdiesel.com.ar\/tienda\/wp-content\/uploads\/2025\/04\/61GgDXQN0BL._AC_SL1500_.jpg\" \/>\n\t<meta property=\"og:image:width\" content=\"1397\" \/>\n\t<meta property=\"og:image:height\" content=\"1433\" \/>\n\t<meta property=\"og:image:type\" content=\"image\/jpeg\" \/>\n<meta name=\"twitter:card\" content=\"summary_large_image\" \/>\n<meta name=\"twitter:label1\" content=\"Tiempo de lectura\" \/>\n\t<meta name=\"twitter:data1\" content=\"1 minuto\" \/>\n<script type=\"application\/ld+json\" class=\"yoast-schema-graph\">{\"@context\":\"https:\\\/\\\/schema.org\",\"@graph\":[{\"@type\":\"WebPage\",\"@id\":\"https:\\\/\\\/www.powerdiesel.com.ar\\\/tienda\\\/producto\\\/inyector-bomba-volkswagen-bora-1-9-tdi-0414720215-usados\\\/\",\"url\":\"https:\\\/\\\/www.powerdiesel.com.ar\\\/tienda\\\/producto\\\/inyector-bomba-volkswagen-bora-1-9-tdi-0414720215-usados\\\/\",\"name\":\"Inyector Bomba Volkswagen Bora 1.9 TDI 0414720215 USADOS -\",\"isPartOf\":{\"@id\":\"https:\\\/\\\/www.powerdiesel.com.ar\\\/tienda\\\/#website\"},\"primaryImageOfPage\":{\"@id\":\"https:\\\/\\\/www.powerdiesel.com.ar\\\/tienda\\\/producto\\\/inyector-bomba-volkswagen-bora-1-9-tdi-0414720215-usados\\\/#primaryimage\"},\"image\":{\"@id\":\"https:\\\/\\\/www.powerdiesel.com.ar\\\/tienda\\\/producto\\\/inyector-bomba-volkswagen-bora-1-9-tdi-0414720215-usados\\\/#primaryimage\"},\"thumbnailUrl\":\"https:\\\/\\\/www.powerdiesel.com.ar\\\/tienda\\\/wp-content\\\/uploads\\\/2025\\\/04\\\/61GgDXQN0BL._AC_SL1500_.jpg\",\"datePublished\":\"2025-04-05T02:53:06+00:00\",\"dateModified\":\"2025-04-05T02:57:13+00:00\",\"description\":\"Inyector bomba para VW Bora Vento 1.9 TDI 038130073AG \\\/ 0414720215. Realizamos envios a todo el pais por correo o encomienda.\",\"breadcrumb\":{\"@id\":\"https:\\\/\\\/www.powerdiesel.com.ar\\\/tienda\\\/producto\\\/inyector-bomba-volkswagen-bora-1-9-tdi-0414720215-usados\\\/#breadcrumb\"},\"inLanguage\":\"es\",\"potentialAction\":[{\"@type\":\"ReadAction\",\"target\":[\"https:\\\/\\\/www.powerdiesel.com.ar\\\/tienda\\\/producto\\\/inyector-bomba-volkswagen-bora-1-9-tdi-0414720215-usados\\\/\"]}]},{\"@type\":\"ImageObject\",\"inLanguage\":\"es\",\"@id\":\"https:\\\/\\\/www.powerdiesel.com.ar\\\/tienda\\\/producto\\\/inyector-bomba-volkswagen-bora-1-9-tdi-0414720215-usados\\\/#primaryimage\",\"url\":\"https:\\\/\\\/www.powerdiesel.com.ar\\\/tienda\\\/wp-content\\\/uploads\\\/2025\\\/04\\\/61GgDXQN0BL._AC_SL1500_.jpg\",\"contentUrl\":\"https:\\\/\\\/www.powerdiesel.com.ar\\\/tienda\\\/wp-content\\\/uploads\\\/2025\\\/04\\\/61GgDXQN0BL._AC_SL1500_.jpg\",\"width\":1397,\"height\":1433},{\"@type\":\"BreadcrumbList\",\"@id\":\"https:\\\/\\\/www.powerdiesel.com.ar\\\/tienda\\\/producto\\\/inyector-bomba-volkswagen-bora-1-9-tdi-0414720215-usados\\\/#breadcrumb\",\"itemListElement\":[{\"@type\":\"ListItem\",\"position\":1,\"name\":\"Portada\",\"item\":\"https:\\\/\\\/www.powerdiesel.com.ar\\\/tienda\\\/\"},{\"@type\":\"ListItem\",\"position\":2,\"name\":\"Repuestos\",\"item\":\"https:\\\/\\\/www.powerdiesel.com.ar\\\/tienda\\\/\"},{\"@type\":\"ListItem\",\"position\":3,\"name\":\"Inyector Bomba Volkswagen Bora 1.9 TDI 0414720215 USADOS\"}]},{\"@type\":\"WebSite\",\"@id\":\"https:\\\/\\\/www.powerdiesel.com.ar\\\/tienda\\\/#website\",\"url\":\"https:\\\/\\\/www.powerdiesel.com.ar\\\/tienda\\\/\",\"name\":\"\",\"description\":\"Compra Asegurada!\",\"potentialAction\":[{\"@type\":\"SearchAction\",\"target\":{\"@type\":\"EntryPoint\",\"urlTemplate\":\"https:\\\/\\\/www.powerdiesel.com.ar\\\/tienda\\\/?s={search_term_string}\"},\"query-input\":{\"@type\":\"PropertyValueSpecification\",\"valueRequired\":true,\"valueName\":\"search_term_string\"}}],\"inLanguage\":\"es\"}]}<\/script>\n<!-- \/ Yoast SEO plugin. -->","yoast_head_json":{"title":"Inyector Bomba Volkswagen Bora 1.9 TDI 0414720215 USADOS -","description":"Inyector bomba para VW Bora Vento 1.9 TDI 038130073AG \/ 0414720215. Realizamos envios a todo el pais por correo o encomienda.","robots":{"index":"index","follow":"follow","max-snippet":"max-snippet:-1","max-image-preview":"max-image-preview:large","max-video-preview":"max-video-preview:-1"},"canonical":"https:\/\/www.powerdiesel.com.ar\/tienda\/producto\/inyector-bomba-volkswagen-bora-1-9-tdi-0414720215-usados\/","og_locale":"es_ES","og_type":"article","og_title":"Inyector Bomba Volkswagen Bora 1.9 TDI 0414720215 USADOS -","og_description":"Inyector bomba para VW Bora Vento 1.9 TDI 038130073AG \/ 0414720215. Realizamos envios a todo el pais por correo o encomienda.","og_url":"https:\/\/www.powerdiesel.com.ar\/tienda\/producto\/inyector-bomba-volkswagen-bora-1-9-tdi-0414720215-usados\/","article_modified_time":"2025-04-05T02:57:13+00:00","og_image":[{"width":1397,"height":1433,"url":"https:\/\/www.powerdiesel.com.ar\/tienda\/wp-content\/uploads\/2025\/04\/61GgDXQN0BL._AC_SL1500_.jpg","type":"image\/jpeg"}],"twitter_card":"summary_large_image","twitter_misc":{"Tiempo de lectura":"1 minuto"},"schema":{"@context":"https:\/\/schema.org","@graph":[{"@type":"WebPage","@id":"https:\/\/www.powerdiesel.com.ar\/tienda\/producto\/inyector-bomba-volkswagen-bora-1-9-tdi-0414720215-usados\/","url":"https:\/\/www.powerdiesel.com.ar\/tienda\/producto\/inyector-bomba-volkswagen-bora-1-9-tdi-0414720215-usados\/","name":"Inyector Bomba Volkswagen Bora 1.9 TDI 0414720215 USADOS -","isPartOf":{"@id":"https:\/\/www.powerdiesel.com.ar\/tienda\/#website"},"primaryImageOfPage":{"@id":"https:\/\/www.powerdiesel.com.ar\/tienda\/producto\/inyector-bomba-volkswagen-bora-1-9-tdi-0414720215-usados\/#primaryimage"},"image":{"@id":"https:\/\/www.powerdiesel.com.ar\/tienda\/producto\/inyector-bomba-volkswagen-bora-1-9-tdi-0414720215-usados\/#primaryimage"},"thumbnailUrl":"https:\/\/www.powerdiesel.com.ar\/tienda\/wp-content\/uploads\/2025\/04\/61GgDXQN0BL._AC_SL1500_.jpg","datePublished":"2025-04-05T02:53:06+00:00","dateModified":"2025-04-05T02:57:13+00:00","description":"Inyector bomba para VW Bora Vento 1.9 TDI 038130073AG \/ 0414720215. Realizamos envios a todo el pais por correo o encomienda.","breadcrumb":{"@id":"https:\/\/www.powerdiesel.com.ar\/tienda\/producto\/inyector-bomba-volkswagen-bora-1-9-tdi-0414720215-usados\/#breadcrumb"},"inLanguage":"es","potentialAction":[{"@type":"ReadAction","target":["https:\/\/www.powerdiesel.com.ar\/tienda\/producto\/inyector-bomba-volkswagen-bora-1-9-tdi-0414720215-usados\/"]}]},{"@type":"ImageObject","inLanguage":"es","@id":"https:\/\/www.powerdiesel.com.ar\/tienda\/producto\/inyector-bomba-volkswagen-bora-1-9-tdi-0414720215-usados\/#primaryimage","url":"https:\/\/www.powerdiesel.com.ar\/tienda\/wp-content\/uploads\/2025\/04\/61GgDXQN0BL._AC_SL1500_.jpg","contentUrl":"https:\/\/www.powerdiesel.com.ar\/tienda\/wp-content\/uploads\/2025\/04\/61GgDXQN0BL._AC_SL1500_.jpg","width":1397,"height":1433},{"@type":"BreadcrumbList","@id":"https:\/\/www.powerdiesel.com.ar\/tienda\/producto\/inyector-bomba-volkswagen-bora-1-9-tdi-0414720215-usados\/#breadcrumb","itemListElement":[{"@type":"ListItem","position":1,"name":"Portada","item":"https:\/\/www.powerdiesel.com.ar\/tienda\/"},{"@type":"ListItem","position":2,"name":"Repuestos","item":"https:\/\/www.powerdiesel.com.ar\/tienda\/"},{"@type":"ListItem","position":3,"name":"Inyector Bomba Volkswagen Bora 1.9 TDI 0414720215 USADOS"}]},{"@type":"WebSite","@id":"https:\/\/www.powerdiesel.com.ar\/tienda\/#website","url":"https:\/\/www.powerdiesel.com.ar\/tienda\/","name":"","description":"Compra Asegurada!","potentialAction":[{"@type":"SearchAction","target":{"@type":"EntryPoint","urlTemplate":"https:\/\/www.powerdiesel.com.ar\/tienda\/?s={search_term_string}"},"query-input":{"@type":"PropertyValueSpecification","valueRequired":true,"valueName":"search_term_string"}}],"inLanguage":"es"}]}},"_links":{"self":[{"href":"https:\/\/www.powerdiesel.com.ar\/tienda\/wp-json\/wp\/v2\/product\/5260","targetHints":{"allow":["GET"]}}],"collection":[{"href":"https:\/\/www.powerdiesel.com.ar\/tienda\/wp-json\/wp\/v2\/product"}],"about":[{"href":"https:\/\/www.powerdiesel.com.ar\/tienda\/wp-json\/wp\/v2\/types\/product"}],"wp:featuredmedia":[{"embeddable":true,"href":"https:\/\/www.powerdiesel.com.ar\/tienda\/wp-json\/wp\/v2\/media\/5261"}],"wp:attachment":[{"href":"https:\/\/www.powerdiesel.com.ar\/tienda\/wp-json\/wp\/v2\/media?parent=5260"}],"wp:term":[{"taxonomy":"product_brand","embeddable":true,"href":"https:\/\/www.powerdiesel.com.ar\/tienda\/wp-json\/wp\/v2\/product_brand?post=5260"},{"taxonomy":"product_cat","embeddable":true,"href":"https:\/\/www.powerdiesel.com.ar\/tienda\/wp-json\/wp\/v2\/product_cat?post=5260"},{"taxonomy":"product_tag","embeddable":true,"href":"https:\/\/www.powerdiesel.com.ar\/tienda\/wp-json\/wp\/v2\/product_tag?post=5260"}],"curies":[{"name":"wp","href":"https:\/\/api.w.org\/{rel}","templated":true}]}}