{"id":5030,"date":"2022-04-10T18:44:51","date_gmt":"2022-04-10T21:44:51","guid":{"rendered":"https:\/\/www.powerdiesel.com.ar\/tienda\/producto\/turbo-garrett-ford-transit-22-duratorq-eurov-gtb1749v-jrone\/"},"modified":"2026-01-28T17:43:38","modified_gmt":"2026-01-28T20:43:38","slug":"turbo-garrett-ford-transit-22-duratorq-eurov-gtb1749v-jrone","status":"publish","type":"product","link":"https:\/\/www.powerdiesel.com.ar\/tienda\/producto\/turbo-garrett-ford-transit-22-duratorq-eurov-gtb1749v-jrone\/","title":{"rendered":"Turbo Garrett Ford Transit 2,2 Duratorq Eurov Gtb1749v Jrone"},"content":{"rendered":"<p>Marca: JRONE<br \/>\nEstado:\tNuevo cerrado en caja<br \/>\nGarantia: Si, Cambio por falla<\/p>\n<p>SLTURBO-JRONE-TURBOLAR fabrica bajo la misma norma alemana TUV TS16949 que los fabricantes originales<br \/>\n&#8211; Las m\u00e1s vendida del pa\u00eds, con garant\u00eda y representaci\u00f3n oficial en ARGENTINA<\/p>\n","protected":false},"excerpt":{"rendered":"<p>Nos dedicamos a la venta componentes de inyecci\u00f3n di\u00e9sel, trabajamos con las mejores marcas!<\/p>\n<p>DESCRIPCI\u00d3N:<br \/>\nTurbo Nuevo Ford Transit 2,2 Duratorq EuroV 787556-0016<\/p>\n<p>MARCA: JRONE<br \/>\nTURBO PARTE: 8G17-300-939 \/\/ 787556-0016<br \/>\nMODELO: GTB1749VK<br \/>\nCODIGO: 185-147<br \/>\nESTADO: Nuevo, cerrado en caja<\/p>\n<p>FORMAS DE ENV\u00cdO:<br \/>\n&#8211; MERCADO ENV\u00cdOS<br \/>\n&#8211; DESPACHAMOS POR MICRO A TODO EL PA\u00cdS SEG\u00daN NECESIDAD DEL CLIENTE.<\/p>\n<p>FORMAS DE PAGO:<br \/>\n&#8211; MERCADO PAGO<br \/>\n&#8211; CONSULTAR POR OTROS MEDIOS (MENOR PRECIO)<\/p>\n<p>FACTURACI\u00d3N:<br \/>\n-Emitimos Facturas A y B.<\/p>\n<p>Somos POWER DIESEL.<br \/>\nVenta de repuestos originales y alternativos<\/p>\n","protected":false},"featured_media":5022,"template":"","meta":{"_joinchat":[]},"product_brand":[],"product_cat":[23],"product_tag":[],"class_list":{"0":"post-5030","1":"product","2":"type-product","3":"status-publish","4":"has-post-thumbnail","6":"product_cat-nucleos","8":"first","9":"instock","10":"taxable","11":"shipping-taxable","12":"product-type-simple"},"yoast_head":"<!-- This site is optimized with the Yoast SEO plugin v27.3 - https:\/\/yoast.com\/product\/yoast-seo-wordpress\/ -->\n<title>Turbo Garrett Ford Transit 2,2 Duratorq Eurov Gtb1749v Jrone -<\/title>\n<meta name=\"robots\" content=\"index, follow, max-snippet:-1, max-image-preview:large, max-video-preview:-1\" \/>\n<link rel=\"canonical\" href=\"https:\/\/www.powerdiesel.com.ar\/tienda\/producto\/turbo-garrett-ford-transit-22-duratorq-eurov-gtb1749v-jrone\/\" \/>\n<meta property=\"og:locale\" content=\"es_ES\" \/>\n<meta property=\"og:type\" content=\"article\" \/>\n<meta property=\"og:title\" content=\"Turbo Garrett Ford Transit 2,2 Duratorq Eurov Gtb1749v Jrone -\" \/>\n<meta property=\"og:description\" content=\"Nos dedicamos a la venta componentes de inyecci\u00f3n di\u00e9sel, trabajamos con las mejores marcas! DESCRIPCI\u00d3N: Turbo Nuevo Ford Transit 2,2 Duratorq EuroV 787556-0016 MARCA: JRONE TURBO PARTE: 8G17-300-939 \/\/ 787556-0016 MODELO: GTB1749VK CODIGO: 185-147 ESTADO: Nuevo, cerrado en caja FORMAS DE ENV\u00cdO: - MERCADO ENV\u00cdOS - DESPACHAMOS POR MICRO A TODO EL PA\u00cdS SEG\u00daN NECESIDAD DEL CLIENTE. FORMAS DE PAGO: - MERCADO PAGO - CONSULTAR POR OTROS MEDIOS (MENOR PRECIO) FACTURACI\u00d3N: -Emitimos Facturas A y B. Somos POWER DIESEL. Venta de repuestos originales y alternativos\" \/>\n<meta property=\"og:url\" content=\"https:\/\/www.powerdiesel.com.ar\/tienda\/producto\/turbo-garrett-ford-transit-22-duratorq-eurov-gtb1749v-jrone\/\" \/>\n<meta property=\"article:modified_time\" content=\"2026-01-28T20:43:38+00:00\" \/>\n<meta name=\"twitter:card\" content=\"summary_large_image\" \/>\n<script type=\"application\/ld+json\" class=\"yoast-schema-graph\">{\"@context\":\"https:\\\/\\\/schema.org\",\"@graph\":[{\"@type\":\"WebPage\",\"@id\":\"https:\\\/\\\/www.powerdiesel.com.ar\\\/tienda\\\/producto\\\/turbo-garrett-ford-transit-22-duratorq-eurov-gtb1749v-jrone\\\/\",\"url\":\"https:\\\/\\\/www.powerdiesel.com.ar\\\/tienda\\\/producto\\\/turbo-garrett-ford-transit-22-duratorq-eurov-gtb1749v-jrone\\\/\",\"name\":\"Turbo Garrett Ford Transit 2,2 Duratorq Eurov Gtb1749v Jrone -\",\"isPartOf\":{\"@id\":\"https:\\\/\\\/www.powerdiesel.com.ar\\\/tienda\\\/#website\"},\"primaryImageOfPage\":{\"@id\":\"https:\\\/\\\/www.powerdiesel.com.ar\\\/tienda\\\/producto\\\/turbo-garrett-ford-transit-22-duratorq-eurov-gtb1749v-jrone\\\/#primaryimage\"},\"image\":{\"@id\":\"https:\\\/\\\/www.powerdiesel.com.ar\\\/tienda\\\/producto\\\/turbo-garrett-ford-transit-22-duratorq-eurov-gtb1749v-jrone\\\/#primaryimage\"},\"thumbnailUrl\":\"https:\\\/\\\/www.powerdiesel.com.ar\\\/tienda\\\/wp-content\\\/uploads\\\/2022\\\/04\\\/D_944801-MLA45045562265_032021-F.jpg\",\"datePublished\":\"2022-04-10T21:44:51+00:00\",\"dateModified\":\"2026-01-28T20:43:38+00:00\",\"breadcrumb\":{\"@id\":\"https:\\\/\\\/www.powerdiesel.com.ar\\\/tienda\\\/producto\\\/turbo-garrett-ford-transit-22-duratorq-eurov-gtb1749v-jrone\\\/#breadcrumb\"},\"inLanguage\":\"es\",\"potentialAction\":[{\"@type\":\"ReadAction\",\"target\":[\"https:\\\/\\\/www.powerdiesel.com.ar\\\/tienda\\\/producto\\\/turbo-garrett-ford-transit-22-duratorq-eurov-gtb1749v-jrone\\\/\"]}]},{\"@type\":\"ImageObject\",\"inLanguage\":\"es\",\"@id\":\"https:\\\/\\\/www.powerdiesel.com.ar\\\/tienda\\\/producto\\\/turbo-garrett-ford-transit-22-duratorq-eurov-gtb1749v-jrone\\\/#primaryimage\",\"url\":\"https:\\\/\\\/www.powerdiesel.com.ar\\\/tienda\\\/wp-content\\\/uploads\\\/2022\\\/04\\\/D_944801-MLA45045562265_032021-F.jpg\",\"contentUrl\":\"https:\\\/\\\/www.powerdiesel.com.ar\\\/tienda\\\/wp-content\\\/uploads\\\/2022\\\/04\\\/D_944801-MLA45045562265_032021-F.jpg\",\"width\":1200,\"height\":900},{\"@type\":\"BreadcrumbList\",\"@id\":\"https:\\\/\\\/www.powerdiesel.com.ar\\\/tienda\\\/producto\\\/turbo-garrett-ford-transit-22-duratorq-eurov-gtb1749v-jrone\\\/#breadcrumb\",\"itemListElement\":[{\"@type\":\"ListItem\",\"position\":1,\"name\":\"Portada\",\"item\":\"https:\\\/\\\/www.powerdiesel.com.ar\\\/tienda\\\/\"},{\"@type\":\"ListItem\",\"position\":2,\"name\":\"Repuestos\",\"item\":\"https:\\\/\\\/www.powerdiesel.com.ar\\\/tienda\\\/\"},{\"@type\":\"ListItem\",\"position\":3,\"name\":\"Turbo Garrett Ford Transit 2,2 Duratorq Eurov Gtb1749v Jrone\"}]},{\"@type\":\"WebSite\",\"@id\":\"https:\\\/\\\/www.powerdiesel.com.ar\\\/tienda\\\/#website\",\"url\":\"https:\\\/\\\/www.powerdiesel.com.ar\\\/tienda\\\/\",\"name\":\"\",\"description\":\"Compra Asegurada!\",\"potentialAction\":[{\"@type\":\"SearchAction\",\"target\":{\"@type\":\"EntryPoint\",\"urlTemplate\":\"https:\\\/\\\/www.powerdiesel.com.ar\\\/tienda\\\/?s={search_term_string}\"},\"query-input\":{\"@type\":\"PropertyValueSpecification\",\"valueRequired\":true,\"valueName\":\"search_term_string\"}}],\"inLanguage\":\"es\"}]}<\/script>\n<!-- \/ Yoast SEO plugin. -->","yoast_head_json":{"title":"Turbo Garrett Ford Transit 2,2 Duratorq Eurov Gtb1749v Jrone -","robots":{"index":"index","follow":"follow","max-snippet":"max-snippet:-1","max-image-preview":"max-image-preview:large","max-video-preview":"max-video-preview:-1"},"canonical":"https:\/\/www.powerdiesel.com.ar\/tienda\/producto\/turbo-garrett-ford-transit-22-duratorq-eurov-gtb1749v-jrone\/","og_locale":"es_ES","og_type":"article","og_title":"Turbo Garrett Ford Transit 2,2 Duratorq Eurov Gtb1749v Jrone -","og_description":"Nos dedicamos a la venta componentes de inyecci\u00f3n di\u00e9sel, trabajamos con las mejores marcas! DESCRIPCI\u00d3N: Turbo Nuevo Ford Transit 2,2 Duratorq EuroV 787556-0016 MARCA: JRONE TURBO PARTE: 8G17-300-939 \/\/ 787556-0016 MODELO: GTB1749VK CODIGO: 185-147 ESTADO: Nuevo, cerrado en caja FORMAS DE ENV\u00cdO: - MERCADO ENV\u00cdOS - DESPACHAMOS POR MICRO A TODO EL PA\u00cdS SEG\u00daN NECESIDAD DEL CLIENTE. FORMAS DE PAGO: - MERCADO PAGO - CONSULTAR POR OTROS MEDIOS (MENOR PRECIO) FACTURACI\u00d3N: -Emitimos Facturas A y B. Somos POWER DIESEL. Venta de repuestos originales y alternativos","og_url":"https:\/\/www.powerdiesel.com.ar\/tienda\/producto\/turbo-garrett-ford-transit-22-duratorq-eurov-gtb1749v-jrone\/","article_modified_time":"2026-01-28T20:43:38+00:00","twitter_card":"summary_large_image","schema":{"@context":"https:\/\/schema.org","@graph":[{"@type":"WebPage","@id":"https:\/\/www.powerdiesel.com.ar\/tienda\/producto\/turbo-garrett-ford-transit-22-duratorq-eurov-gtb1749v-jrone\/","url":"https:\/\/www.powerdiesel.com.ar\/tienda\/producto\/turbo-garrett-ford-transit-22-duratorq-eurov-gtb1749v-jrone\/","name":"Turbo Garrett Ford Transit 2,2 Duratorq Eurov Gtb1749v Jrone -","isPartOf":{"@id":"https:\/\/www.powerdiesel.com.ar\/tienda\/#website"},"primaryImageOfPage":{"@id":"https:\/\/www.powerdiesel.com.ar\/tienda\/producto\/turbo-garrett-ford-transit-22-duratorq-eurov-gtb1749v-jrone\/#primaryimage"},"image":{"@id":"https:\/\/www.powerdiesel.com.ar\/tienda\/producto\/turbo-garrett-ford-transit-22-duratorq-eurov-gtb1749v-jrone\/#primaryimage"},"thumbnailUrl":"https:\/\/www.powerdiesel.com.ar\/tienda\/wp-content\/uploads\/2022\/04\/D_944801-MLA45045562265_032021-F.jpg","datePublished":"2022-04-10T21:44:51+00:00","dateModified":"2026-01-28T20:43:38+00:00","breadcrumb":{"@id":"https:\/\/www.powerdiesel.com.ar\/tienda\/producto\/turbo-garrett-ford-transit-22-duratorq-eurov-gtb1749v-jrone\/#breadcrumb"},"inLanguage":"es","potentialAction":[{"@type":"ReadAction","target":["https:\/\/www.powerdiesel.com.ar\/tienda\/producto\/turbo-garrett-ford-transit-22-duratorq-eurov-gtb1749v-jrone\/"]}]},{"@type":"ImageObject","inLanguage":"es","@id":"https:\/\/www.powerdiesel.com.ar\/tienda\/producto\/turbo-garrett-ford-transit-22-duratorq-eurov-gtb1749v-jrone\/#primaryimage","url":"https:\/\/www.powerdiesel.com.ar\/tienda\/wp-content\/uploads\/2022\/04\/D_944801-MLA45045562265_032021-F.jpg","contentUrl":"https:\/\/www.powerdiesel.com.ar\/tienda\/wp-content\/uploads\/2022\/04\/D_944801-MLA45045562265_032021-F.jpg","width":1200,"height":900},{"@type":"BreadcrumbList","@id":"https:\/\/www.powerdiesel.com.ar\/tienda\/producto\/turbo-garrett-ford-transit-22-duratorq-eurov-gtb1749v-jrone\/#breadcrumb","itemListElement":[{"@type":"ListItem","position":1,"name":"Portada","item":"https:\/\/www.powerdiesel.com.ar\/tienda\/"},{"@type":"ListItem","position":2,"name":"Repuestos","item":"https:\/\/www.powerdiesel.com.ar\/tienda\/"},{"@type":"ListItem","position":3,"name":"Turbo Garrett Ford Transit 2,2 Duratorq Eurov Gtb1749v Jrone"}]},{"@type":"WebSite","@id":"https:\/\/www.powerdiesel.com.ar\/tienda\/#website","url":"https:\/\/www.powerdiesel.com.ar\/tienda\/","name":"","description":"Compra Asegurada!","potentialAction":[{"@type":"SearchAction","target":{"@type":"EntryPoint","urlTemplate":"https:\/\/www.powerdiesel.com.ar\/tienda\/?s={search_term_string}"},"query-input":{"@type":"PropertyValueSpecification","valueRequired":true,"valueName":"search_term_string"}}],"inLanguage":"es"}]}},"_links":{"self":[{"href":"https:\/\/www.powerdiesel.com.ar\/tienda\/wp-json\/wp\/v2\/product\/5030","targetHints":{"allow":["GET"]}}],"collection":[{"href":"https:\/\/www.powerdiesel.com.ar\/tienda\/wp-json\/wp\/v2\/product"}],"about":[{"href":"https:\/\/www.powerdiesel.com.ar\/tienda\/wp-json\/wp\/v2\/types\/product"}],"wp:featuredmedia":[{"embeddable":true,"href":"https:\/\/www.powerdiesel.com.ar\/tienda\/wp-json\/wp\/v2\/media\/5022"}],"wp:attachment":[{"href":"https:\/\/www.powerdiesel.com.ar\/tienda\/wp-json\/wp\/v2\/media?parent=5030"}],"wp:term":[{"taxonomy":"product_brand","embeddable":true,"href":"https:\/\/www.powerdiesel.com.ar\/tienda\/wp-json\/wp\/v2\/product_brand?post=5030"},{"taxonomy":"product_cat","embeddable":true,"href":"https:\/\/www.powerdiesel.com.ar\/tienda\/wp-json\/wp\/v2\/product_cat?post=5030"},{"taxonomy":"product_tag","embeddable":true,"href":"https:\/\/www.powerdiesel.com.ar\/tienda\/wp-json\/wp\/v2\/product_tag?post=5030"}],"curies":[{"name":"wp","href":"https:\/\/api.w.org\/{rel}","templated":true}]}}