{"id":4909,"date":"2022-04-10T18:17:34","date_gmt":"2022-04-10T21:17:34","guid":{"rendered":"https:\/\/www.powerdiesel.com.ar\/tienda\/producto\/cartucho-nucleo-central-isuzu-trooper-3-0-rhf5-jrone\/"},"modified":"2026-01-28T17:43:36","modified_gmt":"2026-01-28T20:43:36","slug":"cartucho-nucleo-central-isuzu-trooper-3-0-rhf5-jrone","status":"publish","type":"product","link":"https:\/\/www.powerdiesel.com.ar\/tienda\/producto\/cartucho-nucleo-central-isuzu-trooper-3-0-rhf5-jrone\/","title":{"rendered":"Conjunto Central Isuzu Trooper 3.0 Rhf5 8971480760 8971371098"},"content":{"rendered":"<table class=\"table table-striped push-top\">\n<tbody>\n<tr>\n<th>Marca:<\/th>\n<td>SLTURBO<\/td>\n<\/tr>\n<tr>\n<th>Estado<\/th>\n<td>Nuevo<\/td>\n<\/tr>\n<tr>\n<th>Garantia<\/th>\n<td>6 meses<\/td>\n<\/tr>\n<tr>\n<th>Aplicacion<\/th>\n<td>Isuzu Trooper 3.0 Rhf5<\/td>\n<\/tr>\n<\/tbody>\n<\/table>\n","protected":false},"excerpt":{"rendered":"<p>DESCRIPCI\u00d3N:<br \/>\nConjunto central VICF-VICC VBX50016 RHF5 Isuzu 3,0 Lts.<\/p>\n<p>MARCA: SLTURBO<br \/>\nC\u00d3DIGO: 1000-040-130<br \/>\nN\u00ba DE PARTE: VBX50016<br \/>\nTURBO OE N\u00ba: VICF<br \/>\nESTADO: Nuevo, cerrado en caja<\/p>\n<p>FORMAS DE ENV\u00cdO:<br \/>\n&#8211; MERCADO ENV\u00cdOS<br \/>\n&#8211; DESPACHAMOS POR MICRO A TODO EL PA\u00cdS SEG\u00daN NECESIDAD DEL CLIENTE.<\/p>\n<p>FORMAS DE PAGO:<br \/>\n&#8211; MERCADO PAGO<br \/>\n&#8211; CONSULTAR POR OTROS MEDIOS<\/p>\n<p>FACTURACI\u00d3N:<br \/>\n-Emitimos Facturas A y B.<\/p>\n<p>Somos POWER DIESEL.<br \/>\nVenta de repuestos originales y alternativos<\/p>\n","protected":false},"featured_media":5458,"template":"","meta":{"_joinchat":[]},"product_brand":[],"product_cat":[23],"product_tag":[],"class_list":{"0":"post-4909","1":"product","2":"type-product","3":"status-publish","4":"has-post-thumbnail","6":"product_cat-nucleos","8":"first","9":"instock","10":"taxable","11":"shipping-taxable","12":"purchasable","13":"product-type-simple"},"yoast_head":"<!-- This site is optimized with the Yoast SEO plugin v27.5 - https:\/\/yoast.com\/product\/yoast-seo-wordpress\/ -->\n<title>Conjunto Central Isuzu Trooper 3.0 Rhf5 8971480760 8971371098 -<\/title>\n<meta name=\"robots\" content=\"index, follow, max-snippet:-1, max-image-preview:large, max-video-preview:-1\" \/>\n<link rel=\"canonical\" href=\"https:\/\/www.powerdiesel.com.ar\/tienda\/producto\/cartucho-nucleo-central-isuzu-trooper-3-0-rhf5-jrone\/\" \/>\n<meta property=\"og:locale\" content=\"es_ES\" \/>\n<meta property=\"og:type\" content=\"article\" \/>\n<meta property=\"og:title\" content=\"Conjunto Central Isuzu Trooper 3.0 Rhf5 8971480760 8971371098 -\" \/>\n<meta property=\"og:description\" content=\"DESCRIPCI\u00d3N: Conjunto central VICF-VICC VBX50016 RHF5 Isuzu 3,0 Lts.  MARCA: SLTURBO C\u00d3DIGO: 1000-040-130 N\u00ba DE PARTE: VBX50016 TURBO OE N\u00ba: VICF ESTADO: Nuevo, cerrado en caja  FORMAS DE ENV\u00cdO: - MERCADO ENV\u00cdOS - DESPACHAMOS POR MICRO A TODO EL PA\u00cdS SEG\u00daN NECESIDAD DEL CLIENTE.  FORMAS DE PAGO: - MERCADO PAGO - CONSULTAR POR OTROS MEDIOS  FACTURACI\u00d3N: -Emitimos Facturas A y B.  Somos POWER DIESEL. Venta de repuestos originales y alternativos\" \/>\n<meta property=\"og:url\" content=\"https:\/\/www.powerdiesel.com.ar\/tienda\/producto\/cartucho-nucleo-central-isuzu-trooper-3-0-rhf5-jrone\/\" \/>\n<meta property=\"article:modified_time\" content=\"2026-01-28T20:43:36+00:00\" \/>\n<meta property=\"og:image\" content=\"https:\/\/www.powerdiesel.com.ar\/tienda\/wp-content\/uploads\/2022\/04\/portada2.webp\" \/>\n\t<meta property=\"og:image:width\" content=\"1500\" \/>\n\t<meta property=\"og:image:height\" content=\"1500\" \/>\n\t<meta property=\"og:image:type\" content=\"image\/webp\" \/>\n<meta name=\"twitter:card\" content=\"summary_large_image\" \/>\n<meta name=\"twitter:label1\" content=\"Tiempo de lectura\" \/>\n\t<meta name=\"twitter:data1\" content=\"1 minuto\" \/>\n<script type=\"application\/ld+json\" class=\"yoast-schema-graph\">{\"@context\":\"https:\\\/\\\/schema.org\",\"@graph\":[{\"@type\":\"WebPage\",\"@id\":\"https:\\\/\\\/www.powerdiesel.com.ar\\\/tienda\\\/producto\\\/cartucho-nucleo-central-isuzu-trooper-3-0-rhf5-jrone\\\/\",\"url\":\"https:\\\/\\\/www.powerdiesel.com.ar\\\/tienda\\\/producto\\\/cartucho-nucleo-central-isuzu-trooper-3-0-rhf5-jrone\\\/\",\"name\":\"Conjunto Central Isuzu Trooper 3.0 Rhf5 8971480760 8971371098 -\",\"isPartOf\":{\"@id\":\"https:\\\/\\\/www.powerdiesel.com.ar\\\/tienda\\\/#website\"},\"primaryImageOfPage\":{\"@id\":\"https:\\\/\\\/www.powerdiesel.com.ar\\\/tienda\\\/producto\\\/cartucho-nucleo-central-isuzu-trooper-3-0-rhf5-jrone\\\/#primaryimage\"},\"image\":{\"@id\":\"https:\\\/\\\/www.powerdiesel.com.ar\\\/tienda\\\/producto\\\/cartucho-nucleo-central-isuzu-trooper-3-0-rhf5-jrone\\\/#primaryimage\"},\"thumbnailUrl\":\"https:\\\/\\\/www.powerdiesel.com.ar\\\/tienda\\\/wp-content\\\/uploads\\\/2022\\\/04\\\/portada2.webp\",\"datePublished\":\"2022-04-10T21:17:34+00:00\",\"dateModified\":\"2026-01-28T20:43:36+00:00\",\"breadcrumb\":{\"@id\":\"https:\\\/\\\/www.powerdiesel.com.ar\\\/tienda\\\/producto\\\/cartucho-nucleo-central-isuzu-trooper-3-0-rhf5-jrone\\\/#breadcrumb\"},\"inLanguage\":\"es\",\"potentialAction\":[{\"@type\":\"ReadAction\",\"target\":[\"https:\\\/\\\/www.powerdiesel.com.ar\\\/tienda\\\/producto\\\/cartucho-nucleo-central-isuzu-trooper-3-0-rhf5-jrone\\\/\"]}]},{\"@type\":\"ImageObject\",\"inLanguage\":\"es\",\"@id\":\"https:\\\/\\\/www.powerdiesel.com.ar\\\/tienda\\\/producto\\\/cartucho-nucleo-central-isuzu-trooper-3-0-rhf5-jrone\\\/#primaryimage\",\"url\":\"https:\\\/\\\/www.powerdiesel.com.ar\\\/tienda\\\/wp-content\\\/uploads\\\/2022\\\/04\\\/portada2.webp\",\"contentUrl\":\"https:\\\/\\\/www.powerdiesel.com.ar\\\/tienda\\\/wp-content\\\/uploads\\\/2022\\\/04\\\/portada2.webp\",\"width\":1500,\"height\":1500},{\"@type\":\"BreadcrumbList\",\"@id\":\"https:\\\/\\\/www.powerdiesel.com.ar\\\/tienda\\\/producto\\\/cartucho-nucleo-central-isuzu-trooper-3-0-rhf5-jrone\\\/#breadcrumb\",\"itemListElement\":[{\"@type\":\"ListItem\",\"position\":1,\"name\":\"Portada\",\"item\":\"https:\\\/\\\/www.powerdiesel.com.ar\\\/tienda\\\/\"},{\"@type\":\"ListItem\",\"position\":2,\"name\":\"Repuestos\",\"item\":\"https:\\\/\\\/www.powerdiesel.com.ar\\\/tienda\\\/\"},{\"@type\":\"ListItem\",\"position\":3,\"name\":\"Conjunto Central Isuzu Trooper 3.0 Rhf5 8971480760 8971371098\"}]},{\"@type\":\"WebSite\",\"@id\":\"https:\\\/\\\/www.powerdiesel.com.ar\\\/tienda\\\/#website\",\"url\":\"https:\\\/\\\/www.powerdiesel.com.ar\\\/tienda\\\/\",\"name\":\"\",\"description\":\"Compra Asegurada!\",\"potentialAction\":[{\"@type\":\"SearchAction\",\"target\":{\"@type\":\"EntryPoint\",\"urlTemplate\":\"https:\\\/\\\/www.powerdiesel.com.ar\\\/tienda\\\/?s={search_term_string}\"},\"query-input\":{\"@type\":\"PropertyValueSpecification\",\"valueRequired\":true,\"valueName\":\"search_term_string\"}}],\"inLanguage\":\"es\"}]}<\/script>\n<!-- \/ Yoast SEO plugin. -->","yoast_head_json":{"title":"Conjunto Central Isuzu Trooper 3.0 Rhf5 8971480760 8971371098 -","robots":{"index":"index","follow":"follow","max-snippet":"max-snippet:-1","max-image-preview":"max-image-preview:large","max-video-preview":"max-video-preview:-1"},"canonical":"https:\/\/www.powerdiesel.com.ar\/tienda\/producto\/cartucho-nucleo-central-isuzu-trooper-3-0-rhf5-jrone\/","og_locale":"es_ES","og_type":"article","og_title":"Conjunto Central Isuzu Trooper 3.0 Rhf5 8971480760 8971371098 -","og_description":"DESCRIPCI\u00d3N: Conjunto central VICF-VICC VBX50016 RHF5 Isuzu 3,0 Lts.  MARCA: SLTURBO C\u00d3DIGO: 1000-040-130 N\u00ba DE PARTE: VBX50016 TURBO OE N\u00ba: VICF ESTADO: Nuevo, cerrado en caja  FORMAS DE ENV\u00cdO: - MERCADO ENV\u00cdOS - DESPACHAMOS POR MICRO A TODO EL PA\u00cdS SEG\u00daN NECESIDAD DEL CLIENTE.  FORMAS DE PAGO: - MERCADO PAGO - CONSULTAR POR OTROS MEDIOS  FACTURACI\u00d3N: -Emitimos Facturas A y B.  Somos POWER DIESEL. Venta de repuestos originales y alternativos","og_url":"https:\/\/www.powerdiesel.com.ar\/tienda\/producto\/cartucho-nucleo-central-isuzu-trooper-3-0-rhf5-jrone\/","article_modified_time":"2026-01-28T20:43:36+00:00","og_image":[{"width":1500,"height":1500,"url":"https:\/\/www.powerdiesel.com.ar\/tienda\/wp-content\/uploads\/2022\/04\/portada2.webp","type":"image\/webp"}],"twitter_card":"summary_large_image","twitter_misc":{"Tiempo de lectura":"1 minuto"},"schema":{"@context":"https:\/\/schema.org","@graph":[{"@type":"WebPage","@id":"https:\/\/www.powerdiesel.com.ar\/tienda\/producto\/cartucho-nucleo-central-isuzu-trooper-3-0-rhf5-jrone\/","url":"https:\/\/www.powerdiesel.com.ar\/tienda\/producto\/cartucho-nucleo-central-isuzu-trooper-3-0-rhf5-jrone\/","name":"Conjunto Central Isuzu Trooper 3.0 Rhf5 8971480760 8971371098 -","isPartOf":{"@id":"https:\/\/www.powerdiesel.com.ar\/tienda\/#website"},"primaryImageOfPage":{"@id":"https:\/\/www.powerdiesel.com.ar\/tienda\/producto\/cartucho-nucleo-central-isuzu-trooper-3-0-rhf5-jrone\/#primaryimage"},"image":{"@id":"https:\/\/www.powerdiesel.com.ar\/tienda\/producto\/cartucho-nucleo-central-isuzu-trooper-3-0-rhf5-jrone\/#primaryimage"},"thumbnailUrl":"https:\/\/www.powerdiesel.com.ar\/tienda\/wp-content\/uploads\/2022\/04\/portada2.webp","datePublished":"2022-04-10T21:17:34+00:00","dateModified":"2026-01-28T20:43:36+00:00","breadcrumb":{"@id":"https:\/\/www.powerdiesel.com.ar\/tienda\/producto\/cartucho-nucleo-central-isuzu-trooper-3-0-rhf5-jrone\/#breadcrumb"},"inLanguage":"es","potentialAction":[{"@type":"ReadAction","target":["https:\/\/www.powerdiesel.com.ar\/tienda\/producto\/cartucho-nucleo-central-isuzu-trooper-3-0-rhf5-jrone\/"]}]},{"@type":"ImageObject","inLanguage":"es","@id":"https:\/\/www.powerdiesel.com.ar\/tienda\/producto\/cartucho-nucleo-central-isuzu-trooper-3-0-rhf5-jrone\/#primaryimage","url":"https:\/\/www.powerdiesel.com.ar\/tienda\/wp-content\/uploads\/2022\/04\/portada2.webp","contentUrl":"https:\/\/www.powerdiesel.com.ar\/tienda\/wp-content\/uploads\/2022\/04\/portada2.webp","width":1500,"height":1500},{"@type":"BreadcrumbList","@id":"https:\/\/www.powerdiesel.com.ar\/tienda\/producto\/cartucho-nucleo-central-isuzu-trooper-3-0-rhf5-jrone\/#breadcrumb","itemListElement":[{"@type":"ListItem","position":1,"name":"Portada","item":"https:\/\/www.powerdiesel.com.ar\/tienda\/"},{"@type":"ListItem","position":2,"name":"Repuestos","item":"https:\/\/www.powerdiesel.com.ar\/tienda\/"},{"@type":"ListItem","position":3,"name":"Conjunto Central Isuzu Trooper 3.0 Rhf5 8971480760 8971371098"}]},{"@type":"WebSite","@id":"https:\/\/www.powerdiesel.com.ar\/tienda\/#website","url":"https:\/\/www.powerdiesel.com.ar\/tienda\/","name":"","description":"Compra Asegurada!","potentialAction":[{"@type":"SearchAction","target":{"@type":"EntryPoint","urlTemplate":"https:\/\/www.powerdiesel.com.ar\/tienda\/?s={search_term_string}"},"query-input":{"@type":"PropertyValueSpecification","valueRequired":true,"valueName":"search_term_string"}}],"inLanguage":"es"}]}},"_links":{"self":[{"href":"https:\/\/www.powerdiesel.com.ar\/tienda\/wp-json\/wp\/v2\/product\/4909","targetHints":{"allow":["GET"]}}],"collection":[{"href":"https:\/\/www.powerdiesel.com.ar\/tienda\/wp-json\/wp\/v2\/product"}],"about":[{"href":"https:\/\/www.powerdiesel.com.ar\/tienda\/wp-json\/wp\/v2\/types\/product"}],"wp:featuredmedia":[{"embeddable":true,"href":"https:\/\/www.powerdiesel.com.ar\/tienda\/wp-json\/wp\/v2\/media\/5458"}],"wp:attachment":[{"href":"https:\/\/www.powerdiesel.com.ar\/tienda\/wp-json\/wp\/v2\/media?parent=4909"}],"wp:term":[{"taxonomy":"product_brand","embeddable":true,"href":"https:\/\/www.powerdiesel.com.ar\/tienda\/wp-json\/wp\/v2\/product_brand?post=4909"},{"taxonomy":"product_cat","embeddable":true,"href":"https:\/\/www.powerdiesel.com.ar\/tienda\/wp-json\/wp\/v2\/product_cat?post=4909"},{"taxonomy":"product_tag","embeddable":true,"href":"https:\/\/www.powerdiesel.com.ar\/tienda\/wp-json\/wp\/v2\/product_tag?post=4909"}],"curies":[{"name":"wp","href":"https:\/\/api.w.org\/{rel}","templated":true}]}}