{"id":4366,"date":"2022-04-10T16:14:41","date_gmt":"2022-04-10T19:14:41","guid":{"rendered":"https:\/\/www.powerdiesel.com.ar\/tienda\/producto\/conjunto-central-gt1749v-audi-a4-a6-tdi-passat-golf-tdi\/"},"modified":"2026-01-28T17:43:29","modified_gmt":"2026-01-28T20:43:29","slug":"conjunto-central-gt1749v-audi-a4-a6-tdi-passat-golf-tdi","status":"publish","type":"product","link":"https:\/\/www.powerdiesel.com.ar\/tienda\/producto\/conjunto-central-gt1749v-audi-a4-a6-tdi-passat-golf-tdi\/","title":{"rendered":"Conjunto Central Gt1749v Audi A4 A6 Tdi Passat Golf Tdi"},"content":{"rendered":"<table class=\"table table-striped push-top\">\n<tbody>\n<tr>\n<th>Marca:<\/th>\n<td>SLTURBO<\/td>\n<\/tr>\n<tr>\n<th>Estado<\/th>\n<td>Nuevo<\/td>\n<\/tr>\n<tr>\n<th>Garantia<\/th>\n<td>6 meses<\/td>\n<\/tr>\n<tr>\n<th>Aplicacion<\/th>\n<td>Audi A3 A4 VW Passat 1,9Tdi<\/td>\n<\/tr>\n<\/tbody>\n<\/table>\n<p>SLTURBO-JRONE-TURBOLAR fabrica bajo la misma norma alemana TUV TS16949 que los fabricantes originales<br \/>\n&#8211; Las m\u00e1s vendida del pa\u00eds, con garant\u00eda y representaci\u00f3n oficial en ARGENTINA<\/p>\n","protected":false},"excerpt":{"rendered":"<p>DESCRIPCI\u00d3N:<br \/>\nConjunto cent.433395-0019 GT1749V Audi A4-A6TDI\u2013Passat\u2013Golf TDI<\/p>\n<p>MARCA: SLTURBO<br \/>\nC\u00d3DIGO: 1000-010-056<br \/>\nN\u00ba DE PARTE: 433395-0019 \/ 433395-0010<br \/>\nTURBO OE N\u00ba: 454231-0001 \/ 454231-0003 \/ 454231-0004 \/ 454231-0007 \/ 028145702H<br \/>\nESTADO: Nuevo, cerrado en caja<\/p>\n<p>FORMAS DE ENV\u00cdO:<br \/>\n&#8211; MERCADO ENV\u00cdOS<br \/>\n&#8211; DESPACHAMOS POR MICRO A TODO EL PA\u00cdS SEG\u00daN NECESIDAD DEL CLIENTE.<\/p>\n<p>FORMAS DE PAGO:<br \/>\n&#8211; MERCADO PAGO<br \/>\n&#8211; CONSULTAR POR OTROS MEDIOS<\/p>\n<p>FACTURACI\u00d3N:<br \/>\n-Emitimos Facturas A y B.<\/p>\n<p>Somos POWER DIESEL.<br \/>\nVenta de repuestos originales y alternativos<\/p>\n","protected":false},"featured_media":5458,"template":"","meta":{"_joinchat":[]},"product_brand":[],"product_cat":[23],"product_tag":[],"class_list":{"0":"post-4366","1":"product","2":"type-product","3":"status-publish","4":"has-post-thumbnail","6":"product_cat-nucleos","8":"first","9":"instock","10":"taxable","11":"shipping-taxable","12":"purchasable","13":"product-type-simple"},"yoast_head":"<!-- This site is optimized with the Yoast SEO plugin v27.5 - https:\/\/yoast.com\/product\/yoast-seo-wordpress\/ -->\n<title>Conjunto Central Gt1749v Audi A4 A6 Tdi Passat Golf Tdi -<\/title>\n<meta name=\"description\" content=\"Cartucho - nucleo central Audi A3 A4 VW Passat 1,9Tdi 454231-1 028145702H 454231-0001 Gt1749v\" \/>\n<meta name=\"robots\" content=\"index, follow, max-snippet:-1, max-image-preview:large, max-video-preview:-1\" \/>\n<link rel=\"canonical\" href=\"https:\/\/www.powerdiesel.com.ar\/tienda\/producto\/conjunto-central-gt1749v-audi-a4-a6-tdi-passat-golf-tdi\/\" \/>\n<meta property=\"og:locale\" content=\"es_ES\" \/>\n<meta property=\"og:type\" content=\"article\" \/>\n<meta property=\"og:title\" content=\"Conjunto Central Gt1749v Audi A4 A6 Tdi Passat Golf Tdi -\" \/>\n<meta property=\"og:description\" content=\"Cartucho - nucleo central Audi A3 A4 VW Passat 1,9Tdi 454231-1 028145702H 454231-0001 Gt1749v\" \/>\n<meta property=\"og:url\" content=\"https:\/\/www.powerdiesel.com.ar\/tienda\/producto\/conjunto-central-gt1749v-audi-a4-a6-tdi-passat-golf-tdi\/\" \/>\n<meta property=\"article:modified_time\" content=\"2026-01-28T20:43:29+00:00\" \/>\n<meta property=\"og:image\" content=\"https:\/\/www.powerdiesel.com.ar\/tienda\/wp-content\/uploads\/2022\/04\/portada2.webp\" \/>\n\t<meta property=\"og:image:width\" content=\"1500\" \/>\n\t<meta property=\"og:image:height\" content=\"1500\" \/>\n\t<meta property=\"og:image:type\" content=\"image\/webp\" \/>\n<meta name=\"twitter:card\" content=\"summary_large_image\" \/>\n<meta name=\"twitter:label1\" content=\"Tiempo de lectura\" \/>\n\t<meta name=\"twitter:data1\" content=\"1 minuto\" \/>\n<script type=\"application\/ld+json\" class=\"yoast-schema-graph\">{\"@context\":\"https:\\\/\\\/schema.org\",\"@graph\":[{\"@type\":\"WebPage\",\"@id\":\"https:\\\/\\\/www.powerdiesel.com.ar\\\/tienda\\\/producto\\\/conjunto-central-gt1749v-audi-a4-a6-tdi-passat-golf-tdi\\\/\",\"url\":\"https:\\\/\\\/www.powerdiesel.com.ar\\\/tienda\\\/producto\\\/conjunto-central-gt1749v-audi-a4-a6-tdi-passat-golf-tdi\\\/\",\"name\":\"Conjunto Central Gt1749v Audi A4 A6 Tdi Passat Golf Tdi -\",\"isPartOf\":{\"@id\":\"https:\\\/\\\/www.powerdiesel.com.ar\\\/tienda\\\/#website\"},\"primaryImageOfPage\":{\"@id\":\"https:\\\/\\\/www.powerdiesel.com.ar\\\/tienda\\\/producto\\\/conjunto-central-gt1749v-audi-a4-a6-tdi-passat-golf-tdi\\\/#primaryimage\"},\"image\":{\"@id\":\"https:\\\/\\\/www.powerdiesel.com.ar\\\/tienda\\\/producto\\\/conjunto-central-gt1749v-audi-a4-a6-tdi-passat-golf-tdi\\\/#primaryimage\"},\"thumbnailUrl\":\"https:\\\/\\\/www.powerdiesel.com.ar\\\/tienda\\\/wp-content\\\/uploads\\\/2022\\\/04\\\/portada2.webp\",\"datePublished\":\"2022-04-10T19:14:41+00:00\",\"dateModified\":\"2026-01-28T20:43:29+00:00\",\"description\":\"Cartucho - nucleo central Audi A3 A4 VW Passat 1,9Tdi 454231-1 028145702H 454231-0001 Gt1749v\",\"breadcrumb\":{\"@id\":\"https:\\\/\\\/www.powerdiesel.com.ar\\\/tienda\\\/producto\\\/conjunto-central-gt1749v-audi-a4-a6-tdi-passat-golf-tdi\\\/#breadcrumb\"},\"inLanguage\":\"es\",\"potentialAction\":[{\"@type\":\"ReadAction\",\"target\":[\"https:\\\/\\\/www.powerdiesel.com.ar\\\/tienda\\\/producto\\\/conjunto-central-gt1749v-audi-a4-a6-tdi-passat-golf-tdi\\\/\"]}]},{\"@type\":\"ImageObject\",\"inLanguage\":\"es\",\"@id\":\"https:\\\/\\\/www.powerdiesel.com.ar\\\/tienda\\\/producto\\\/conjunto-central-gt1749v-audi-a4-a6-tdi-passat-golf-tdi\\\/#primaryimage\",\"url\":\"https:\\\/\\\/www.powerdiesel.com.ar\\\/tienda\\\/wp-content\\\/uploads\\\/2022\\\/04\\\/portada2.webp\",\"contentUrl\":\"https:\\\/\\\/www.powerdiesel.com.ar\\\/tienda\\\/wp-content\\\/uploads\\\/2022\\\/04\\\/portada2.webp\",\"width\":1500,\"height\":1500},{\"@type\":\"BreadcrumbList\",\"@id\":\"https:\\\/\\\/www.powerdiesel.com.ar\\\/tienda\\\/producto\\\/conjunto-central-gt1749v-audi-a4-a6-tdi-passat-golf-tdi\\\/#breadcrumb\",\"itemListElement\":[{\"@type\":\"ListItem\",\"position\":1,\"name\":\"Portada\",\"item\":\"https:\\\/\\\/www.powerdiesel.com.ar\\\/tienda\\\/\"},{\"@type\":\"ListItem\",\"position\":2,\"name\":\"Repuestos\",\"item\":\"https:\\\/\\\/www.powerdiesel.com.ar\\\/tienda\\\/\"},{\"@type\":\"ListItem\",\"position\":3,\"name\":\"Conjunto Central Gt1749v Audi A4 A6 Tdi Passat Golf Tdi\"}]},{\"@type\":\"WebSite\",\"@id\":\"https:\\\/\\\/www.powerdiesel.com.ar\\\/tienda\\\/#website\",\"url\":\"https:\\\/\\\/www.powerdiesel.com.ar\\\/tienda\\\/\",\"name\":\"\",\"description\":\"Compra Asegurada!\",\"potentialAction\":[{\"@type\":\"SearchAction\",\"target\":{\"@type\":\"EntryPoint\",\"urlTemplate\":\"https:\\\/\\\/www.powerdiesel.com.ar\\\/tienda\\\/?s={search_term_string}\"},\"query-input\":{\"@type\":\"PropertyValueSpecification\",\"valueRequired\":true,\"valueName\":\"search_term_string\"}}],\"inLanguage\":\"es\"}]}<\/script>\n<!-- \/ Yoast SEO plugin. -->","yoast_head_json":{"title":"Conjunto Central Gt1749v Audi A4 A6 Tdi Passat Golf Tdi -","description":"Cartucho - nucleo central Audi A3 A4 VW Passat 1,9Tdi 454231-1 028145702H 454231-0001 Gt1749v","robots":{"index":"index","follow":"follow","max-snippet":"max-snippet:-1","max-image-preview":"max-image-preview:large","max-video-preview":"max-video-preview:-1"},"canonical":"https:\/\/www.powerdiesel.com.ar\/tienda\/producto\/conjunto-central-gt1749v-audi-a4-a6-tdi-passat-golf-tdi\/","og_locale":"es_ES","og_type":"article","og_title":"Conjunto Central Gt1749v Audi A4 A6 Tdi Passat Golf Tdi -","og_description":"Cartucho - nucleo central Audi A3 A4 VW Passat 1,9Tdi 454231-1 028145702H 454231-0001 Gt1749v","og_url":"https:\/\/www.powerdiesel.com.ar\/tienda\/producto\/conjunto-central-gt1749v-audi-a4-a6-tdi-passat-golf-tdi\/","article_modified_time":"2026-01-28T20:43:29+00:00","og_image":[{"width":1500,"height":1500,"url":"https:\/\/www.powerdiesel.com.ar\/tienda\/wp-content\/uploads\/2022\/04\/portada2.webp","type":"image\/webp"}],"twitter_card":"summary_large_image","twitter_misc":{"Tiempo de lectura":"1 minuto"},"schema":{"@context":"https:\/\/schema.org","@graph":[{"@type":"WebPage","@id":"https:\/\/www.powerdiesel.com.ar\/tienda\/producto\/conjunto-central-gt1749v-audi-a4-a6-tdi-passat-golf-tdi\/","url":"https:\/\/www.powerdiesel.com.ar\/tienda\/producto\/conjunto-central-gt1749v-audi-a4-a6-tdi-passat-golf-tdi\/","name":"Conjunto Central Gt1749v Audi A4 A6 Tdi Passat Golf Tdi -","isPartOf":{"@id":"https:\/\/www.powerdiesel.com.ar\/tienda\/#website"},"primaryImageOfPage":{"@id":"https:\/\/www.powerdiesel.com.ar\/tienda\/producto\/conjunto-central-gt1749v-audi-a4-a6-tdi-passat-golf-tdi\/#primaryimage"},"image":{"@id":"https:\/\/www.powerdiesel.com.ar\/tienda\/producto\/conjunto-central-gt1749v-audi-a4-a6-tdi-passat-golf-tdi\/#primaryimage"},"thumbnailUrl":"https:\/\/www.powerdiesel.com.ar\/tienda\/wp-content\/uploads\/2022\/04\/portada2.webp","datePublished":"2022-04-10T19:14:41+00:00","dateModified":"2026-01-28T20:43:29+00:00","description":"Cartucho - nucleo central Audi A3 A4 VW Passat 1,9Tdi 454231-1 028145702H 454231-0001 Gt1749v","breadcrumb":{"@id":"https:\/\/www.powerdiesel.com.ar\/tienda\/producto\/conjunto-central-gt1749v-audi-a4-a6-tdi-passat-golf-tdi\/#breadcrumb"},"inLanguage":"es","potentialAction":[{"@type":"ReadAction","target":["https:\/\/www.powerdiesel.com.ar\/tienda\/producto\/conjunto-central-gt1749v-audi-a4-a6-tdi-passat-golf-tdi\/"]}]},{"@type":"ImageObject","inLanguage":"es","@id":"https:\/\/www.powerdiesel.com.ar\/tienda\/producto\/conjunto-central-gt1749v-audi-a4-a6-tdi-passat-golf-tdi\/#primaryimage","url":"https:\/\/www.powerdiesel.com.ar\/tienda\/wp-content\/uploads\/2022\/04\/portada2.webp","contentUrl":"https:\/\/www.powerdiesel.com.ar\/tienda\/wp-content\/uploads\/2022\/04\/portada2.webp","width":1500,"height":1500},{"@type":"BreadcrumbList","@id":"https:\/\/www.powerdiesel.com.ar\/tienda\/producto\/conjunto-central-gt1749v-audi-a4-a6-tdi-passat-golf-tdi\/#breadcrumb","itemListElement":[{"@type":"ListItem","position":1,"name":"Portada","item":"https:\/\/www.powerdiesel.com.ar\/tienda\/"},{"@type":"ListItem","position":2,"name":"Repuestos","item":"https:\/\/www.powerdiesel.com.ar\/tienda\/"},{"@type":"ListItem","position":3,"name":"Conjunto Central Gt1749v Audi A4 A6 Tdi Passat Golf Tdi"}]},{"@type":"WebSite","@id":"https:\/\/www.powerdiesel.com.ar\/tienda\/#website","url":"https:\/\/www.powerdiesel.com.ar\/tienda\/","name":"","description":"Compra Asegurada!","potentialAction":[{"@type":"SearchAction","target":{"@type":"EntryPoint","urlTemplate":"https:\/\/www.powerdiesel.com.ar\/tienda\/?s={search_term_string}"},"query-input":{"@type":"PropertyValueSpecification","valueRequired":true,"valueName":"search_term_string"}}],"inLanguage":"es"}]}},"_links":{"self":[{"href":"https:\/\/www.powerdiesel.com.ar\/tienda\/wp-json\/wp\/v2\/product\/4366","targetHints":{"allow":["GET"]}}],"collection":[{"href":"https:\/\/www.powerdiesel.com.ar\/tienda\/wp-json\/wp\/v2\/product"}],"about":[{"href":"https:\/\/www.powerdiesel.com.ar\/tienda\/wp-json\/wp\/v2\/types\/product"}],"wp:featuredmedia":[{"embeddable":true,"href":"https:\/\/www.powerdiesel.com.ar\/tienda\/wp-json\/wp\/v2\/media\/5458"}],"wp:attachment":[{"href":"https:\/\/www.powerdiesel.com.ar\/tienda\/wp-json\/wp\/v2\/media?parent=4366"}],"wp:term":[{"taxonomy":"product_brand","embeddable":true,"href":"https:\/\/www.powerdiesel.com.ar\/tienda\/wp-json\/wp\/v2\/product_brand?post=4366"},{"taxonomy":"product_cat","embeddable":true,"href":"https:\/\/www.powerdiesel.com.ar\/tienda\/wp-json\/wp\/v2\/product_cat?post=4366"},{"taxonomy":"product_tag","embeddable":true,"href":"https:\/\/www.powerdiesel.com.ar\/tienda\/wp-json\/wp\/v2\/product_tag?post=4366"}],"curies":[{"name":"wp","href":"https:\/\/api.w.org\/{rel}","templated":true}]}}