{"id":4303,"date":"2022-04-10T16:00:20","date_gmt":"2022-04-10T19:00:20","guid":{"rendered":"https:\/\/www.powerdiesel.com.ar\/tienda\/producto\/cartucho-nucleo-central-sprinter-311-313-413-778794-50001s\/"},"modified":"2026-01-28T17:43:28","modified_gmt":"2026-01-28T20:43:28","slug":"cartucho-nucleo-central-sprinter-311-313-413-778794-50001s","status":"publish","type":"product","link":"https:\/\/www.powerdiesel.com.ar\/tienda\/producto\/cartucho-nucleo-central-sprinter-311-313-413-778794-50001s\/","title":{"rendered":"Cartucho &#8211; Nucleo Central Sprinter 311 313 413 778794-50001s"},"content":{"rendered":"<p>Marca: JRONE<br \/>\nEstado:\tNuevo cerrado en caja<br \/>\nGarantia: Si, Cambio por falla<\/p>\n<p>SLTURBO-JRONE-TURBOLAR fabrica bajo la misma norma alemana TUV TS16949 que los fabricantes originales<br \/>\n&#8211; Las m\u00e1s vendida del pa\u00eds, con garant\u00eda y representaci\u00f3n oficial en ARGENTINA<\/p>\n","protected":false},"excerpt":{"rendered":"<p>Nos dedicamos a la venta componentes de inyecci\u00f3n di\u00e9sel, trabajamos con las mejores marcas!<\/p>\n<p>DESCRIPCI\u00d3N:<br \/>\nCartucho &#8211; nucleo central MB Sprinter 311 313 413 \/ \u00abC\u00bb Class 778794-50001S 778794-1 A6110961699 Garrett<\/p>\n<p>MARCA: JRONE<br \/>\nC\u00d3DIGO: 1000-010-114<br \/>\nN\u00ba DE PARTE: 703890-0044 \/ 703890-0045 \/ 703890-0003 \/ 703890-0044 \/ 703890-0076<br \/>\nTURBO OE N\u00ba: 709836-0001\/3\/4 | 726698-0003\/2\/1 | 711006-0001<br \/>\nCODIGO JRONE: 195-12<br \/>\nESTADO: Nuevo, cerrado en caja<\/p>\n<p>FORMAS DE ENV\u00cdO:<br \/>\n&#8211; MERCADO ENV\u00cdOS<br \/>\n&#8211; DESPACHAMOS POR MICRO A TODO EL PA\u00cdS SEG\u00daN NECESIDAD DEL CLIENTE.<\/p>\n<p>FORMAS DE PAGO:<br \/>\n&#8211; MERCADO PAGO<br \/>\n&#8211; CONSULTAR POR OTROS MEDIOS<\/p>\n<p>FACTURACI\u00d3N:<br \/>\n-Emitimos Facturas A y B.<\/p>\n<p>Somos POWER DIESEL.<br \/>\nVenta de repuestos originales y alternativos<\/p>\n","protected":false},"featured_media":4297,"template":"","meta":{"_joinchat":[]},"product_brand":[],"product_cat":[23],"product_tag":[],"class_list":{"0":"post-4303","1":"product","2":"type-product","3":"status-publish","4":"has-post-thumbnail","6":"product_cat-nucleos","8":"first","9":"instock","10":"taxable","11":"shipping-taxable","12":"product-type-simple"},"yoast_head":"<!-- This site is optimized with the Yoast SEO plugin v27.5 - https:\/\/yoast.com\/product\/yoast-seo-wordpress\/ -->\n<title>Cartucho - Nucleo Central Sprinter 311 313 413 778794-50001s -<\/title>\n<meta name=\"robots\" content=\"index, follow, max-snippet:-1, max-image-preview:large, max-video-preview:-1\" \/>\n<link rel=\"canonical\" href=\"https:\/\/www.powerdiesel.com.ar\/tienda\/producto\/cartucho-nucleo-central-sprinter-311-313-413-778794-50001s\/\" \/>\n<meta property=\"og:locale\" content=\"es_ES\" \/>\n<meta property=\"og:type\" content=\"article\" \/>\n<meta property=\"og:title\" content=\"Cartucho - Nucleo Central Sprinter 311 313 413 778794-50001s -\" \/>\n<meta property=\"og:description\" content=\"Nos dedicamos a la venta componentes de inyecci\u00f3n di\u00e9sel, trabajamos con las mejores marcas! DESCRIPCI\u00d3N: Cartucho - nucleo central MB Sprinter 311 313 413 \/ &quot;C&quot; Class 778794-50001S 778794-1 A6110961699 Garrett MARCA: JRONE C\u00d3DIGO: 1000-010-114 N\u00ba DE PARTE: 703890-0044 \/ 703890-0045 \/ 703890-0003 \/ 703890-0044 \/ 703890-0076 TURBO OE N\u00ba: 709836-0001\/3\/4 | 726698-0003\/2\/1 | 711006-0001 CODIGO JRONE: 195-12 ESTADO: Nuevo, cerrado en caja  FORMAS DE ENV\u00cdO: - MERCADO ENV\u00cdOS - DESPACHAMOS POR MICRO A TODO EL PA\u00cdS SEG\u00daN NECESIDAD DEL CLIENTE. FORMAS DE PAGO: - MERCADO PAGO - CONSULTAR POR OTROS MEDIOS FACTURACI\u00d3N: -Emitimos Facturas A y B.  Somos POWER DIESEL. Venta de repuestos originales y alternativos\" \/>\n<meta property=\"og:url\" content=\"https:\/\/www.powerdiesel.com.ar\/tienda\/producto\/cartucho-nucleo-central-sprinter-311-313-413-778794-50001s\/\" \/>\n<meta property=\"article:modified_time\" content=\"2026-01-28T20:43:28+00:00\" \/>\n<meta name=\"twitter:card\" content=\"summary_large_image\" \/>\n<script type=\"application\/ld+json\" class=\"yoast-schema-graph\">{\"@context\":\"https:\\\/\\\/schema.org\",\"@graph\":[{\"@type\":\"WebPage\",\"@id\":\"https:\\\/\\\/www.powerdiesel.com.ar\\\/tienda\\\/producto\\\/cartucho-nucleo-central-sprinter-311-313-413-778794-50001s\\\/\",\"url\":\"https:\\\/\\\/www.powerdiesel.com.ar\\\/tienda\\\/producto\\\/cartucho-nucleo-central-sprinter-311-313-413-778794-50001s\\\/\",\"name\":\"Cartucho - Nucleo Central Sprinter 311 313 413 778794-50001s -\",\"isPartOf\":{\"@id\":\"https:\\\/\\\/www.powerdiesel.com.ar\\\/tienda\\\/#website\"},\"primaryImageOfPage\":{\"@id\":\"https:\\\/\\\/www.powerdiesel.com.ar\\\/tienda\\\/producto\\\/cartucho-nucleo-central-sprinter-311-313-413-778794-50001s\\\/#primaryimage\"},\"image\":{\"@id\":\"https:\\\/\\\/www.powerdiesel.com.ar\\\/tienda\\\/producto\\\/cartucho-nucleo-central-sprinter-311-313-413-778794-50001s\\\/#primaryimage\"},\"thumbnailUrl\":\"https:\\\/\\\/www.powerdiesel.com.ar\\\/tienda\\\/wp-content\\\/uploads\\\/2022\\\/04\\\/D_750243-MLA45320070752_032021-F.jpg\",\"datePublished\":\"2022-04-10T19:00:20+00:00\",\"dateModified\":\"2026-01-28T20:43:28+00:00\",\"breadcrumb\":{\"@id\":\"https:\\\/\\\/www.powerdiesel.com.ar\\\/tienda\\\/producto\\\/cartucho-nucleo-central-sprinter-311-313-413-778794-50001s\\\/#breadcrumb\"},\"inLanguage\":\"es\",\"potentialAction\":[{\"@type\":\"ReadAction\",\"target\":[\"https:\\\/\\\/www.powerdiesel.com.ar\\\/tienda\\\/producto\\\/cartucho-nucleo-central-sprinter-311-313-413-778794-50001s\\\/\"]}]},{\"@type\":\"ImageObject\",\"inLanguage\":\"es\",\"@id\":\"https:\\\/\\\/www.powerdiesel.com.ar\\\/tienda\\\/producto\\\/cartucho-nucleo-central-sprinter-311-313-413-778794-50001s\\\/#primaryimage\",\"url\":\"https:\\\/\\\/www.powerdiesel.com.ar\\\/tienda\\\/wp-content\\\/uploads\\\/2022\\\/04\\\/D_750243-MLA45320070752_032021-F.jpg\",\"contentUrl\":\"https:\\\/\\\/www.powerdiesel.com.ar\\\/tienda\\\/wp-content\\\/uploads\\\/2022\\\/04\\\/D_750243-MLA45320070752_032021-F.jpg\",\"width\":1180,\"height\":844},{\"@type\":\"BreadcrumbList\",\"@id\":\"https:\\\/\\\/www.powerdiesel.com.ar\\\/tienda\\\/producto\\\/cartucho-nucleo-central-sprinter-311-313-413-778794-50001s\\\/#breadcrumb\",\"itemListElement\":[{\"@type\":\"ListItem\",\"position\":1,\"name\":\"Portada\",\"item\":\"https:\\\/\\\/www.powerdiesel.com.ar\\\/tienda\\\/\"},{\"@type\":\"ListItem\",\"position\":2,\"name\":\"Repuestos\",\"item\":\"https:\\\/\\\/www.powerdiesel.com.ar\\\/tienda\\\/\"},{\"@type\":\"ListItem\",\"position\":3,\"name\":\"Cartucho &#8211; Nucleo Central Sprinter 311 313 413 778794-50001s\"}]},{\"@type\":\"WebSite\",\"@id\":\"https:\\\/\\\/www.powerdiesel.com.ar\\\/tienda\\\/#website\",\"url\":\"https:\\\/\\\/www.powerdiesel.com.ar\\\/tienda\\\/\",\"name\":\"\",\"description\":\"Compra Asegurada!\",\"potentialAction\":[{\"@type\":\"SearchAction\",\"target\":{\"@type\":\"EntryPoint\",\"urlTemplate\":\"https:\\\/\\\/www.powerdiesel.com.ar\\\/tienda\\\/?s={search_term_string}\"},\"query-input\":{\"@type\":\"PropertyValueSpecification\",\"valueRequired\":true,\"valueName\":\"search_term_string\"}}],\"inLanguage\":\"es\"}]}<\/script>\n<!-- \/ Yoast SEO plugin. -->","yoast_head_json":{"title":"Cartucho - Nucleo Central Sprinter 311 313 413 778794-50001s -","robots":{"index":"index","follow":"follow","max-snippet":"max-snippet:-1","max-image-preview":"max-image-preview:large","max-video-preview":"max-video-preview:-1"},"canonical":"https:\/\/www.powerdiesel.com.ar\/tienda\/producto\/cartucho-nucleo-central-sprinter-311-313-413-778794-50001s\/","og_locale":"es_ES","og_type":"article","og_title":"Cartucho - Nucleo Central Sprinter 311 313 413 778794-50001s -","og_description":"Nos dedicamos a la venta componentes de inyecci\u00f3n di\u00e9sel, trabajamos con las mejores marcas! DESCRIPCI\u00d3N: Cartucho - nucleo central MB Sprinter 311 313 413 \/ \"C\" Class 778794-50001S 778794-1 A6110961699 Garrett MARCA: JRONE C\u00d3DIGO: 1000-010-114 N\u00ba DE PARTE: 703890-0044 \/ 703890-0045 \/ 703890-0003 \/ 703890-0044 \/ 703890-0076 TURBO OE N\u00ba: 709836-0001\/3\/4 | 726698-0003\/2\/1 | 711006-0001 CODIGO JRONE: 195-12 ESTADO: Nuevo, cerrado en caja  FORMAS DE ENV\u00cdO: - MERCADO ENV\u00cdOS - DESPACHAMOS POR MICRO A TODO EL PA\u00cdS SEG\u00daN NECESIDAD DEL CLIENTE. FORMAS DE PAGO: - MERCADO PAGO - CONSULTAR POR OTROS MEDIOS FACTURACI\u00d3N: -Emitimos Facturas A y B.  Somos POWER DIESEL. Venta de repuestos originales y alternativos","og_url":"https:\/\/www.powerdiesel.com.ar\/tienda\/producto\/cartucho-nucleo-central-sprinter-311-313-413-778794-50001s\/","article_modified_time":"2026-01-28T20:43:28+00:00","twitter_card":"summary_large_image","schema":{"@context":"https:\/\/schema.org","@graph":[{"@type":"WebPage","@id":"https:\/\/www.powerdiesel.com.ar\/tienda\/producto\/cartucho-nucleo-central-sprinter-311-313-413-778794-50001s\/","url":"https:\/\/www.powerdiesel.com.ar\/tienda\/producto\/cartucho-nucleo-central-sprinter-311-313-413-778794-50001s\/","name":"Cartucho - Nucleo Central Sprinter 311 313 413 778794-50001s -","isPartOf":{"@id":"https:\/\/www.powerdiesel.com.ar\/tienda\/#website"},"primaryImageOfPage":{"@id":"https:\/\/www.powerdiesel.com.ar\/tienda\/producto\/cartucho-nucleo-central-sprinter-311-313-413-778794-50001s\/#primaryimage"},"image":{"@id":"https:\/\/www.powerdiesel.com.ar\/tienda\/producto\/cartucho-nucleo-central-sprinter-311-313-413-778794-50001s\/#primaryimage"},"thumbnailUrl":"https:\/\/www.powerdiesel.com.ar\/tienda\/wp-content\/uploads\/2022\/04\/D_750243-MLA45320070752_032021-F.jpg","datePublished":"2022-04-10T19:00:20+00:00","dateModified":"2026-01-28T20:43:28+00:00","breadcrumb":{"@id":"https:\/\/www.powerdiesel.com.ar\/tienda\/producto\/cartucho-nucleo-central-sprinter-311-313-413-778794-50001s\/#breadcrumb"},"inLanguage":"es","potentialAction":[{"@type":"ReadAction","target":["https:\/\/www.powerdiesel.com.ar\/tienda\/producto\/cartucho-nucleo-central-sprinter-311-313-413-778794-50001s\/"]}]},{"@type":"ImageObject","inLanguage":"es","@id":"https:\/\/www.powerdiesel.com.ar\/tienda\/producto\/cartucho-nucleo-central-sprinter-311-313-413-778794-50001s\/#primaryimage","url":"https:\/\/www.powerdiesel.com.ar\/tienda\/wp-content\/uploads\/2022\/04\/D_750243-MLA45320070752_032021-F.jpg","contentUrl":"https:\/\/www.powerdiesel.com.ar\/tienda\/wp-content\/uploads\/2022\/04\/D_750243-MLA45320070752_032021-F.jpg","width":1180,"height":844},{"@type":"BreadcrumbList","@id":"https:\/\/www.powerdiesel.com.ar\/tienda\/producto\/cartucho-nucleo-central-sprinter-311-313-413-778794-50001s\/#breadcrumb","itemListElement":[{"@type":"ListItem","position":1,"name":"Portada","item":"https:\/\/www.powerdiesel.com.ar\/tienda\/"},{"@type":"ListItem","position":2,"name":"Repuestos","item":"https:\/\/www.powerdiesel.com.ar\/tienda\/"},{"@type":"ListItem","position":3,"name":"Cartucho &#8211; Nucleo Central Sprinter 311 313 413 778794-50001s"}]},{"@type":"WebSite","@id":"https:\/\/www.powerdiesel.com.ar\/tienda\/#website","url":"https:\/\/www.powerdiesel.com.ar\/tienda\/","name":"","description":"Compra Asegurada!","potentialAction":[{"@type":"SearchAction","target":{"@type":"EntryPoint","urlTemplate":"https:\/\/www.powerdiesel.com.ar\/tienda\/?s={search_term_string}"},"query-input":{"@type":"PropertyValueSpecification","valueRequired":true,"valueName":"search_term_string"}}],"inLanguage":"es"}]}},"_links":{"self":[{"href":"https:\/\/www.powerdiesel.com.ar\/tienda\/wp-json\/wp\/v2\/product\/4303","targetHints":{"allow":["GET"]}}],"collection":[{"href":"https:\/\/www.powerdiesel.com.ar\/tienda\/wp-json\/wp\/v2\/product"}],"about":[{"href":"https:\/\/www.powerdiesel.com.ar\/tienda\/wp-json\/wp\/v2\/types\/product"}],"wp:featuredmedia":[{"embeddable":true,"href":"https:\/\/www.powerdiesel.com.ar\/tienda\/wp-json\/wp\/v2\/media\/4297"}],"wp:attachment":[{"href":"https:\/\/www.powerdiesel.com.ar\/tienda\/wp-json\/wp\/v2\/media?parent=4303"}],"wp:term":[{"taxonomy":"product_brand","embeddable":true,"href":"https:\/\/www.powerdiesel.com.ar\/tienda\/wp-json\/wp\/v2\/product_brand?post=4303"},{"taxonomy":"product_cat","embeddable":true,"href":"https:\/\/www.powerdiesel.com.ar\/tienda\/wp-json\/wp\/v2\/product_cat?post=4303"},{"taxonomy":"product_tag","embeddable":true,"href":"https:\/\/www.powerdiesel.com.ar\/tienda\/wp-json\/wp\/v2\/product_tag?post=4303"}],"curies":[{"name":"wp","href":"https:\/\/api.w.org\/{rel}","templated":true}]}}