{"id":3858,"date":"2022-04-10T14:08:09","date_gmt":"2022-04-10T17:08:09","guid":{"rendered":"https:\/\/www.powerdiesel.com.ar\/tienda\/producto\/nucleo-central-toyota-hilux-25-d4d-para-turbo-17201-0l030\/"},"modified":"2026-01-28T17:43:21","modified_gmt":"2026-01-28T20:43:21","slug":"nucleo-central-toyota-hilux-25-d4d-para-turbo-17201-0l030","status":"publish","type":"product","link":"https:\/\/www.powerdiesel.com.ar\/tienda\/producto\/nucleo-central-toyota-hilux-25-d4d-para-turbo-17201-0l030\/","title":{"rendered":"Nucleo Central Toyota Hilux 2,5 D4d Para Turbo 17201-0l030"},"content":{"rendered":"<p>Marca: JRONE<br \/>\nEstado:\tNuevo cerrado en caja<br \/>\nGarantia: Si, Cambio por falla<\/p>\n<p>SLTURBO-JRONE-TURBOLAR fabrica bajo la misma norma alemana TUV TS16949 que los fabricantes originales<br \/>\n&#8211; Las m\u00e1s vendida del pa\u00eds, con garant\u00eda y representaci\u00f3n oficial en ARGENTINA<\/p>\n","protected":false},"excerpt":{"rendered":"<p>CARTUCHO &#8211; NUCLEO CENTRAL PARA TOYOTA HILUX 2.5 MOTOR D4D<\/p>\n<p>MARCA: JRONE<br \/>\nC\u00d3DIGO: 1000-060-120<br \/>\nTURBO N\u00ba:  17201-30030, 17201-0L030 , 17201-30120, 17201-30141<br \/>\nMODELO: CT10<br \/>\nCODIGO JRONE: 195-43<br \/>\nESTADO: Nuevo, cerrado en caja<\/p>\n<p>TEN\u00c9 EN CUENTA QUE NUESTROS PRECIOS PUBLICADOS SON PARA MERCADO LIBRE.<br \/>\nDE CONTADO O EN NUESTRA SUCURSAL EL PRECIO ES OTRO.<\/p>\n<p>FORMAS DE ENV\u00cdO:<br \/>\n-Env\u00edos a todo el pa\u00eds por Mercado Env\u00edos O Micro<br \/>\nNota: Embalamos tus productos de forma segura para no sufrir da\u00f1os en \u00e9l envi\u00f3.<br \/>\n&#8212;&#8212;&#8212;&#8212;&#8212;&#8212;&#8212;&#8212;&#8212;&#8212;&#8212;&#8212;&#8212;&#8212;&#8212;&#8212;&#8212;&#8212;&#8212;<\/p>\n<p>UBICACI\u00d3N:<br \/>\nEstamos ubicados en Rosario (Santa Fe)<br \/>\n&#8212;&#8212;&#8212;&#8212;&#8212;&#8212;&#8212;&#8212;&#8212;&#8212;&#8212;&#8212;&#8212;&#8212;&#8212;&#8212;&#8212;&#8212;&#8212;<\/p>\n","protected":false},"featured_media":3851,"template":"","meta":{"_joinchat":[]},"product_brand":[],"product_cat":[23],"product_tag":[],"class_list":{"0":"post-3858","1":"product","2":"type-product","3":"status-publish","4":"has-post-thumbnail","6":"product_cat-nucleos","8":"first","9":"instock","10":"taxable","11":"shipping-taxable","12":"product-type-simple"},"yoast_head":"<!-- This site is optimized with the Yoast SEO plugin v27.5 - https:\/\/yoast.com\/product\/yoast-seo-wordpress\/ -->\n<title>Nucleo Central Toyota Hilux 2,5 D4d Para Turbo 17201-0l030 -<\/title>\n<meta name=\"robots\" content=\"index, follow, max-snippet:-1, max-image-preview:large, max-video-preview:-1\" \/>\n<link rel=\"canonical\" href=\"https:\/\/www.powerdiesel.com.ar\/tienda\/producto\/nucleo-central-toyota-hilux-25-d4d-para-turbo-17201-0l030\/\" \/>\n<meta property=\"og:locale\" content=\"es_ES\" \/>\n<meta property=\"og:type\" content=\"article\" \/>\n<meta property=\"og:title\" content=\"Nucleo Central Toyota Hilux 2,5 D4d Para Turbo 17201-0l030 -\" \/>\n<meta property=\"og:description\" content=\"CARTUCHO - NUCLEO CENTRAL PARA TOYOTA HILUX 2.5 MOTOR D4D MARCA: JRONE C\u00d3DIGO: 1000-060-120 TURBO N\u00ba: 17201-30030, 17201-0L030 , 17201-30120, 17201-30141 MODELO: CT10 CODIGO JRONE: 195-43 ESTADO: Nuevo, cerrado en caja TEN\u00c9 EN CUENTA QUE NUESTROS PRECIOS PUBLICADOS SON PARA MERCADO LIBRE. DE CONTADO O EN NUESTRA SUCURSAL EL PRECIO ES OTRO.  FORMAS DE ENV\u00cdO: -Env\u00edos a todo el pa\u00eds por Mercado Env\u00edos O Micro Nota: Embalamos tus productos de forma segura para no sufrir da\u00f1os en \u00e9l envi\u00f3. --------------------------------------------------------- UBICACI\u00d3N: Estamos ubicados en Rosario (Santa Fe) ---------------------------------------------------------\" \/>\n<meta property=\"og:url\" content=\"https:\/\/www.powerdiesel.com.ar\/tienda\/producto\/nucleo-central-toyota-hilux-25-d4d-para-turbo-17201-0l030\/\" \/>\n<meta property=\"article:modified_time\" content=\"2026-01-28T20:43:21+00:00\" \/>\n<meta name=\"twitter:card\" content=\"summary_large_image\" \/>\n<script type=\"application\/ld+json\" class=\"yoast-schema-graph\">{\"@context\":\"https:\\\/\\\/schema.org\",\"@graph\":[{\"@type\":\"WebPage\",\"@id\":\"https:\\\/\\\/www.powerdiesel.com.ar\\\/tienda\\\/producto\\\/nucleo-central-toyota-hilux-25-d4d-para-turbo-17201-0l030\\\/\",\"url\":\"https:\\\/\\\/www.powerdiesel.com.ar\\\/tienda\\\/producto\\\/nucleo-central-toyota-hilux-25-d4d-para-turbo-17201-0l030\\\/\",\"name\":\"Nucleo Central Toyota Hilux 2,5 D4d Para Turbo 17201-0l030 -\",\"isPartOf\":{\"@id\":\"https:\\\/\\\/www.powerdiesel.com.ar\\\/tienda\\\/#website\"},\"primaryImageOfPage\":{\"@id\":\"https:\\\/\\\/www.powerdiesel.com.ar\\\/tienda\\\/producto\\\/nucleo-central-toyota-hilux-25-d4d-para-turbo-17201-0l030\\\/#primaryimage\"},\"image\":{\"@id\":\"https:\\\/\\\/www.powerdiesel.com.ar\\\/tienda\\\/producto\\\/nucleo-central-toyota-hilux-25-d4d-para-turbo-17201-0l030\\\/#primaryimage\"},\"thumbnailUrl\":\"https:\\\/\\\/www.powerdiesel.com.ar\\\/tienda\\\/wp-content\\\/uploads\\\/2022\\\/04\\\/D_875680-MLA47781615401_102021-F.jpg\",\"datePublished\":\"2022-04-10T17:08:09+00:00\",\"dateModified\":\"2026-01-28T20:43:21+00:00\",\"breadcrumb\":{\"@id\":\"https:\\\/\\\/www.powerdiesel.com.ar\\\/tienda\\\/producto\\\/nucleo-central-toyota-hilux-25-d4d-para-turbo-17201-0l030\\\/#breadcrumb\"},\"inLanguage\":\"es\",\"potentialAction\":[{\"@type\":\"ReadAction\",\"target\":[\"https:\\\/\\\/www.powerdiesel.com.ar\\\/tienda\\\/producto\\\/nucleo-central-toyota-hilux-25-d4d-para-turbo-17201-0l030\\\/\"]}]},{\"@type\":\"ImageObject\",\"inLanguage\":\"es\",\"@id\":\"https:\\\/\\\/www.powerdiesel.com.ar\\\/tienda\\\/producto\\\/nucleo-central-toyota-hilux-25-d4d-para-turbo-17201-0l030\\\/#primaryimage\",\"url\":\"https:\\\/\\\/www.powerdiesel.com.ar\\\/tienda\\\/wp-content\\\/uploads\\\/2022\\\/04\\\/D_875680-MLA47781615401_102021-F.jpg\",\"contentUrl\":\"https:\\\/\\\/www.powerdiesel.com.ar\\\/tienda\\\/wp-content\\\/uploads\\\/2022\\\/04\\\/D_875680-MLA47781615401_102021-F.jpg\",\"width\":1180,\"height\":844},{\"@type\":\"BreadcrumbList\",\"@id\":\"https:\\\/\\\/www.powerdiesel.com.ar\\\/tienda\\\/producto\\\/nucleo-central-toyota-hilux-25-d4d-para-turbo-17201-0l030\\\/#breadcrumb\",\"itemListElement\":[{\"@type\":\"ListItem\",\"position\":1,\"name\":\"Portada\",\"item\":\"https:\\\/\\\/www.powerdiesel.com.ar\\\/tienda\\\/\"},{\"@type\":\"ListItem\",\"position\":2,\"name\":\"Repuestos\",\"item\":\"https:\\\/\\\/www.powerdiesel.com.ar\\\/tienda\\\/\"},{\"@type\":\"ListItem\",\"position\":3,\"name\":\"Nucleo Central Toyota Hilux 2,5 D4d Para Turbo 17201-0l030\"}]},{\"@type\":\"WebSite\",\"@id\":\"https:\\\/\\\/www.powerdiesel.com.ar\\\/tienda\\\/#website\",\"url\":\"https:\\\/\\\/www.powerdiesel.com.ar\\\/tienda\\\/\",\"name\":\"\",\"description\":\"Compra Asegurada!\",\"potentialAction\":[{\"@type\":\"SearchAction\",\"target\":{\"@type\":\"EntryPoint\",\"urlTemplate\":\"https:\\\/\\\/www.powerdiesel.com.ar\\\/tienda\\\/?s={search_term_string}\"},\"query-input\":{\"@type\":\"PropertyValueSpecification\",\"valueRequired\":true,\"valueName\":\"search_term_string\"}}],\"inLanguage\":\"es\"}]}<\/script>\n<!-- \/ Yoast SEO plugin. -->","yoast_head_json":{"title":"Nucleo Central Toyota Hilux 2,5 D4d Para Turbo 17201-0l030 -","robots":{"index":"index","follow":"follow","max-snippet":"max-snippet:-1","max-image-preview":"max-image-preview:large","max-video-preview":"max-video-preview:-1"},"canonical":"https:\/\/www.powerdiesel.com.ar\/tienda\/producto\/nucleo-central-toyota-hilux-25-d4d-para-turbo-17201-0l030\/","og_locale":"es_ES","og_type":"article","og_title":"Nucleo Central Toyota Hilux 2,5 D4d Para Turbo 17201-0l030 -","og_description":"CARTUCHO - NUCLEO CENTRAL PARA TOYOTA HILUX 2.5 MOTOR D4D MARCA: JRONE C\u00d3DIGO: 1000-060-120 TURBO N\u00ba: 17201-30030, 17201-0L030 , 17201-30120, 17201-30141 MODELO: CT10 CODIGO JRONE: 195-43 ESTADO: Nuevo, cerrado en caja TEN\u00c9 EN CUENTA QUE NUESTROS PRECIOS PUBLICADOS SON PARA MERCADO LIBRE. DE CONTADO O EN NUESTRA SUCURSAL EL PRECIO ES OTRO.  FORMAS DE ENV\u00cdO: -Env\u00edos a todo el pa\u00eds por Mercado Env\u00edos O Micro Nota: Embalamos tus productos de forma segura para no sufrir da\u00f1os en \u00e9l envi\u00f3. --------------------------------------------------------- UBICACI\u00d3N: Estamos ubicados en Rosario (Santa Fe) ---------------------------------------------------------","og_url":"https:\/\/www.powerdiesel.com.ar\/tienda\/producto\/nucleo-central-toyota-hilux-25-d4d-para-turbo-17201-0l030\/","article_modified_time":"2026-01-28T20:43:21+00:00","twitter_card":"summary_large_image","schema":{"@context":"https:\/\/schema.org","@graph":[{"@type":"WebPage","@id":"https:\/\/www.powerdiesel.com.ar\/tienda\/producto\/nucleo-central-toyota-hilux-25-d4d-para-turbo-17201-0l030\/","url":"https:\/\/www.powerdiesel.com.ar\/tienda\/producto\/nucleo-central-toyota-hilux-25-d4d-para-turbo-17201-0l030\/","name":"Nucleo Central Toyota Hilux 2,5 D4d Para Turbo 17201-0l030 -","isPartOf":{"@id":"https:\/\/www.powerdiesel.com.ar\/tienda\/#website"},"primaryImageOfPage":{"@id":"https:\/\/www.powerdiesel.com.ar\/tienda\/producto\/nucleo-central-toyota-hilux-25-d4d-para-turbo-17201-0l030\/#primaryimage"},"image":{"@id":"https:\/\/www.powerdiesel.com.ar\/tienda\/producto\/nucleo-central-toyota-hilux-25-d4d-para-turbo-17201-0l030\/#primaryimage"},"thumbnailUrl":"https:\/\/www.powerdiesel.com.ar\/tienda\/wp-content\/uploads\/2022\/04\/D_875680-MLA47781615401_102021-F.jpg","datePublished":"2022-04-10T17:08:09+00:00","dateModified":"2026-01-28T20:43:21+00:00","breadcrumb":{"@id":"https:\/\/www.powerdiesel.com.ar\/tienda\/producto\/nucleo-central-toyota-hilux-25-d4d-para-turbo-17201-0l030\/#breadcrumb"},"inLanguage":"es","potentialAction":[{"@type":"ReadAction","target":["https:\/\/www.powerdiesel.com.ar\/tienda\/producto\/nucleo-central-toyota-hilux-25-d4d-para-turbo-17201-0l030\/"]}]},{"@type":"ImageObject","inLanguage":"es","@id":"https:\/\/www.powerdiesel.com.ar\/tienda\/producto\/nucleo-central-toyota-hilux-25-d4d-para-turbo-17201-0l030\/#primaryimage","url":"https:\/\/www.powerdiesel.com.ar\/tienda\/wp-content\/uploads\/2022\/04\/D_875680-MLA47781615401_102021-F.jpg","contentUrl":"https:\/\/www.powerdiesel.com.ar\/tienda\/wp-content\/uploads\/2022\/04\/D_875680-MLA47781615401_102021-F.jpg","width":1180,"height":844},{"@type":"BreadcrumbList","@id":"https:\/\/www.powerdiesel.com.ar\/tienda\/producto\/nucleo-central-toyota-hilux-25-d4d-para-turbo-17201-0l030\/#breadcrumb","itemListElement":[{"@type":"ListItem","position":1,"name":"Portada","item":"https:\/\/www.powerdiesel.com.ar\/tienda\/"},{"@type":"ListItem","position":2,"name":"Repuestos","item":"https:\/\/www.powerdiesel.com.ar\/tienda\/"},{"@type":"ListItem","position":3,"name":"Nucleo Central Toyota Hilux 2,5 D4d Para Turbo 17201-0l030"}]},{"@type":"WebSite","@id":"https:\/\/www.powerdiesel.com.ar\/tienda\/#website","url":"https:\/\/www.powerdiesel.com.ar\/tienda\/","name":"","description":"Compra Asegurada!","potentialAction":[{"@type":"SearchAction","target":{"@type":"EntryPoint","urlTemplate":"https:\/\/www.powerdiesel.com.ar\/tienda\/?s={search_term_string}"},"query-input":{"@type":"PropertyValueSpecification","valueRequired":true,"valueName":"search_term_string"}}],"inLanguage":"es"}]}},"_links":{"self":[{"href":"https:\/\/www.powerdiesel.com.ar\/tienda\/wp-json\/wp\/v2\/product\/3858","targetHints":{"allow":["GET"]}}],"collection":[{"href":"https:\/\/www.powerdiesel.com.ar\/tienda\/wp-json\/wp\/v2\/product"}],"about":[{"href":"https:\/\/www.powerdiesel.com.ar\/tienda\/wp-json\/wp\/v2\/types\/product"}],"wp:featuredmedia":[{"embeddable":true,"href":"https:\/\/www.powerdiesel.com.ar\/tienda\/wp-json\/wp\/v2\/media\/3851"}],"wp:attachment":[{"href":"https:\/\/www.powerdiesel.com.ar\/tienda\/wp-json\/wp\/v2\/media?parent=3858"}],"wp:term":[{"taxonomy":"product_brand","embeddable":true,"href":"https:\/\/www.powerdiesel.com.ar\/tienda\/wp-json\/wp\/v2\/product_brand?post=3858"},{"taxonomy":"product_cat","embeddable":true,"href":"https:\/\/www.powerdiesel.com.ar\/tienda\/wp-json\/wp\/v2\/product_cat?post=3858"},{"taxonomy":"product_tag","embeddable":true,"href":"https:\/\/www.powerdiesel.com.ar\/tienda\/wp-json\/wp\/v2\/product_tag?post=3858"}],"curies":[{"name":"wp","href":"https:\/\/api.w.org\/{rel}","templated":true}]}}