{"id":3718,"date":"2022-04-10T03:45:43","date_gmt":"2022-04-10T06:45:43","guid":{"rendered":"https:\/\/www.powerdiesel.com.ar\/tienda\/producto\/cartucho-nucleo-central-renault-master-25-dci-g9u-gt1549s\/"},"modified":"2026-01-28T17:43:19","modified_gmt":"2026-01-28T20:43:19","slug":"cartucho-nucleo-central-renault-master-25-dci-g9u-gt1549s","status":"publish","type":"product","link":"https:\/\/www.powerdiesel.com.ar\/tienda\/producto\/cartucho-nucleo-central-renault-master-25-dci-g9u-gt1549s\/","title":{"rendered":"Cartucho &#8211; Nucleo Central Renault Master 2,5 Dci G9u Gt1549s"},"content":{"rendered":"<p>Marca: SLTURBO<br \/>\nEstado: Nuevo cerrado en caja<br \/>\nGarantia: Si, Cambio por falla<\/p>\n<p>SLTURBO-JRONE-TURBOLAR fabrica bajo la misma norma alemana TUV TS16949 que los fabricantes originales<br \/>\n&#8211; Las m\u00e1s vendida del pa\u00eds, con garant\u00eda y representaci\u00f3n oficial en ARGENTINA<\/p>\n","protected":false},"excerpt":{"rendered":"<p>DESCRIPCI\u00d3N:<br \/>\nConj.Cent.433289-0291 GT1549S Ren. Master II 2,5dCi Motor G9U E4<\/p>\n<p><strong>MARCA:<\/strong> SLTURBO<br \/>\n<strong>C\u00d3DIGO:<\/strong> 1000-010-320<br \/>\n<strong>N\u00ba DE PARTE:<\/strong> 433289-0291<br \/>\n<strong>TURBO OE N\u00ba:<\/strong> 757349-0003 \/ 757349-5004S \/ 757349-0004 \/ 757349-0003 \/ 757349-0001 \/ 4417471<br \/>\n<strong>MODELO:<\/strong> GT1549S<br \/>\n<strong>ESTADO:<\/strong> Nuevo, cerrado en caja<\/p>\n<p>&#8211; JRONE-SLTURBO fabrica bajo la misma norma alemana TUV TS16949 que los fabricantes originales<br \/>\n&#8211; Las m\u00e1s vendida del pa\u00eds, con garant\u00eda y representaci\u00f3n oficial en ARGENTINA<br \/>\n&#8211; Un conjunto central o rotor, es el kit completo de turbinas y cuerpo central armado y balanceado de f\u00e1brica a 180 mil RPM<br \/>\n&#8211; Soluci\u00f3n definitiva a reparaciones que no sirven, o repuestos baratos sin marca<\/p>\n<p>FORMAS DE ENV\u00cdO:<br \/>\n&#8211; MERCADO ENV\u00cdOS<br \/>\n&#8211; DESPACHAMOS POR MICRO A TODO EL PA\u00cdS SEG\u00daN NECESIDAD DEL CLIENTE.<\/p>\n<p>FORMAS DE PAGO:<br \/>\n&#8211; MERCADO PAGO<br \/>\n&#8211; CONSULTAR POR OTROS MEDIOS (MENOR $)<\/p>\n<p>FACTURACI\u00d3N:<br \/>\n-Emitimos Facturas A y B.<\/p>\n<p>Somos POWER DIESEL.<br \/>\nVenta de repuestos originales y alternativos<\/p>\n","protected":false},"featured_media":5458,"template":"","meta":{"_joinchat":[]},"product_brand":[],"product_cat":[23],"product_tag":[],"class_list":{"0":"post-3718","1":"product","2":"type-product","3":"status-publish","4":"has-post-thumbnail","6":"product_cat-nucleos","8":"first","9":"instock","10":"taxable","11":"shipping-taxable","12":"purchasable","13":"product-type-simple"},"yoast_head":"<!-- This site is optimized with the Yoast SEO plugin v27.5 - https:\/\/yoast.com\/product\/yoast-seo-wordpress\/ -->\n<title>Cartucho - Nucleo Central Renault Master 2,5 Dci G9u Gt1549s -<\/title>\n<meta name=\"description\" content=\"Cartucho - nucleo central Renault Master 2,5 Dci H8200483650 757349-4 757349-5004S 757349-0004 757349-0003 757349-0001 4417471 8200683866 8200766765\" \/>\n<meta name=\"robots\" content=\"index, follow, max-snippet:-1, max-image-preview:large, max-video-preview:-1\" \/>\n<link rel=\"canonical\" href=\"https:\/\/www.powerdiesel.com.ar\/tienda\/producto\/cartucho-nucleo-central-renault-master-25-dci-g9u-gt1549s\/\" \/>\n<meta property=\"og:locale\" content=\"es_ES\" \/>\n<meta property=\"og:type\" content=\"article\" \/>\n<meta property=\"og:title\" content=\"Cartucho - Nucleo Central Renault Master 2,5 Dci G9u Gt1549s -\" \/>\n<meta property=\"og:description\" content=\"Cartucho - nucleo central Renault Master 2,5 Dci H8200483650 757349-4 757349-5004S 757349-0004 757349-0003 757349-0001 4417471 8200683866 8200766765\" \/>\n<meta property=\"og:url\" content=\"https:\/\/www.powerdiesel.com.ar\/tienda\/producto\/cartucho-nucleo-central-renault-master-25-dci-g9u-gt1549s\/\" \/>\n<meta property=\"article:modified_time\" content=\"2026-01-28T20:43:19+00:00\" \/>\n<meta property=\"og:image\" content=\"https:\/\/www.powerdiesel.com.ar\/tienda\/wp-content\/uploads\/2022\/04\/portada2.webp\" \/>\n\t<meta property=\"og:image:width\" content=\"1500\" \/>\n\t<meta property=\"og:image:height\" content=\"1500\" \/>\n\t<meta property=\"og:image:type\" content=\"image\/webp\" \/>\n<meta name=\"twitter:card\" content=\"summary_large_image\" \/>\n<meta name=\"twitter:label1\" content=\"Tiempo de lectura\" \/>\n\t<meta name=\"twitter:data1\" content=\"1 minuto\" \/>\n<script type=\"application\/ld+json\" class=\"yoast-schema-graph\">{\"@context\":\"https:\\\/\\\/schema.org\",\"@graph\":[{\"@type\":\"WebPage\",\"@id\":\"https:\\\/\\\/www.powerdiesel.com.ar\\\/tienda\\\/producto\\\/cartucho-nucleo-central-renault-master-25-dci-g9u-gt1549s\\\/\",\"url\":\"https:\\\/\\\/www.powerdiesel.com.ar\\\/tienda\\\/producto\\\/cartucho-nucleo-central-renault-master-25-dci-g9u-gt1549s\\\/\",\"name\":\"Cartucho - Nucleo Central Renault Master 2,5 Dci G9u Gt1549s -\",\"isPartOf\":{\"@id\":\"https:\\\/\\\/www.powerdiesel.com.ar\\\/tienda\\\/#website\"},\"primaryImageOfPage\":{\"@id\":\"https:\\\/\\\/www.powerdiesel.com.ar\\\/tienda\\\/producto\\\/cartucho-nucleo-central-renault-master-25-dci-g9u-gt1549s\\\/#primaryimage\"},\"image\":{\"@id\":\"https:\\\/\\\/www.powerdiesel.com.ar\\\/tienda\\\/producto\\\/cartucho-nucleo-central-renault-master-25-dci-g9u-gt1549s\\\/#primaryimage\"},\"thumbnailUrl\":\"https:\\\/\\\/www.powerdiesel.com.ar\\\/tienda\\\/wp-content\\\/uploads\\\/2022\\\/04\\\/portada2.webp\",\"datePublished\":\"2022-04-10T06:45:43+00:00\",\"dateModified\":\"2026-01-28T20:43:19+00:00\",\"description\":\"Cartucho - nucleo central Renault Master 2,5 Dci H8200483650 757349-4 757349-5004S 757349-0004 757349-0003 757349-0001 4417471 8200683866 8200766765\",\"breadcrumb\":{\"@id\":\"https:\\\/\\\/www.powerdiesel.com.ar\\\/tienda\\\/producto\\\/cartucho-nucleo-central-renault-master-25-dci-g9u-gt1549s\\\/#breadcrumb\"},\"inLanguage\":\"es\",\"potentialAction\":[{\"@type\":\"ReadAction\",\"target\":[\"https:\\\/\\\/www.powerdiesel.com.ar\\\/tienda\\\/producto\\\/cartucho-nucleo-central-renault-master-25-dci-g9u-gt1549s\\\/\"]}]},{\"@type\":\"ImageObject\",\"inLanguage\":\"es\",\"@id\":\"https:\\\/\\\/www.powerdiesel.com.ar\\\/tienda\\\/producto\\\/cartucho-nucleo-central-renault-master-25-dci-g9u-gt1549s\\\/#primaryimage\",\"url\":\"https:\\\/\\\/www.powerdiesel.com.ar\\\/tienda\\\/wp-content\\\/uploads\\\/2022\\\/04\\\/portada2.webp\",\"contentUrl\":\"https:\\\/\\\/www.powerdiesel.com.ar\\\/tienda\\\/wp-content\\\/uploads\\\/2022\\\/04\\\/portada2.webp\",\"width\":1500,\"height\":1500},{\"@type\":\"BreadcrumbList\",\"@id\":\"https:\\\/\\\/www.powerdiesel.com.ar\\\/tienda\\\/producto\\\/cartucho-nucleo-central-renault-master-25-dci-g9u-gt1549s\\\/#breadcrumb\",\"itemListElement\":[{\"@type\":\"ListItem\",\"position\":1,\"name\":\"Portada\",\"item\":\"https:\\\/\\\/www.powerdiesel.com.ar\\\/tienda\\\/\"},{\"@type\":\"ListItem\",\"position\":2,\"name\":\"Repuestos\",\"item\":\"https:\\\/\\\/www.powerdiesel.com.ar\\\/tienda\\\/\"},{\"@type\":\"ListItem\",\"position\":3,\"name\":\"Cartucho &#8211; Nucleo Central Renault Master 2,5 Dci G9u Gt1549s\"}]},{\"@type\":\"WebSite\",\"@id\":\"https:\\\/\\\/www.powerdiesel.com.ar\\\/tienda\\\/#website\",\"url\":\"https:\\\/\\\/www.powerdiesel.com.ar\\\/tienda\\\/\",\"name\":\"\",\"description\":\"Compra Asegurada!\",\"potentialAction\":[{\"@type\":\"SearchAction\",\"target\":{\"@type\":\"EntryPoint\",\"urlTemplate\":\"https:\\\/\\\/www.powerdiesel.com.ar\\\/tienda\\\/?s={search_term_string}\"},\"query-input\":{\"@type\":\"PropertyValueSpecification\",\"valueRequired\":true,\"valueName\":\"search_term_string\"}}],\"inLanguage\":\"es\"}]}<\/script>\n<!-- \/ Yoast SEO plugin. -->","yoast_head_json":{"title":"Cartucho - Nucleo Central Renault Master 2,5 Dci G9u Gt1549s -","description":"Cartucho - nucleo central Renault Master 2,5 Dci H8200483650 757349-4 757349-5004S 757349-0004 757349-0003 757349-0001 4417471 8200683866 8200766765","robots":{"index":"index","follow":"follow","max-snippet":"max-snippet:-1","max-image-preview":"max-image-preview:large","max-video-preview":"max-video-preview:-1"},"canonical":"https:\/\/www.powerdiesel.com.ar\/tienda\/producto\/cartucho-nucleo-central-renault-master-25-dci-g9u-gt1549s\/","og_locale":"es_ES","og_type":"article","og_title":"Cartucho - Nucleo Central Renault Master 2,5 Dci G9u Gt1549s -","og_description":"Cartucho - nucleo central Renault Master 2,5 Dci H8200483650 757349-4 757349-5004S 757349-0004 757349-0003 757349-0001 4417471 8200683866 8200766765","og_url":"https:\/\/www.powerdiesel.com.ar\/tienda\/producto\/cartucho-nucleo-central-renault-master-25-dci-g9u-gt1549s\/","article_modified_time":"2026-01-28T20:43:19+00:00","og_image":[{"width":1500,"height":1500,"url":"https:\/\/www.powerdiesel.com.ar\/tienda\/wp-content\/uploads\/2022\/04\/portada2.webp","type":"image\/webp"}],"twitter_card":"summary_large_image","twitter_misc":{"Tiempo de lectura":"1 minuto"},"schema":{"@context":"https:\/\/schema.org","@graph":[{"@type":"WebPage","@id":"https:\/\/www.powerdiesel.com.ar\/tienda\/producto\/cartucho-nucleo-central-renault-master-25-dci-g9u-gt1549s\/","url":"https:\/\/www.powerdiesel.com.ar\/tienda\/producto\/cartucho-nucleo-central-renault-master-25-dci-g9u-gt1549s\/","name":"Cartucho - Nucleo Central Renault Master 2,5 Dci G9u Gt1549s -","isPartOf":{"@id":"https:\/\/www.powerdiesel.com.ar\/tienda\/#website"},"primaryImageOfPage":{"@id":"https:\/\/www.powerdiesel.com.ar\/tienda\/producto\/cartucho-nucleo-central-renault-master-25-dci-g9u-gt1549s\/#primaryimage"},"image":{"@id":"https:\/\/www.powerdiesel.com.ar\/tienda\/producto\/cartucho-nucleo-central-renault-master-25-dci-g9u-gt1549s\/#primaryimage"},"thumbnailUrl":"https:\/\/www.powerdiesel.com.ar\/tienda\/wp-content\/uploads\/2022\/04\/portada2.webp","datePublished":"2022-04-10T06:45:43+00:00","dateModified":"2026-01-28T20:43:19+00:00","description":"Cartucho - nucleo central Renault Master 2,5 Dci H8200483650 757349-4 757349-5004S 757349-0004 757349-0003 757349-0001 4417471 8200683866 8200766765","breadcrumb":{"@id":"https:\/\/www.powerdiesel.com.ar\/tienda\/producto\/cartucho-nucleo-central-renault-master-25-dci-g9u-gt1549s\/#breadcrumb"},"inLanguage":"es","potentialAction":[{"@type":"ReadAction","target":["https:\/\/www.powerdiesel.com.ar\/tienda\/producto\/cartucho-nucleo-central-renault-master-25-dci-g9u-gt1549s\/"]}]},{"@type":"ImageObject","inLanguage":"es","@id":"https:\/\/www.powerdiesel.com.ar\/tienda\/producto\/cartucho-nucleo-central-renault-master-25-dci-g9u-gt1549s\/#primaryimage","url":"https:\/\/www.powerdiesel.com.ar\/tienda\/wp-content\/uploads\/2022\/04\/portada2.webp","contentUrl":"https:\/\/www.powerdiesel.com.ar\/tienda\/wp-content\/uploads\/2022\/04\/portada2.webp","width":1500,"height":1500},{"@type":"BreadcrumbList","@id":"https:\/\/www.powerdiesel.com.ar\/tienda\/producto\/cartucho-nucleo-central-renault-master-25-dci-g9u-gt1549s\/#breadcrumb","itemListElement":[{"@type":"ListItem","position":1,"name":"Portada","item":"https:\/\/www.powerdiesel.com.ar\/tienda\/"},{"@type":"ListItem","position":2,"name":"Repuestos","item":"https:\/\/www.powerdiesel.com.ar\/tienda\/"},{"@type":"ListItem","position":3,"name":"Cartucho &#8211; Nucleo Central Renault Master 2,5 Dci G9u Gt1549s"}]},{"@type":"WebSite","@id":"https:\/\/www.powerdiesel.com.ar\/tienda\/#website","url":"https:\/\/www.powerdiesel.com.ar\/tienda\/","name":"","description":"Compra Asegurada!","potentialAction":[{"@type":"SearchAction","target":{"@type":"EntryPoint","urlTemplate":"https:\/\/www.powerdiesel.com.ar\/tienda\/?s={search_term_string}"},"query-input":{"@type":"PropertyValueSpecification","valueRequired":true,"valueName":"search_term_string"}}],"inLanguage":"es"}]}},"_links":{"self":[{"href":"https:\/\/www.powerdiesel.com.ar\/tienda\/wp-json\/wp\/v2\/product\/3718","targetHints":{"allow":["GET"]}}],"collection":[{"href":"https:\/\/www.powerdiesel.com.ar\/tienda\/wp-json\/wp\/v2\/product"}],"about":[{"href":"https:\/\/www.powerdiesel.com.ar\/tienda\/wp-json\/wp\/v2\/types\/product"}],"wp:featuredmedia":[{"embeddable":true,"href":"https:\/\/www.powerdiesel.com.ar\/tienda\/wp-json\/wp\/v2\/media\/5458"}],"wp:attachment":[{"href":"https:\/\/www.powerdiesel.com.ar\/tienda\/wp-json\/wp\/v2\/media?parent=3718"}],"wp:term":[{"taxonomy":"product_brand","embeddable":true,"href":"https:\/\/www.powerdiesel.com.ar\/tienda\/wp-json\/wp\/v2\/product_brand?post=3718"},{"taxonomy":"product_cat","embeddable":true,"href":"https:\/\/www.powerdiesel.com.ar\/tienda\/wp-json\/wp\/v2\/product_cat?post=3718"},{"taxonomy":"product_tag","embeddable":true,"href":"https:\/\/www.powerdiesel.com.ar\/tienda\/wp-json\/wp\/v2\/product_tag?post=3718"}],"curies":[{"name":"wp","href":"https:\/\/api.w.org\/{rel}","templated":true}]}}