{"id":3478,"date":"2022-04-09T19:37:00","date_gmt":"2022-04-09T22:37:00","guid":{"rendered":"https:\/\/www.powerdiesel.com.ar\/tienda\/producto\/geometria-variable-toyota-hilux-3-0-p-turbo-17201-0l040\/"},"modified":"2026-01-28T17:43:15","modified_gmt":"2026-01-28T20:43:15","slug":"geometria-variable-toyota-hilux-3-0-p-turbo-17201-0l040","status":"publish","type":"product","link":"https:\/\/www.powerdiesel.com.ar\/tienda\/producto\/geometria-variable-toyota-hilux-3-0-p-turbo-17201-0l040\/","title":{"rendered":"Geometria Variable Toyota Hilux 3.0 p\/turbo 17201-0l040"},"content":{"rendered":"<p>Marca: SL TURBO<br \/>\nEstado:\tNuevo cerrado en caja<br \/>\nGarantia: Si, Cambio por falla<\/p>\n<p>SLTURBO-JRONE-TURBOLAR fabrica bajo la misma norma alemana TUV TS16949 que los fabricantes originales<br \/>\n&#8211; Las m\u00e1s vendida del pa\u00eds, con garant\u00eda y representaci\u00f3n oficial en ARGENTINA<\/p>\n","protected":false},"excerpt":{"rendered":"<p>DESCRIPCI\u00d3N:<br \/>\nGeometria Variable para cartucho &#8211; Conjunto central 1000060003 de Toyota Hilux 3.0 de modelo 2005 al 2015<br \/>\np\/Tbo. 17201-0L040<\/p>\n<p>MARCA: SL TURBO<br \/>\nC\u00d3DIGO: 3000-016-044<br \/>\nTURBO OE N\u00ba: 17201-0L040<br \/>\nMODELO: CT16<br \/>\nESTADO: Nuevo, cerrado en caja<\/p>\n<p>FORMAS DE ENV\u00cdO:<br \/>\n&#8211; MERCADO ENV\u00cdOS<br \/>\n&#8211; DESPACHAMOS POR MICRO A TODO EL PA\u00cdS SEG\u00daN NECESIDAD DEL CLIENTE.<\/p>\n<p>FORMAS DE PAGO:<br \/>\n&#8211; MERCADO PAGO<br \/>\n&#8211; CONSULTAR POR OTROS MEDIOS<\/p>\n<p>FACTURACI\u00d3N:<br \/>\n-Emitimos Facturas A y B.<\/p>\n<p>Somos POWER DIESEL.<br \/>\nVenta de repuestos originales y alternativos<\/p>\n","protected":false},"featured_media":3407,"template":"","meta":{"_joinchat":[]},"product_brand":[],"product_cat":[23],"product_tag":[],"class_list":{"0":"post-3478","1":"product","2":"type-product","3":"status-publish","4":"has-post-thumbnail","6":"product_cat-nucleos","8":"first","9":"instock","10":"taxable","11":"shipping-taxable","12":"purchasable","13":"product-type-simple"},"yoast_head":"<!-- This site is optimized with the Yoast SEO plugin v27.5 - https:\/\/yoast.com\/product\/yoast-seo-wordpress\/ -->\n<title>Geometria Variable Toyota Hilux 3.0 p\/turbo 17201-0l040 -<\/title>\n<meta name=\"robots\" content=\"index, follow, max-snippet:-1, max-image-preview:large, max-video-preview:-1\" \/>\n<link rel=\"canonical\" href=\"https:\/\/www.powerdiesel.com.ar\/tienda\/producto\/geometria-variable-toyota-hilux-3-0-p-turbo-17201-0l040\/\" \/>\n<meta property=\"og:locale\" content=\"es_ES\" \/>\n<meta property=\"og:type\" content=\"article\" \/>\n<meta property=\"og:title\" content=\"Geometria Variable Toyota Hilux 3.0 p\/turbo 17201-0l040 -\" \/>\n<meta property=\"og:description\" content=\"DESCRIPCI\u00d3N: Geometria Variable para cartucho - Conjunto central 1000060003 de Toyota Hilux 3.0 de modelo 2005 al 2015 p\/Tbo. 17201-0L040 MARCA: SL TURBO C\u00d3DIGO: 3000-016-044 TURBO OE N\u00ba: 17201-0L040 MODELO: CT16 ESTADO: Nuevo, cerrado en caja FORMAS DE ENV\u00cdO: - MERCADO ENV\u00cdOS - DESPACHAMOS POR MICRO A TODO EL PA\u00cdS SEG\u00daN NECESIDAD DEL CLIENTE. FORMAS DE PAGO: - MERCADO PAGO - CONSULTAR POR OTROS MEDIOS FACTURACI\u00d3N: -Emitimos Facturas A y B. Somos POWER DIESEL. Venta de repuestos originales y alternativos\" \/>\n<meta property=\"og:url\" content=\"https:\/\/www.powerdiesel.com.ar\/tienda\/producto\/geometria-variable-toyota-hilux-3-0-p-turbo-17201-0l040\/\" \/>\n<meta property=\"article:modified_time\" content=\"2026-01-28T20:43:15+00:00\" \/>\n<meta name=\"twitter:card\" content=\"summary_large_image\" \/>\n<script type=\"application\/ld+json\" class=\"yoast-schema-graph\">{\"@context\":\"https:\\\/\\\/schema.org\",\"@graph\":[{\"@type\":\"WebPage\",\"@id\":\"https:\\\/\\\/www.powerdiesel.com.ar\\\/tienda\\\/producto\\\/geometria-variable-toyota-hilux-3-0-p-turbo-17201-0l040\\\/\",\"url\":\"https:\\\/\\\/www.powerdiesel.com.ar\\\/tienda\\\/producto\\\/geometria-variable-toyota-hilux-3-0-p-turbo-17201-0l040\\\/\",\"name\":\"Geometria Variable Toyota Hilux 3.0 p\\\/turbo 17201-0l040 -\",\"isPartOf\":{\"@id\":\"https:\\\/\\\/www.powerdiesel.com.ar\\\/tienda\\\/#website\"},\"primaryImageOfPage\":{\"@id\":\"https:\\\/\\\/www.powerdiesel.com.ar\\\/tienda\\\/producto\\\/geometria-variable-toyota-hilux-3-0-p-turbo-17201-0l040\\\/#primaryimage\"},\"image\":{\"@id\":\"https:\\\/\\\/www.powerdiesel.com.ar\\\/tienda\\\/producto\\\/geometria-variable-toyota-hilux-3-0-p-turbo-17201-0l040\\\/#primaryimage\"},\"thumbnailUrl\":\"https:\\\/\\\/www.powerdiesel.com.ar\\\/tienda\\\/wp-content\\\/uploads\\\/2022\\\/04\\\/D_NQ_NP_745461-MLA49580228819_042022-F.jpg\",\"datePublished\":\"2022-04-09T22:37:00+00:00\",\"dateModified\":\"2026-01-28T20:43:15+00:00\",\"breadcrumb\":{\"@id\":\"https:\\\/\\\/www.powerdiesel.com.ar\\\/tienda\\\/producto\\\/geometria-variable-toyota-hilux-3-0-p-turbo-17201-0l040\\\/#breadcrumb\"},\"inLanguage\":\"es\",\"potentialAction\":[{\"@type\":\"ReadAction\",\"target\":[\"https:\\\/\\\/www.powerdiesel.com.ar\\\/tienda\\\/producto\\\/geometria-variable-toyota-hilux-3-0-p-turbo-17201-0l040\\\/\"]}]},{\"@type\":\"ImageObject\",\"inLanguage\":\"es\",\"@id\":\"https:\\\/\\\/www.powerdiesel.com.ar\\\/tienda\\\/producto\\\/geometria-variable-toyota-hilux-3-0-p-turbo-17201-0l040\\\/#primaryimage\",\"url\":\"https:\\\/\\\/www.powerdiesel.com.ar\\\/tienda\\\/wp-content\\\/uploads\\\/2022\\\/04\\\/D_NQ_NP_745461-MLA49580228819_042022-F.jpg\",\"contentUrl\":\"https:\\\/\\\/www.powerdiesel.com.ar\\\/tienda\\\/wp-content\\\/uploads\\\/2022\\\/04\\\/D_NQ_NP_745461-MLA49580228819_042022-F.jpg\",\"width\":828,\"height\":904},{\"@type\":\"BreadcrumbList\",\"@id\":\"https:\\\/\\\/www.powerdiesel.com.ar\\\/tienda\\\/producto\\\/geometria-variable-toyota-hilux-3-0-p-turbo-17201-0l040\\\/#breadcrumb\",\"itemListElement\":[{\"@type\":\"ListItem\",\"position\":1,\"name\":\"Portada\",\"item\":\"https:\\\/\\\/www.powerdiesel.com.ar\\\/tienda\\\/\"},{\"@type\":\"ListItem\",\"position\":2,\"name\":\"Repuestos\",\"item\":\"https:\\\/\\\/www.powerdiesel.com.ar\\\/tienda\\\/\"},{\"@type\":\"ListItem\",\"position\":3,\"name\":\"Geometria Variable Toyota Hilux 3.0 p\\\/turbo 17201-0l040\"}]},{\"@type\":\"WebSite\",\"@id\":\"https:\\\/\\\/www.powerdiesel.com.ar\\\/tienda\\\/#website\",\"url\":\"https:\\\/\\\/www.powerdiesel.com.ar\\\/tienda\\\/\",\"name\":\"\",\"description\":\"Compra Asegurada!\",\"potentialAction\":[{\"@type\":\"SearchAction\",\"target\":{\"@type\":\"EntryPoint\",\"urlTemplate\":\"https:\\\/\\\/www.powerdiesel.com.ar\\\/tienda\\\/?s={search_term_string}\"},\"query-input\":{\"@type\":\"PropertyValueSpecification\",\"valueRequired\":true,\"valueName\":\"search_term_string\"}}],\"inLanguage\":\"es\"}]}<\/script>\n<!-- \/ Yoast SEO plugin. -->","yoast_head_json":{"title":"Geometria Variable Toyota Hilux 3.0 p\/turbo 17201-0l040 -","robots":{"index":"index","follow":"follow","max-snippet":"max-snippet:-1","max-image-preview":"max-image-preview:large","max-video-preview":"max-video-preview:-1"},"canonical":"https:\/\/www.powerdiesel.com.ar\/tienda\/producto\/geometria-variable-toyota-hilux-3-0-p-turbo-17201-0l040\/","og_locale":"es_ES","og_type":"article","og_title":"Geometria Variable Toyota Hilux 3.0 p\/turbo 17201-0l040 -","og_description":"DESCRIPCI\u00d3N: Geometria Variable para cartucho - Conjunto central 1000060003 de Toyota Hilux 3.0 de modelo 2005 al 2015 p\/Tbo. 17201-0L040 MARCA: SL TURBO C\u00d3DIGO: 3000-016-044 TURBO OE N\u00ba: 17201-0L040 MODELO: CT16 ESTADO: Nuevo, cerrado en caja FORMAS DE ENV\u00cdO: - MERCADO ENV\u00cdOS - DESPACHAMOS POR MICRO A TODO EL PA\u00cdS SEG\u00daN NECESIDAD DEL CLIENTE. FORMAS DE PAGO: - MERCADO PAGO - CONSULTAR POR OTROS MEDIOS FACTURACI\u00d3N: -Emitimos Facturas A y B. Somos POWER DIESEL. Venta de repuestos originales y alternativos","og_url":"https:\/\/www.powerdiesel.com.ar\/tienda\/producto\/geometria-variable-toyota-hilux-3-0-p-turbo-17201-0l040\/","article_modified_time":"2026-01-28T20:43:15+00:00","twitter_card":"summary_large_image","schema":{"@context":"https:\/\/schema.org","@graph":[{"@type":"WebPage","@id":"https:\/\/www.powerdiesel.com.ar\/tienda\/producto\/geometria-variable-toyota-hilux-3-0-p-turbo-17201-0l040\/","url":"https:\/\/www.powerdiesel.com.ar\/tienda\/producto\/geometria-variable-toyota-hilux-3-0-p-turbo-17201-0l040\/","name":"Geometria Variable Toyota Hilux 3.0 p\/turbo 17201-0l040 -","isPartOf":{"@id":"https:\/\/www.powerdiesel.com.ar\/tienda\/#website"},"primaryImageOfPage":{"@id":"https:\/\/www.powerdiesel.com.ar\/tienda\/producto\/geometria-variable-toyota-hilux-3-0-p-turbo-17201-0l040\/#primaryimage"},"image":{"@id":"https:\/\/www.powerdiesel.com.ar\/tienda\/producto\/geometria-variable-toyota-hilux-3-0-p-turbo-17201-0l040\/#primaryimage"},"thumbnailUrl":"https:\/\/www.powerdiesel.com.ar\/tienda\/wp-content\/uploads\/2022\/04\/D_NQ_NP_745461-MLA49580228819_042022-F.jpg","datePublished":"2022-04-09T22:37:00+00:00","dateModified":"2026-01-28T20:43:15+00:00","breadcrumb":{"@id":"https:\/\/www.powerdiesel.com.ar\/tienda\/producto\/geometria-variable-toyota-hilux-3-0-p-turbo-17201-0l040\/#breadcrumb"},"inLanguage":"es","potentialAction":[{"@type":"ReadAction","target":["https:\/\/www.powerdiesel.com.ar\/tienda\/producto\/geometria-variable-toyota-hilux-3-0-p-turbo-17201-0l040\/"]}]},{"@type":"ImageObject","inLanguage":"es","@id":"https:\/\/www.powerdiesel.com.ar\/tienda\/producto\/geometria-variable-toyota-hilux-3-0-p-turbo-17201-0l040\/#primaryimage","url":"https:\/\/www.powerdiesel.com.ar\/tienda\/wp-content\/uploads\/2022\/04\/D_NQ_NP_745461-MLA49580228819_042022-F.jpg","contentUrl":"https:\/\/www.powerdiesel.com.ar\/tienda\/wp-content\/uploads\/2022\/04\/D_NQ_NP_745461-MLA49580228819_042022-F.jpg","width":828,"height":904},{"@type":"BreadcrumbList","@id":"https:\/\/www.powerdiesel.com.ar\/tienda\/producto\/geometria-variable-toyota-hilux-3-0-p-turbo-17201-0l040\/#breadcrumb","itemListElement":[{"@type":"ListItem","position":1,"name":"Portada","item":"https:\/\/www.powerdiesel.com.ar\/tienda\/"},{"@type":"ListItem","position":2,"name":"Repuestos","item":"https:\/\/www.powerdiesel.com.ar\/tienda\/"},{"@type":"ListItem","position":3,"name":"Geometria Variable Toyota Hilux 3.0 p\/turbo 17201-0l040"}]},{"@type":"WebSite","@id":"https:\/\/www.powerdiesel.com.ar\/tienda\/#website","url":"https:\/\/www.powerdiesel.com.ar\/tienda\/","name":"","description":"Compra Asegurada!","potentialAction":[{"@type":"SearchAction","target":{"@type":"EntryPoint","urlTemplate":"https:\/\/www.powerdiesel.com.ar\/tienda\/?s={search_term_string}"},"query-input":{"@type":"PropertyValueSpecification","valueRequired":true,"valueName":"search_term_string"}}],"inLanguage":"es"}]}},"_links":{"self":[{"href":"https:\/\/www.powerdiesel.com.ar\/tienda\/wp-json\/wp\/v2\/product\/3478","targetHints":{"allow":["GET"]}}],"collection":[{"href":"https:\/\/www.powerdiesel.com.ar\/tienda\/wp-json\/wp\/v2\/product"}],"about":[{"href":"https:\/\/www.powerdiesel.com.ar\/tienda\/wp-json\/wp\/v2\/types\/product"}],"wp:featuredmedia":[{"embeddable":true,"href":"https:\/\/www.powerdiesel.com.ar\/tienda\/wp-json\/wp\/v2\/media\/3407"}],"wp:attachment":[{"href":"https:\/\/www.powerdiesel.com.ar\/tienda\/wp-json\/wp\/v2\/media?parent=3478"}],"wp:term":[{"taxonomy":"product_brand","embeddable":true,"href":"https:\/\/www.powerdiesel.com.ar\/tienda\/wp-json\/wp\/v2\/product_brand?post=3478"},{"taxonomy":"product_cat","embeddable":true,"href":"https:\/\/www.powerdiesel.com.ar\/tienda\/wp-json\/wp\/v2\/product_cat?post=3478"},{"taxonomy":"product_tag","embeddable":true,"href":"https:\/\/www.powerdiesel.com.ar\/tienda\/wp-json\/wp\/v2\/product_tag?post=3478"}],"curies":[{"name":"wp","href":"https:\/\/api.w.org\/{rel}","templated":true}]}}