{"id":3455,"date":"2022-04-09T19:36:53","date_gmt":"2022-04-09T22:36:53","guid":{"rendered":"https:\/\/www.powerdiesel.com.ar\/tienda\/producto\/conjunto-central-vw-audi-golf-19-53039880006-028145701r\/"},"modified":"2026-01-28T17:43:12","modified_gmt":"2026-01-28T20:43:12","slug":"conjunto-central-vw-audi-golf-19-53039880006-028145701r","status":"publish","type":"product","link":"https:\/\/www.powerdiesel.com.ar\/tienda\/producto\/conjunto-central-vw-audi-golf-19-53039880006-028145701r\/","title":{"rendered":"Conjunto central VW Audi Golf 1,9 53039880006 028145701R"},"content":{"rendered":"<p>Marca: SL TURBO<br \/>\nEstado:\tNuevo cerrado en caja<br \/>\nGarantia: Si, Cambio por falla<\/p>\n<p>SLTURBO-JRONE-TURBOLAR fabrica bajo la misma norma alemana TUV TS16949 que los fabricantes originales<br \/>\n&#8211; Las m\u00e1s vendida del pa\u00eds, con garant\u00eda y representaci\u00f3n oficial en ARGENTINA<\/p>\n","protected":false},"excerpt":{"rendered":"<p>DESCRIPCI\u00d3N:<br \/>\nCartucho &#8211; nucleo central VW Golf \u2013 VW New Beetle \u2013 Audi 1.9<\/p>\n<p>MARCA: SL TURBO<br \/>\nC\u00d3DIGO: 1000-030-160<br \/>\nN\u00ba DE PARTE: 5303 710 0500<br \/>\nTURBO OE N\u00ba: 53039880006 \/ 028145701R \/ 038145701D<br \/>\nMODELO: K03<br \/>\nESTADO: Nuevo, cerrado en caja<\/p>\n<p>FORMAS DE ENV\u00cdO:<br \/>\n&#8211; MERCADO ENV\u00cdOS<br \/>\n&#8211; DESPACHAMOS POR MICRO A TODO EL PA\u00cdS SEG\u00daN NECESIDAD DEL CLIENTE.<\/p>\n<p>FORMAS DE PAGO:<br \/>\n&#8211; MERCADO PAGO<br \/>\n&#8211; CONSULTAR POR OTROS MEDIOS<\/p>\n<p>FACTURACI\u00d3N:<br \/>\n-Emitimos Facturas A y B.<\/p>\n<p>Somos POWER DIESEL.<br \/>\nVenta de repuestos originales y alternativos<\/p>\n","protected":false},"featured_media":3407,"template":"","meta":{"_joinchat":[]},"product_brand":[],"product_cat":[23],"product_tag":[],"class_list":{"0":"post-3455","1":"product","2":"type-product","3":"status-publish","4":"has-post-thumbnail","6":"product_cat-nucleos","8":"first","9":"instock","10":"taxable","11":"shipping-taxable","12":"purchasable","13":"product-type-simple"},"yoast_head":"<!-- This site is optimized with the Yoast SEO plugin v27.5 - https:\/\/yoast.com\/product\/yoast-seo-wordpress\/ -->\n<title>Conjunto central VW Audi Golf 1,9 53039880006 028145701R -<\/title>\n<meta name=\"robots\" content=\"index, follow, max-snippet:-1, max-image-preview:large, max-video-preview:-1\" \/>\n<link rel=\"canonical\" href=\"https:\/\/www.powerdiesel.com.ar\/tienda\/producto\/conjunto-central-vw-audi-golf-19-53039880006-028145701r\/\" \/>\n<meta property=\"og:locale\" content=\"es_ES\" \/>\n<meta property=\"og:type\" content=\"article\" \/>\n<meta property=\"og:title\" content=\"Conjunto central VW Audi Golf 1,9 53039880006 028145701R -\" \/>\n<meta property=\"og:description\" content=\"DESCRIPCI\u00d3N: Cartucho - nucleo central VW Golf \u2013 VW New Beetle \u2013 Audi 1.9 MARCA: SL TURBO C\u00d3DIGO: 1000-030-160 N\u00ba DE PARTE: 5303 710 0500 TURBO OE N\u00ba: 53039880006 \/ 028145701R \/ 038145701D MODELO: K03 ESTADO: Nuevo, cerrado en caja FORMAS DE ENV\u00cdO: - MERCADO ENV\u00cdOS - DESPACHAMOS POR MICRO A TODO EL PA\u00cdS SEG\u00daN NECESIDAD DEL CLIENTE. FORMAS DE PAGO: - MERCADO PAGO - CONSULTAR POR OTROS MEDIOS FACTURACI\u00d3N: -Emitimos Facturas A y B. Somos POWER DIESEL. Venta de repuestos originales y alternativos\" \/>\n<meta property=\"og:url\" content=\"https:\/\/www.powerdiesel.com.ar\/tienda\/producto\/conjunto-central-vw-audi-golf-19-53039880006-028145701r\/\" \/>\n<meta property=\"article:modified_time\" content=\"2026-01-28T20:43:12+00:00\" \/>\n<meta name=\"twitter:card\" content=\"summary_large_image\" \/>\n<script type=\"application\/ld+json\" class=\"yoast-schema-graph\">{\"@context\":\"https:\\\/\\\/schema.org\",\"@graph\":[{\"@type\":\"WebPage\",\"@id\":\"https:\\\/\\\/www.powerdiesel.com.ar\\\/tienda\\\/producto\\\/conjunto-central-vw-audi-golf-19-53039880006-028145701r\\\/\",\"url\":\"https:\\\/\\\/www.powerdiesel.com.ar\\\/tienda\\\/producto\\\/conjunto-central-vw-audi-golf-19-53039880006-028145701r\\\/\",\"name\":\"Conjunto central VW Audi Golf 1,9 53039880006 028145701R -\",\"isPartOf\":{\"@id\":\"https:\\\/\\\/www.powerdiesel.com.ar\\\/tienda\\\/#website\"},\"primaryImageOfPage\":{\"@id\":\"https:\\\/\\\/www.powerdiesel.com.ar\\\/tienda\\\/producto\\\/conjunto-central-vw-audi-golf-19-53039880006-028145701r\\\/#primaryimage\"},\"image\":{\"@id\":\"https:\\\/\\\/www.powerdiesel.com.ar\\\/tienda\\\/producto\\\/conjunto-central-vw-audi-golf-19-53039880006-028145701r\\\/#primaryimage\"},\"thumbnailUrl\":\"https:\\\/\\\/www.powerdiesel.com.ar\\\/tienda\\\/wp-content\\\/uploads\\\/2022\\\/04\\\/D_NQ_NP_745461-MLA49580228819_042022-F.jpg\",\"datePublished\":\"2022-04-09T22:36:53+00:00\",\"dateModified\":\"2026-01-28T20:43:12+00:00\",\"breadcrumb\":{\"@id\":\"https:\\\/\\\/www.powerdiesel.com.ar\\\/tienda\\\/producto\\\/conjunto-central-vw-audi-golf-19-53039880006-028145701r\\\/#breadcrumb\"},\"inLanguage\":\"es\",\"potentialAction\":[{\"@type\":\"ReadAction\",\"target\":[\"https:\\\/\\\/www.powerdiesel.com.ar\\\/tienda\\\/producto\\\/conjunto-central-vw-audi-golf-19-53039880006-028145701r\\\/\"]}]},{\"@type\":\"ImageObject\",\"inLanguage\":\"es\",\"@id\":\"https:\\\/\\\/www.powerdiesel.com.ar\\\/tienda\\\/producto\\\/conjunto-central-vw-audi-golf-19-53039880006-028145701r\\\/#primaryimage\",\"url\":\"https:\\\/\\\/www.powerdiesel.com.ar\\\/tienda\\\/wp-content\\\/uploads\\\/2022\\\/04\\\/D_NQ_NP_745461-MLA49580228819_042022-F.jpg\",\"contentUrl\":\"https:\\\/\\\/www.powerdiesel.com.ar\\\/tienda\\\/wp-content\\\/uploads\\\/2022\\\/04\\\/D_NQ_NP_745461-MLA49580228819_042022-F.jpg\",\"width\":828,\"height\":904},{\"@type\":\"BreadcrumbList\",\"@id\":\"https:\\\/\\\/www.powerdiesel.com.ar\\\/tienda\\\/producto\\\/conjunto-central-vw-audi-golf-19-53039880006-028145701r\\\/#breadcrumb\",\"itemListElement\":[{\"@type\":\"ListItem\",\"position\":1,\"name\":\"Portada\",\"item\":\"https:\\\/\\\/www.powerdiesel.com.ar\\\/tienda\\\/\"},{\"@type\":\"ListItem\",\"position\":2,\"name\":\"Repuestos\",\"item\":\"https:\\\/\\\/www.powerdiesel.com.ar\\\/tienda\\\/\"},{\"@type\":\"ListItem\",\"position\":3,\"name\":\"Conjunto central VW Audi Golf 1,9 53039880006 028145701R\"}]},{\"@type\":\"WebSite\",\"@id\":\"https:\\\/\\\/www.powerdiesel.com.ar\\\/tienda\\\/#website\",\"url\":\"https:\\\/\\\/www.powerdiesel.com.ar\\\/tienda\\\/\",\"name\":\"\",\"description\":\"Compra Asegurada!\",\"potentialAction\":[{\"@type\":\"SearchAction\",\"target\":{\"@type\":\"EntryPoint\",\"urlTemplate\":\"https:\\\/\\\/www.powerdiesel.com.ar\\\/tienda\\\/?s={search_term_string}\"},\"query-input\":{\"@type\":\"PropertyValueSpecification\",\"valueRequired\":true,\"valueName\":\"search_term_string\"}}],\"inLanguage\":\"es\"}]}<\/script>\n<!-- \/ Yoast SEO plugin. -->","yoast_head_json":{"title":"Conjunto central VW Audi Golf 1,9 53039880006 028145701R -","robots":{"index":"index","follow":"follow","max-snippet":"max-snippet:-1","max-image-preview":"max-image-preview:large","max-video-preview":"max-video-preview:-1"},"canonical":"https:\/\/www.powerdiesel.com.ar\/tienda\/producto\/conjunto-central-vw-audi-golf-19-53039880006-028145701r\/","og_locale":"es_ES","og_type":"article","og_title":"Conjunto central VW Audi Golf 1,9 53039880006 028145701R -","og_description":"DESCRIPCI\u00d3N: Cartucho - nucleo central VW Golf \u2013 VW New Beetle \u2013 Audi 1.9 MARCA: SL TURBO C\u00d3DIGO: 1000-030-160 N\u00ba DE PARTE: 5303 710 0500 TURBO OE N\u00ba: 53039880006 \/ 028145701R \/ 038145701D MODELO: K03 ESTADO: Nuevo, cerrado en caja FORMAS DE ENV\u00cdO: - MERCADO ENV\u00cdOS - DESPACHAMOS POR MICRO A TODO EL PA\u00cdS SEG\u00daN NECESIDAD DEL CLIENTE. FORMAS DE PAGO: - MERCADO PAGO - CONSULTAR POR OTROS MEDIOS FACTURACI\u00d3N: -Emitimos Facturas A y B. Somos POWER DIESEL. Venta de repuestos originales y alternativos","og_url":"https:\/\/www.powerdiesel.com.ar\/tienda\/producto\/conjunto-central-vw-audi-golf-19-53039880006-028145701r\/","article_modified_time":"2026-01-28T20:43:12+00:00","twitter_card":"summary_large_image","schema":{"@context":"https:\/\/schema.org","@graph":[{"@type":"WebPage","@id":"https:\/\/www.powerdiesel.com.ar\/tienda\/producto\/conjunto-central-vw-audi-golf-19-53039880006-028145701r\/","url":"https:\/\/www.powerdiesel.com.ar\/tienda\/producto\/conjunto-central-vw-audi-golf-19-53039880006-028145701r\/","name":"Conjunto central VW Audi Golf 1,9 53039880006 028145701R -","isPartOf":{"@id":"https:\/\/www.powerdiesel.com.ar\/tienda\/#website"},"primaryImageOfPage":{"@id":"https:\/\/www.powerdiesel.com.ar\/tienda\/producto\/conjunto-central-vw-audi-golf-19-53039880006-028145701r\/#primaryimage"},"image":{"@id":"https:\/\/www.powerdiesel.com.ar\/tienda\/producto\/conjunto-central-vw-audi-golf-19-53039880006-028145701r\/#primaryimage"},"thumbnailUrl":"https:\/\/www.powerdiesel.com.ar\/tienda\/wp-content\/uploads\/2022\/04\/D_NQ_NP_745461-MLA49580228819_042022-F.jpg","datePublished":"2022-04-09T22:36:53+00:00","dateModified":"2026-01-28T20:43:12+00:00","breadcrumb":{"@id":"https:\/\/www.powerdiesel.com.ar\/tienda\/producto\/conjunto-central-vw-audi-golf-19-53039880006-028145701r\/#breadcrumb"},"inLanguage":"es","potentialAction":[{"@type":"ReadAction","target":["https:\/\/www.powerdiesel.com.ar\/tienda\/producto\/conjunto-central-vw-audi-golf-19-53039880006-028145701r\/"]}]},{"@type":"ImageObject","inLanguage":"es","@id":"https:\/\/www.powerdiesel.com.ar\/tienda\/producto\/conjunto-central-vw-audi-golf-19-53039880006-028145701r\/#primaryimage","url":"https:\/\/www.powerdiesel.com.ar\/tienda\/wp-content\/uploads\/2022\/04\/D_NQ_NP_745461-MLA49580228819_042022-F.jpg","contentUrl":"https:\/\/www.powerdiesel.com.ar\/tienda\/wp-content\/uploads\/2022\/04\/D_NQ_NP_745461-MLA49580228819_042022-F.jpg","width":828,"height":904},{"@type":"BreadcrumbList","@id":"https:\/\/www.powerdiesel.com.ar\/tienda\/producto\/conjunto-central-vw-audi-golf-19-53039880006-028145701r\/#breadcrumb","itemListElement":[{"@type":"ListItem","position":1,"name":"Portada","item":"https:\/\/www.powerdiesel.com.ar\/tienda\/"},{"@type":"ListItem","position":2,"name":"Repuestos","item":"https:\/\/www.powerdiesel.com.ar\/tienda\/"},{"@type":"ListItem","position":3,"name":"Conjunto central VW Audi Golf 1,9 53039880006 028145701R"}]},{"@type":"WebSite","@id":"https:\/\/www.powerdiesel.com.ar\/tienda\/#website","url":"https:\/\/www.powerdiesel.com.ar\/tienda\/","name":"","description":"Compra Asegurada!","potentialAction":[{"@type":"SearchAction","target":{"@type":"EntryPoint","urlTemplate":"https:\/\/www.powerdiesel.com.ar\/tienda\/?s={search_term_string}"},"query-input":{"@type":"PropertyValueSpecification","valueRequired":true,"valueName":"search_term_string"}}],"inLanguage":"es"}]}},"_links":{"self":[{"href":"https:\/\/www.powerdiesel.com.ar\/tienda\/wp-json\/wp\/v2\/product\/3455","targetHints":{"allow":["GET"]}}],"collection":[{"href":"https:\/\/www.powerdiesel.com.ar\/tienda\/wp-json\/wp\/v2\/product"}],"about":[{"href":"https:\/\/www.powerdiesel.com.ar\/tienda\/wp-json\/wp\/v2\/types\/product"}],"wp:featuredmedia":[{"embeddable":true,"href":"https:\/\/www.powerdiesel.com.ar\/tienda\/wp-json\/wp\/v2\/media\/3407"}],"wp:attachment":[{"href":"https:\/\/www.powerdiesel.com.ar\/tienda\/wp-json\/wp\/v2\/media?parent=3455"}],"wp:term":[{"taxonomy":"product_brand","embeddable":true,"href":"https:\/\/www.powerdiesel.com.ar\/tienda\/wp-json\/wp\/v2\/product_brand?post=3455"},{"taxonomy":"product_cat","embeddable":true,"href":"https:\/\/www.powerdiesel.com.ar\/tienda\/wp-json\/wp\/v2\/product_cat?post=3455"},{"taxonomy":"product_tag","embeddable":true,"href":"https:\/\/www.powerdiesel.com.ar\/tienda\/wp-json\/wp\/v2\/product_tag?post=3455"}],"curies":[{"name":"wp","href":"https:\/\/api.w.org\/{rel}","templated":true}]}}