{"id":3416,"date":"2022-04-09T19:36:41","date_gmt":"2022-04-09T22:36:41","guid":{"rendered":"https:\/\/www.powerdiesel.com.ar\/tienda\/producto\/conjunto-central-megane-19-dci-laguna-volvo-s40\/"},"modified":"2026-01-28T17:43:08","modified_gmt":"2026-01-28T20:43:08","slug":"conjunto-central-megane-19-dci-laguna-volvo-s40","status":"publish","type":"product","link":"https:\/\/www.powerdiesel.com.ar\/tienda\/producto\/conjunto-central-megane-19-dci-laguna-volvo-s40\/","title":{"rendered":"Conjunto central Megane 1,9 Dci Laguna Volvo S40"},"content":{"rendered":"<p>Marca: SL TURBO<\/p>\n<p>Estado:\tNuevo cerrado en caja<\/p>\n<p>Garantia: Si, Cambio por falla<\/p>\n<p>SLTURBO-JRONE-TURBOLAR fabrica bajo la misma norma alemana TUV TS16949 que los fabricantes originales<\/p>\n<p>&#8211; Las m\u00e1s vendida del pa\u00eds, con garant\u00eda y representaci\u00f3n oficial en ARGENTINA<\/p>\n","protected":false},"excerpt":{"rendered":"<p>DESCRIPCI\u00d3N:<\/p>\n<p>Cartucho &#8211; nucleo central Megane 1,9 Dci Laguna Volvo S40<\/p>\n<p>MARCA: SL TURBO<\/p>\n<p>C\u00d3DIGO: 1000-010-046<\/p>\n<p>N\u00ba DE PARTE: 703890-0302<\/p>\n<p>TURBO OE N\u00ba: H8200114015 \/ 708639-10 683855 \/ 708639-6 \/ 8200369581 \/ 708639-5010s \/ 703890-0302<\/p>\n<p>MODELO: GT1749V <\/p>\n<p>ESTADO: Nuevo, cerrado en caja<\/p>\n<p>FORMAS DE ENV\u00cdO:<\/p>\n<p>&#8211; MERCADO ENV\u00cdOS<\/p>\n<p>&#8211; DESPACHAMOS POR MICRO A TODO EL PA\u00cdS SEG\u00daN NECESIDAD DEL CLIENTE.<\/p>\n<p>FORMAS DE PAGO:<\/p>\n<p>&#8211; MERCADO PAGO<\/p>\n<p>&#8211; CONSULTAR POR OTROS MEDIOS<\/p>\n<p>FACTURACI\u00d3N:<\/p>\n<p>-Emitimos Facturas A y B.<\/p>\n<p>Somos POWER DIESEL.<\/p>\n<p>Venta de repuestos originales y alternativos<\/p>\n","protected":false},"featured_media":3407,"template":"","meta":{"_joinchat":[]},"product_brand":[],"product_cat":[23],"product_tag":[],"class_list":{"0":"post-3416","1":"product","2":"type-product","3":"status-publish","4":"has-post-thumbnail","6":"product_cat-nucleos","8":"first","9":"instock","10":"taxable","11":"shipping-taxable","12":"purchasable","13":"product-type-simple"},"yoast_head":"<!-- This site is optimized with the Yoast SEO plugin v27.5 - https:\/\/yoast.com\/product\/yoast-seo-wordpress\/ -->\n<title>Conjunto central Megane 1,9 Dci Laguna Volvo S40 -<\/title>\n<meta name=\"description\" content=\"Todos nuestros productos son de primera calidad, vienen en su packaging correspondiente. Envios a todo el Pais.\" \/>\n<meta name=\"robots\" content=\"index, follow, max-snippet:-1, max-image-preview:large, max-video-preview:-1\" \/>\n<link rel=\"canonical\" href=\"https:\/\/www.powerdiesel.com.ar\/tienda\/producto\/conjunto-central-megane-19-dci-laguna-volvo-s40\/\" \/>\n<meta property=\"og:locale\" content=\"es_ES\" \/>\n<meta property=\"og:type\" content=\"article\" \/>\n<meta property=\"og:title\" content=\"Conjunto central Megane 1,9 Dci Laguna Volvo S40 -\" \/>\n<meta property=\"og:description\" content=\"Todos nuestros productos son de primera calidad, vienen en su packaging correspondiente. Envios a todo el Pais.\" \/>\n<meta property=\"og:url\" content=\"https:\/\/www.powerdiesel.com.ar\/tienda\/producto\/conjunto-central-megane-19-dci-laguna-volvo-s40\/\" \/>\n<meta property=\"article:modified_time\" content=\"2026-01-28T20:43:08+00:00\" \/>\n<meta property=\"og:image\" content=\"https:\/\/www.powerdiesel.com.ar\/tienda\/wp-content\/uploads\/2022\/04\/D_NQ_NP_745461-MLA49580228819_042022-F.jpg\" \/>\n\t<meta property=\"og:image:width\" content=\"828\" \/>\n\t<meta property=\"og:image:height\" content=\"904\" \/>\n\t<meta property=\"og:image:type\" content=\"image\/jpeg\" \/>\n<meta name=\"twitter:card\" content=\"summary_large_image\" \/>\n<script type=\"application\/ld+json\" class=\"yoast-schema-graph\">{\"@context\":\"https:\\\/\\\/schema.org\",\"@graph\":[{\"@type\":\"WebPage\",\"@id\":\"https:\\\/\\\/www.powerdiesel.com.ar\\\/tienda\\\/producto\\\/conjunto-central-megane-19-dci-laguna-volvo-s40\\\/\",\"url\":\"https:\\\/\\\/www.powerdiesel.com.ar\\\/tienda\\\/producto\\\/conjunto-central-megane-19-dci-laguna-volvo-s40\\\/\",\"name\":\"Conjunto central Megane 1,9 Dci Laguna Volvo S40 -\",\"isPartOf\":{\"@id\":\"https:\\\/\\\/www.powerdiesel.com.ar\\\/tienda\\\/#website\"},\"primaryImageOfPage\":{\"@id\":\"https:\\\/\\\/www.powerdiesel.com.ar\\\/tienda\\\/producto\\\/conjunto-central-megane-19-dci-laguna-volvo-s40\\\/#primaryimage\"},\"image\":{\"@id\":\"https:\\\/\\\/www.powerdiesel.com.ar\\\/tienda\\\/producto\\\/conjunto-central-megane-19-dci-laguna-volvo-s40\\\/#primaryimage\"},\"thumbnailUrl\":\"https:\\\/\\\/www.powerdiesel.com.ar\\\/tienda\\\/wp-content\\\/uploads\\\/2022\\\/04\\\/D_NQ_NP_745461-MLA49580228819_042022-F.jpg\",\"datePublished\":\"2022-04-09T22:36:41+00:00\",\"dateModified\":\"2026-01-28T20:43:08+00:00\",\"description\":\"Todos nuestros productos son de primera calidad, vienen en su packaging correspondiente. Envios a todo el Pais.\",\"breadcrumb\":{\"@id\":\"https:\\\/\\\/www.powerdiesel.com.ar\\\/tienda\\\/producto\\\/conjunto-central-megane-19-dci-laguna-volvo-s40\\\/#breadcrumb\"},\"inLanguage\":\"es\",\"potentialAction\":[{\"@type\":\"ReadAction\",\"target\":[\"https:\\\/\\\/www.powerdiesel.com.ar\\\/tienda\\\/producto\\\/conjunto-central-megane-19-dci-laguna-volvo-s40\\\/\"]}]},{\"@type\":\"ImageObject\",\"inLanguage\":\"es\",\"@id\":\"https:\\\/\\\/www.powerdiesel.com.ar\\\/tienda\\\/producto\\\/conjunto-central-megane-19-dci-laguna-volvo-s40\\\/#primaryimage\",\"url\":\"https:\\\/\\\/www.powerdiesel.com.ar\\\/tienda\\\/wp-content\\\/uploads\\\/2022\\\/04\\\/D_NQ_NP_745461-MLA49580228819_042022-F.jpg\",\"contentUrl\":\"https:\\\/\\\/www.powerdiesel.com.ar\\\/tienda\\\/wp-content\\\/uploads\\\/2022\\\/04\\\/D_NQ_NP_745461-MLA49580228819_042022-F.jpg\",\"width\":828,\"height\":904},{\"@type\":\"BreadcrumbList\",\"@id\":\"https:\\\/\\\/www.powerdiesel.com.ar\\\/tienda\\\/producto\\\/conjunto-central-megane-19-dci-laguna-volvo-s40\\\/#breadcrumb\",\"itemListElement\":[{\"@type\":\"ListItem\",\"position\":1,\"name\":\"Portada\",\"item\":\"https:\\\/\\\/www.powerdiesel.com.ar\\\/tienda\\\/\"},{\"@type\":\"ListItem\",\"position\":2,\"name\":\"Repuestos\",\"item\":\"https:\\\/\\\/www.powerdiesel.com.ar\\\/tienda\\\/\"},{\"@type\":\"ListItem\",\"position\":3,\"name\":\"Conjunto central Megane 1,9 Dci Laguna Volvo S40\"}]},{\"@type\":\"WebSite\",\"@id\":\"https:\\\/\\\/www.powerdiesel.com.ar\\\/tienda\\\/#website\",\"url\":\"https:\\\/\\\/www.powerdiesel.com.ar\\\/tienda\\\/\",\"name\":\"\",\"description\":\"Compra Asegurada!\",\"potentialAction\":[{\"@type\":\"SearchAction\",\"target\":{\"@type\":\"EntryPoint\",\"urlTemplate\":\"https:\\\/\\\/www.powerdiesel.com.ar\\\/tienda\\\/?s={search_term_string}\"},\"query-input\":{\"@type\":\"PropertyValueSpecification\",\"valueRequired\":true,\"valueName\":\"search_term_string\"}}],\"inLanguage\":\"es\"}]}<\/script>\n<!-- \/ Yoast SEO plugin. -->","yoast_head_json":{"title":"Conjunto central Megane 1,9 Dci Laguna Volvo S40 -","description":"Todos nuestros productos son de primera calidad, vienen en su packaging correspondiente. Envios a todo el Pais.","robots":{"index":"index","follow":"follow","max-snippet":"max-snippet:-1","max-image-preview":"max-image-preview:large","max-video-preview":"max-video-preview:-1"},"canonical":"https:\/\/www.powerdiesel.com.ar\/tienda\/producto\/conjunto-central-megane-19-dci-laguna-volvo-s40\/","og_locale":"es_ES","og_type":"article","og_title":"Conjunto central Megane 1,9 Dci Laguna Volvo S40 -","og_description":"Todos nuestros productos son de primera calidad, vienen en su packaging correspondiente. Envios a todo el Pais.","og_url":"https:\/\/www.powerdiesel.com.ar\/tienda\/producto\/conjunto-central-megane-19-dci-laguna-volvo-s40\/","article_modified_time":"2026-01-28T20:43:08+00:00","og_image":[{"width":828,"height":904,"url":"https:\/\/www.powerdiesel.com.ar\/tienda\/wp-content\/uploads\/2022\/04\/D_NQ_NP_745461-MLA49580228819_042022-F.jpg","type":"image\/jpeg"}],"twitter_card":"summary_large_image","schema":{"@context":"https:\/\/schema.org","@graph":[{"@type":"WebPage","@id":"https:\/\/www.powerdiesel.com.ar\/tienda\/producto\/conjunto-central-megane-19-dci-laguna-volvo-s40\/","url":"https:\/\/www.powerdiesel.com.ar\/tienda\/producto\/conjunto-central-megane-19-dci-laguna-volvo-s40\/","name":"Conjunto central Megane 1,9 Dci Laguna Volvo S40 -","isPartOf":{"@id":"https:\/\/www.powerdiesel.com.ar\/tienda\/#website"},"primaryImageOfPage":{"@id":"https:\/\/www.powerdiesel.com.ar\/tienda\/producto\/conjunto-central-megane-19-dci-laguna-volvo-s40\/#primaryimage"},"image":{"@id":"https:\/\/www.powerdiesel.com.ar\/tienda\/producto\/conjunto-central-megane-19-dci-laguna-volvo-s40\/#primaryimage"},"thumbnailUrl":"https:\/\/www.powerdiesel.com.ar\/tienda\/wp-content\/uploads\/2022\/04\/D_NQ_NP_745461-MLA49580228819_042022-F.jpg","datePublished":"2022-04-09T22:36:41+00:00","dateModified":"2026-01-28T20:43:08+00:00","description":"Todos nuestros productos son de primera calidad, vienen en su packaging correspondiente. Envios a todo el Pais.","breadcrumb":{"@id":"https:\/\/www.powerdiesel.com.ar\/tienda\/producto\/conjunto-central-megane-19-dci-laguna-volvo-s40\/#breadcrumb"},"inLanguage":"es","potentialAction":[{"@type":"ReadAction","target":["https:\/\/www.powerdiesel.com.ar\/tienda\/producto\/conjunto-central-megane-19-dci-laguna-volvo-s40\/"]}]},{"@type":"ImageObject","inLanguage":"es","@id":"https:\/\/www.powerdiesel.com.ar\/tienda\/producto\/conjunto-central-megane-19-dci-laguna-volvo-s40\/#primaryimage","url":"https:\/\/www.powerdiesel.com.ar\/tienda\/wp-content\/uploads\/2022\/04\/D_NQ_NP_745461-MLA49580228819_042022-F.jpg","contentUrl":"https:\/\/www.powerdiesel.com.ar\/tienda\/wp-content\/uploads\/2022\/04\/D_NQ_NP_745461-MLA49580228819_042022-F.jpg","width":828,"height":904},{"@type":"BreadcrumbList","@id":"https:\/\/www.powerdiesel.com.ar\/tienda\/producto\/conjunto-central-megane-19-dci-laguna-volvo-s40\/#breadcrumb","itemListElement":[{"@type":"ListItem","position":1,"name":"Portada","item":"https:\/\/www.powerdiesel.com.ar\/tienda\/"},{"@type":"ListItem","position":2,"name":"Repuestos","item":"https:\/\/www.powerdiesel.com.ar\/tienda\/"},{"@type":"ListItem","position":3,"name":"Conjunto central Megane 1,9 Dci Laguna Volvo S40"}]},{"@type":"WebSite","@id":"https:\/\/www.powerdiesel.com.ar\/tienda\/#website","url":"https:\/\/www.powerdiesel.com.ar\/tienda\/","name":"","description":"Compra Asegurada!","potentialAction":[{"@type":"SearchAction","target":{"@type":"EntryPoint","urlTemplate":"https:\/\/www.powerdiesel.com.ar\/tienda\/?s={search_term_string}"},"query-input":{"@type":"PropertyValueSpecification","valueRequired":true,"valueName":"search_term_string"}}],"inLanguage":"es"}]}},"_links":{"self":[{"href":"https:\/\/www.powerdiesel.com.ar\/tienda\/wp-json\/wp\/v2\/product\/3416","targetHints":{"allow":["GET"]}}],"collection":[{"href":"https:\/\/www.powerdiesel.com.ar\/tienda\/wp-json\/wp\/v2\/product"}],"about":[{"href":"https:\/\/www.powerdiesel.com.ar\/tienda\/wp-json\/wp\/v2\/types\/product"}],"wp:featuredmedia":[{"embeddable":true,"href":"https:\/\/www.powerdiesel.com.ar\/tienda\/wp-json\/wp\/v2\/media\/3407"}],"wp:attachment":[{"href":"https:\/\/www.powerdiesel.com.ar\/tienda\/wp-json\/wp\/v2\/media?parent=3416"}],"wp:term":[{"taxonomy":"product_brand","embeddable":true,"href":"https:\/\/www.powerdiesel.com.ar\/tienda\/wp-json\/wp\/v2\/product_brand?post=3416"},{"taxonomy":"product_cat","embeddable":true,"href":"https:\/\/www.powerdiesel.com.ar\/tienda\/wp-json\/wp\/v2\/product_cat?post=3416"},{"taxonomy":"product_tag","embeddable":true,"href":"https:\/\/www.powerdiesel.com.ar\/tienda\/wp-json\/wp\/v2\/product_tag?post=3416"}],"curies":[{"name":"wp","href":"https:\/\/api.w.org\/{rel}","templated":true}]}}