{"id":2801,"date":"2022-01-29T22:05:44","date_gmt":"2022-01-30T01:05:44","guid":{"rendered":"https:\/\/www.powerdiesel.com.ar\/tienda\/?post_type=product&#038;p=2801"},"modified":"2023-03-10T23:22:05","modified_gmt":"2023-03-11T02:22:05","slug":"inyector-camion-vw-motor-man-euro-5-0445120162","status":"publish","type":"product","link":"https:\/\/www.powerdiesel.com.ar\/tienda\/producto\/inyector-camion-vw-motor-man-euro-5-0445120162\/","title":{"rendered":"Inyector Camion VW motor MAN Euro 5 0445120162"},"content":{"rendered":"<table class=\"table table-striped push-top\">\n<tbody>\n<tr>\n<th>Marca:<\/th>\n<td>Bosch<\/td>\n<\/tr>\n<tr>\n<th>Estado<\/th>\n<td>Nuevo cerrado en caja<\/td>\n<\/tr>\n<tr>\n<th>Garantia<\/th>\n<td>Si, Cambio por falla<\/td>\n<\/tr>\n<tr>\n<th>Aplicacion<\/th>\n<td>\n<table width=\"547\">\n<tbody>\n<tr>\n<td width=\"547\">Camion VW motor MAN Euro 5<\/td>\n<\/tr>\n<\/tbody>\n<\/table>\n<\/td>\n<\/tr>\n<\/tbody>\n<\/table>\n","protected":false},"excerpt":{"rendered":"<p><b>Inyector para Camion VW motor MAN Euro 5<\/b><\/p>\n<p>APLICACION:<br \/>\n&#8211; MAN EURO 5<br \/>\n&#8211; VW 15.190 OD<br \/>\n&#8211; VW 17.230 OD<br \/>\n&#8211; VW 17.260 OD<br \/>\n&#8211; VW CONSTELLATION 13.190 \/ 15.190 \/ 17.190<br \/>\n&#8211; VW WORKER 13.190 \/ 15.190 \/ 17.190<\/p>\n<p>MARCA: Bosch<br \/>\nCODIGO: 0445120162<br \/>\nESTADO: Nuevo, cerrado en caja.<\/p>\n<p>&#8212;&#8212;&#8212;&#8212;&#8212;&#8212;&#8212;&#8212;&#8212;&#8212;&#8212;&#8212;&#8212;&#8212;&#8212;&#8212;&#8212;&#8212;&#8212;<br \/>\nFORMAS DE ENV\u00cdO:<\/p>\n<p>-Env\u00edos a todo el pa\u00eds por Mercado Env\u00edos O Micro<br \/>\nNota: Embalamos tus productos de forma segura para no sufrir da\u00f1os en \u00e9l envi\u00f3.<br \/>\n&#8212;&#8212;&#8212;&#8212;&#8212;&#8212;&#8212;&#8212;&#8212;&#8212;&#8212;&#8212;&#8212;&#8212;&#8212;&#8212;&#8212;&#8212;&#8212;<br \/>\nUBICACI\u00d3N:<br \/>\nEstamos ubicados en Rosario (Santa Fe) Zona sur<br \/>\n&#8212;&#8212;&#8212;&#8212;&#8212;&#8212;&#8212;&#8212;&#8212;&#8212;&#8212;&#8212;&#8212;&#8212;&#8212;&#8212;&#8212;&#8212;&#8212;<br \/>\nHORARIOS:<br \/>\n-Lunes a Viernes de 09:00 a 18:00Hs<br \/>\n&#8212;&#8212;&#8212;&#8212;&#8212;&#8212;&#8212;&#8212;&#8212;&#8212;&#8212;&#8212;&#8212;&#8212;&#8212;&#8212;&#8212;&#8212;&#8212;<\/p>\n","protected":false},"featured_media":2802,"template":"","meta":{"_joinchat":[]},"product_brand":[],"product_cat":[30,38],"product_tag":[],"class_list":{"0":"post-2801","1":"product","2":"type-product","3":"status-publish","4":"has-post-thumbnail","6":"product_cat-inyectores-bosch","7":"product_cat-inyectores-comon-rail","9":"first","10":"instock","11":"taxable","12":"shipping-taxable","13":"product-type-simple"},"yoast_head":"<!-- This site is optimized with the Yoast SEO plugin v27.4 - https:\/\/yoast.com\/product\/yoast-seo-wordpress\/ -->\n<title>Inyector Camion VW motor MAN Euro 5 0445120162 -<\/title>\n<meta name=\"description\" content=\"Todos nuestros productos son de primera calidad, vienen en su packaging correspondiente. Envios a todo el Pais.\" \/>\n<meta name=\"robots\" content=\"index, follow, max-snippet:-1, max-image-preview:large, max-video-preview:-1\" \/>\n<link rel=\"canonical\" href=\"https:\/\/www.powerdiesel.com.ar\/tienda\/producto\/inyector-camion-vw-motor-man-euro-5-0445120162\/\" \/>\n<meta property=\"og:locale\" content=\"es_ES\" \/>\n<meta property=\"og:type\" content=\"article\" \/>\n<meta property=\"og:title\" content=\"Inyector Camion VW motor MAN Euro 5 0445120162 -\" \/>\n<meta property=\"og:description\" content=\"Todos nuestros productos son de primera calidad, vienen en su packaging correspondiente. Envios a todo el Pais.\" \/>\n<meta property=\"og:url\" content=\"https:\/\/www.powerdiesel.com.ar\/tienda\/producto\/inyector-camion-vw-motor-man-euro-5-0445120162\/\" \/>\n<meta property=\"article:modified_time\" content=\"2023-03-11T02:22:05+00:00\" \/>\n<meta property=\"og:image\" content=\"https:\/\/www.powerdiesel.com.ar\/tienda\/wp-content\/uploads\/2022\/01\/0445120131-1.jpg\" \/>\n\t<meta property=\"og:image:width\" content=\"885\" \/>\n\t<meta property=\"og:image:height\" content=\"711\" \/>\n\t<meta property=\"og:image:type\" content=\"image\/jpeg\" \/>\n<meta name=\"twitter:card\" content=\"summary_large_image\" \/>\n<meta name=\"twitter:label1\" content=\"Tiempo de lectura\" \/>\n\t<meta name=\"twitter:data1\" content=\"1 minuto\" \/>\n<script type=\"application\/ld+json\" class=\"yoast-schema-graph\">{\"@context\":\"https:\\\/\\\/schema.org\",\"@graph\":[{\"@type\":\"WebPage\",\"@id\":\"https:\\\/\\\/www.powerdiesel.com.ar\\\/tienda\\\/producto\\\/inyector-camion-vw-motor-man-euro-5-0445120162\\\/\",\"url\":\"https:\\\/\\\/www.powerdiesel.com.ar\\\/tienda\\\/producto\\\/inyector-camion-vw-motor-man-euro-5-0445120162\\\/\",\"name\":\"Inyector Camion VW motor MAN Euro 5 0445120162 -\",\"isPartOf\":{\"@id\":\"https:\\\/\\\/www.powerdiesel.com.ar\\\/tienda\\\/#website\"},\"primaryImageOfPage\":{\"@id\":\"https:\\\/\\\/www.powerdiesel.com.ar\\\/tienda\\\/producto\\\/inyector-camion-vw-motor-man-euro-5-0445120162\\\/#primaryimage\"},\"image\":{\"@id\":\"https:\\\/\\\/www.powerdiesel.com.ar\\\/tienda\\\/producto\\\/inyector-camion-vw-motor-man-euro-5-0445120162\\\/#primaryimage\"},\"thumbnailUrl\":\"https:\\\/\\\/www.powerdiesel.com.ar\\\/tienda\\\/wp-content\\\/uploads\\\/2022\\\/01\\\/0445120131-1.jpg\",\"datePublished\":\"2022-01-30T01:05:44+00:00\",\"dateModified\":\"2023-03-11T02:22:05+00:00\",\"description\":\"Todos nuestros productos son de primera calidad, vienen en su packaging correspondiente. Envios a todo el Pais.\",\"breadcrumb\":{\"@id\":\"https:\\\/\\\/www.powerdiesel.com.ar\\\/tienda\\\/producto\\\/inyector-camion-vw-motor-man-euro-5-0445120162\\\/#breadcrumb\"},\"inLanguage\":\"es\",\"potentialAction\":[{\"@type\":\"ReadAction\",\"target\":[\"https:\\\/\\\/www.powerdiesel.com.ar\\\/tienda\\\/producto\\\/inyector-camion-vw-motor-man-euro-5-0445120162\\\/\"]}]},{\"@type\":\"ImageObject\",\"inLanguage\":\"es\",\"@id\":\"https:\\\/\\\/www.powerdiesel.com.ar\\\/tienda\\\/producto\\\/inyector-camion-vw-motor-man-euro-5-0445120162\\\/#primaryimage\",\"url\":\"https:\\\/\\\/www.powerdiesel.com.ar\\\/tienda\\\/wp-content\\\/uploads\\\/2022\\\/01\\\/0445120131-1.jpg\",\"contentUrl\":\"https:\\\/\\\/www.powerdiesel.com.ar\\\/tienda\\\/wp-content\\\/uploads\\\/2022\\\/01\\\/0445120131-1.jpg\",\"width\":885,\"height\":711},{\"@type\":\"BreadcrumbList\",\"@id\":\"https:\\\/\\\/www.powerdiesel.com.ar\\\/tienda\\\/producto\\\/inyector-camion-vw-motor-man-euro-5-0445120162\\\/#breadcrumb\",\"itemListElement\":[{\"@type\":\"ListItem\",\"position\":1,\"name\":\"Portada\",\"item\":\"https:\\\/\\\/www.powerdiesel.com.ar\\\/tienda\\\/\"},{\"@type\":\"ListItem\",\"position\":2,\"name\":\"Repuestos\",\"item\":\"https:\\\/\\\/www.powerdiesel.com.ar\\\/tienda\\\/\"},{\"@type\":\"ListItem\",\"position\":3,\"name\":\"Inyector Camion VW motor MAN Euro 5 0445120162\"}]},{\"@type\":\"WebSite\",\"@id\":\"https:\\\/\\\/www.powerdiesel.com.ar\\\/tienda\\\/#website\",\"url\":\"https:\\\/\\\/www.powerdiesel.com.ar\\\/tienda\\\/\",\"name\":\"\",\"description\":\"Compra Asegurada!\",\"potentialAction\":[{\"@type\":\"SearchAction\",\"target\":{\"@type\":\"EntryPoint\",\"urlTemplate\":\"https:\\\/\\\/www.powerdiesel.com.ar\\\/tienda\\\/?s={search_term_string}\"},\"query-input\":{\"@type\":\"PropertyValueSpecification\",\"valueRequired\":true,\"valueName\":\"search_term_string\"}}],\"inLanguage\":\"es\"}]}<\/script>\n<!-- \/ Yoast SEO plugin. -->","yoast_head_json":{"title":"Inyector Camion VW motor MAN Euro 5 0445120162 -","description":"Todos nuestros productos son de primera calidad, vienen en su packaging correspondiente. Envios a todo el Pais.","robots":{"index":"index","follow":"follow","max-snippet":"max-snippet:-1","max-image-preview":"max-image-preview:large","max-video-preview":"max-video-preview:-1"},"canonical":"https:\/\/www.powerdiesel.com.ar\/tienda\/producto\/inyector-camion-vw-motor-man-euro-5-0445120162\/","og_locale":"es_ES","og_type":"article","og_title":"Inyector Camion VW motor MAN Euro 5 0445120162 -","og_description":"Todos nuestros productos son de primera calidad, vienen en su packaging correspondiente. Envios a todo el Pais.","og_url":"https:\/\/www.powerdiesel.com.ar\/tienda\/producto\/inyector-camion-vw-motor-man-euro-5-0445120162\/","article_modified_time":"2023-03-11T02:22:05+00:00","og_image":[{"width":885,"height":711,"url":"https:\/\/www.powerdiesel.com.ar\/tienda\/wp-content\/uploads\/2022\/01\/0445120131-1.jpg","type":"image\/jpeg"}],"twitter_card":"summary_large_image","twitter_misc":{"Tiempo de lectura":"1 minuto"},"schema":{"@context":"https:\/\/schema.org","@graph":[{"@type":"WebPage","@id":"https:\/\/www.powerdiesel.com.ar\/tienda\/producto\/inyector-camion-vw-motor-man-euro-5-0445120162\/","url":"https:\/\/www.powerdiesel.com.ar\/tienda\/producto\/inyector-camion-vw-motor-man-euro-5-0445120162\/","name":"Inyector Camion VW motor MAN Euro 5 0445120162 -","isPartOf":{"@id":"https:\/\/www.powerdiesel.com.ar\/tienda\/#website"},"primaryImageOfPage":{"@id":"https:\/\/www.powerdiesel.com.ar\/tienda\/producto\/inyector-camion-vw-motor-man-euro-5-0445120162\/#primaryimage"},"image":{"@id":"https:\/\/www.powerdiesel.com.ar\/tienda\/producto\/inyector-camion-vw-motor-man-euro-5-0445120162\/#primaryimage"},"thumbnailUrl":"https:\/\/www.powerdiesel.com.ar\/tienda\/wp-content\/uploads\/2022\/01\/0445120131-1.jpg","datePublished":"2022-01-30T01:05:44+00:00","dateModified":"2023-03-11T02:22:05+00:00","description":"Todos nuestros productos son de primera calidad, vienen en su packaging correspondiente. Envios a todo el Pais.","breadcrumb":{"@id":"https:\/\/www.powerdiesel.com.ar\/tienda\/producto\/inyector-camion-vw-motor-man-euro-5-0445120162\/#breadcrumb"},"inLanguage":"es","potentialAction":[{"@type":"ReadAction","target":["https:\/\/www.powerdiesel.com.ar\/tienda\/producto\/inyector-camion-vw-motor-man-euro-5-0445120162\/"]}]},{"@type":"ImageObject","inLanguage":"es","@id":"https:\/\/www.powerdiesel.com.ar\/tienda\/producto\/inyector-camion-vw-motor-man-euro-5-0445120162\/#primaryimage","url":"https:\/\/www.powerdiesel.com.ar\/tienda\/wp-content\/uploads\/2022\/01\/0445120131-1.jpg","contentUrl":"https:\/\/www.powerdiesel.com.ar\/tienda\/wp-content\/uploads\/2022\/01\/0445120131-1.jpg","width":885,"height":711},{"@type":"BreadcrumbList","@id":"https:\/\/www.powerdiesel.com.ar\/tienda\/producto\/inyector-camion-vw-motor-man-euro-5-0445120162\/#breadcrumb","itemListElement":[{"@type":"ListItem","position":1,"name":"Portada","item":"https:\/\/www.powerdiesel.com.ar\/tienda\/"},{"@type":"ListItem","position":2,"name":"Repuestos","item":"https:\/\/www.powerdiesel.com.ar\/tienda\/"},{"@type":"ListItem","position":3,"name":"Inyector Camion VW motor MAN Euro 5 0445120162"}]},{"@type":"WebSite","@id":"https:\/\/www.powerdiesel.com.ar\/tienda\/#website","url":"https:\/\/www.powerdiesel.com.ar\/tienda\/","name":"","description":"Compra Asegurada!","potentialAction":[{"@type":"SearchAction","target":{"@type":"EntryPoint","urlTemplate":"https:\/\/www.powerdiesel.com.ar\/tienda\/?s={search_term_string}"},"query-input":{"@type":"PropertyValueSpecification","valueRequired":true,"valueName":"search_term_string"}}],"inLanguage":"es"}]}},"_links":{"self":[{"href":"https:\/\/www.powerdiesel.com.ar\/tienda\/wp-json\/wp\/v2\/product\/2801","targetHints":{"allow":["GET"]}}],"collection":[{"href":"https:\/\/www.powerdiesel.com.ar\/tienda\/wp-json\/wp\/v2\/product"}],"about":[{"href":"https:\/\/www.powerdiesel.com.ar\/tienda\/wp-json\/wp\/v2\/types\/product"}],"wp:featuredmedia":[{"embeddable":true,"href":"https:\/\/www.powerdiesel.com.ar\/tienda\/wp-json\/wp\/v2\/media\/2802"}],"wp:attachment":[{"href":"https:\/\/www.powerdiesel.com.ar\/tienda\/wp-json\/wp\/v2\/media?parent=2801"}],"wp:term":[{"taxonomy":"product_brand","embeddable":true,"href":"https:\/\/www.powerdiesel.com.ar\/tienda\/wp-json\/wp\/v2\/product_brand?post=2801"},{"taxonomy":"product_cat","embeddable":true,"href":"https:\/\/www.powerdiesel.com.ar\/tienda\/wp-json\/wp\/v2\/product_cat?post=2801"},{"taxonomy":"product_tag","embeddable":true,"href":"https:\/\/www.powerdiesel.com.ar\/tienda\/wp-json\/wp\/v2\/product_tag?post=2801"}],"curies":[{"name":"wp","href":"https:\/\/api.w.org\/{rel}","templated":true}]}}