{"id":2668,"date":"2020-12-05T00:25:55","date_gmt":"2020-12-05T03:25:55","guid":{"rendered":"https:\/\/www.powerdiesel.com.ar\/tienda\/?post_type=product&#038;p=2668"},"modified":"2022-03-26T22:49:28","modified_gmt":"2022-03-27T01:49:28","slug":"valvula-egr-peugeot-boxer-ford-ranger-transit-2-2-tdci","status":"publish","type":"product","link":"https:\/\/www.powerdiesel.com.ar\/tienda\/producto\/valvula-egr-peugeot-boxer-ford-ranger-transit-2-2-tdci\/","title":{"rendered":"Valvula EGR Peugeot Boxer Ford Ranger Transit 2.2 TDCI"},"content":{"rendered":"<table class=\"table table-striped push-top\">\n<tbody>\n<tr>\n<th>Marca:<\/th>\n<td>Engine Pro<\/td>\n<\/tr>\n<tr>\n<th>Estado<\/th>\n<td>Nuevo cerrado en caja<\/td>\n<\/tr>\n<tr>\n<th>Garantia<\/th>\n<td>Si, Cambio por falla<\/td>\n<\/tr>\n<tr>\n<th>Aplicacion<\/th>\n<td><span style=\"color: #ff6600;\"><strong><em>CITROEN:<\/em><\/strong><\/span><br \/>\nJUMPER (2006-2014), 2.2 HDI 110cv (4HG), 2.2 HDI 130cv (4HH), 2.2 HDI 150cv (4HJ)<br \/>\n<span style=\"color: #ff6600;\"><strong><em>FORD:<\/em><\/strong><\/span><br \/>\nRANGER (2011-2015), 2.2 TDCI 125cv, 2.2 TDCI 130cv, 2.2 TDCI 150cv, 3.2 TDCI 200cv<br \/>\nTOURNEO CUSTOM (2012-), 2.2 TDCI 100cv, 2.2 TDCI 125cv, 2.2 TDCI 155cv<br \/>\nTRANSIT (2006-2014), 2.2 TDCI 100cv, 2.2 TDCI 125cv, 2.2 TDCI 135cv, 2.2 TDCI 140cv, 2.2 TDCI 155c<br \/>\n<span style=\"color: #ff6600;\"><strong><em>PEUGEOT:<\/em><\/strong><\/span><br \/>\nBOXER (2006-2014), 2.2 HDI 110cv (4HG), 2.2 HDI 130cv (4HH), 2.2 HDI 150cv (4HJ)<\/td>\n<\/tr>\n<\/tbody>\n<\/table>\n","protected":false},"excerpt":{"rendered":"<p><strong>DESCRIPCION:<\/strong> V\u00e1lvula EGR<\/p>\n<p><strong>APLICACION:<\/strong><br \/>\n<span style=\"color: #ff6600;\"><strong><em>CITROEN:<\/em><\/strong><\/span><br \/>\n&#8211; Jumper (2006-2014), 2.2 HDI 110cv (4HG), 2.2 HDI 130cv (4HH), 2.2 HDI 150cv (4HJ)<br \/>\n<span style=\"color: #ff6600;\"><strong><em>FORD:<\/em><\/strong><\/span><br \/>\n&#8211; Ranger (2011-2015), 2.2 TDCI 125cv, 2.2 TDCI 130cv, 2.2 TDCI 150cv, 3.2 TDCI 200cv<br \/>\n&#8211; Transit (2006-2014), 2.2 TDCI 100cv, 2.2 TDCI 125cv, 2.2 TDCI 135cv, 2.2 TDCI 140cv, 2.2 TDCI 155c<br \/>\n<span style=\"color: #ff6600;\"><strong><em>PEUGEOT:<\/em><\/strong><\/span><br \/>\n&#8211; Boxer (2006-2014), 2.2 HDI 110cv (4HG), 2.2 HDI 130cv (4HH), 2.2 HDI 150cv (4HJ)<\/p>\n<p>&nbsp;<\/p>\n<p><strong>REFERENCIAS ORIGINALES:<\/strong><br \/>\n<span style=\"color: #ff6600;\"><em>N\u00ba:<\/em><\/span> EGR087 \/ 7.03784.34.0 \/ 703784340 \/ 70378434 \/ 7.03784.05.0 \/ 703784050 \/ 7.03784.27.0 \/ 703784270 \/ BK2Q9D475CD \/ BK2Q-9D475-CD \/ BK2Q9D475CB \/ BK2Q-9D475-CB \/ BK2Q-9D475-CC \/ BK2Q9D475CC \/ 9800555380 \/ 7.03784.00.0 \/ 7.03784.09.0 \/ 7.03784.10.0 \/ 7.03784.20.0 \/ 1835009 \/ 1730360 \/ 2017121 \/ LR055534<\/p>\n<p>&nbsp;<\/p>\n<p><strong>MARCA:<\/strong> Engine Pro<br \/>\n<strong>CODIGO:<\/strong> 99161<br \/>\n<strong>ESTADO:<\/strong> Nuevo, cerrado en caja.<br \/>\n&#8212;&#8212;&#8212;&#8212;&#8212;&#8212;&#8212;&#8212;&#8212;&#8212;&#8212;&#8212;&#8212;&#8212;&#8212;&#8212;&#8212;&#8212;&#8212;<\/p>\n<p><strong>FORMAS DE ENV\u00cdO:<\/strong><br \/>\n-Env\u00edos a todo el pa\u00eds por Mercado Env\u00edos O Micro encomienda<br \/>\nNota: Embalamos tus productos de forma segura para no sufrir da\u00f1os en \u00e9l envi\u00f3.<br \/>\n&#8212;&#8212;&#8212;&#8212;&#8212;&#8212;&#8212;&#8212;&#8212;&#8212;&#8212;&#8212;&#8212;&#8212;&#8212;&#8212;&#8212;&#8212;&#8212;<\/p>\n<p><strong>FORMAS DE PAGO:<\/strong><br \/>\n&#8211; Transferencia Bancaria<br \/>\n&#8211; Tarjeta Debito \/ Credito (Mercado Pago)<br \/>\n&#8211; Rapipago \/ Pagofacil<br \/>\n&#8212;&#8212;&#8212;&#8212;&#8212;&#8212;&#8212;&#8212;&#8212;&#8212;&#8212;&#8212;&#8212;&#8212;&#8212;&#8212;&#8212;&#8212;&#8212;<\/p>\n<p><strong>UBICACI\u00d3N:<\/strong><br \/>\nEstamos ubicados en Rosario (Santa Fe) Zona sur<br \/>\n&#8212;&#8212;&#8212;&#8212;&#8212;&#8212;&#8212;&#8212;&#8212;&#8212;&#8212;&#8212;&#8212;&#8212;&#8212;&#8212;&#8212;&#8212;&#8212;<\/p>\n<p><strong>FACTURACION:<\/strong><br \/>\n-Emitimos Facturas A y B.<br \/>\n&#8212;&#8212;&#8212;&#8212;&#8212;&#8212;&#8212;&#8212;&#8212;&#8212;&#8212;&#8212;&#8212;&#8212;&#8212;&#8212;&#8212;&#8212;&#8212;<\/p>\n<p><strong>HORARIOS:<\/strong><br \/>\n-Lunes a Viernes de 09:00 a 18:00Hs<br \/>\n&#8212;&#8212;&#8212;&#8212;&#8212;&#8212;&#8212;&#8212;&#8212;&#8212;&#8212;&#8212;&#8212;&#8212;&#8212;&#8212;&#8212;&#8212;&#8212;<\/p>\n","protected":false},"featured_media":2670,"template":"","meta":{"_joinchat":[]},"product_brand":[],"product_cat":[143],"product_tag":[],"class_list":{"0":"post-2668","1":"product","2":"type-product","3":"status-publish","4":"has-post-thumbnail","6":"product_cat-valvulas-egr","8":"first","9":"instock","10":"taxable","11":"shipping-taxable","12":"product-type-simple"},"yoast_head":"<!-- This site is optimized with the Yoast SEO plugin v27.4 - https:\/\/yoast.com\/product\/yoast-seo-wordpress\/ -->\n<title>Valvula EGR Peugeot Boxer Ford Ranger Transit 2.2 TDCI -<\/title>\n<meta name=\"description\" content=\"Todos nuestros productos son de primera calidad, vienen en su packaging correspondiente. Envios a todo el Pais.\" \/>\n<meta name=\"robots\" content=\"index, follow, max-snippet:-1, max-image-preview:large, max-video-preview:-1\" \/>\n<link rel=\"canonical\" href=\"https:\/\/www.powerdiesel.com.ar\/tienda\/producto\/valvula-egr-peugeot-boxer-ford-ranger-transit-2-2-tdci\/\" \/>\n<meta property=\"og:locale\" content=\"es_ES\" \/>\n<meta property=\"og:type\" content=\"article\" \/>\n<meta property=\"og:title\" content=\"Valvula EGR Peugeot Boxer Ford Ranger Transit 2.2 TDCI -\" \/>\n<meta property=\"og:description\" content=\"Todos nuestros productos son de primera calidad, vienen en su packaging correspondiente. Envios a todo el Pais.\" \/>\n<meta property=\"og:url\" content=\"https:\/\/www.powerdiesel.com.ar\/tienda\/producto\/valvula-egr-peugeot-boxer-ford-ranger-transit-2-2-tdci\/\" \/>\n<meta property=\"article:modified_time\" content=\"2022-03-27T01:49:28+00:00\" \/>\n<meta property=\"og:image\" content=\"https:\/\/www.powerdiesel.com.ar\/tienda\/wp-content\/uploads\/2020\/12\/DSC_0841.jpg\" \/>\n\t<meta property=\"og:image:width\" content=\"512\" \/>\n\t<meta property=\"og:image:height\" content=\"768\" \/>\n\t<meta property=\"og:image:type\" content=\"image\/jpeg\" \/>\n<meta name=\"twitter:card\" content=\"summary_large_image\" \/>\n<script type=\"application\/ld+json\" class=\"yoast-schema-graph\">{\"@context\":\"https:\\\/\\\/schema.org\",\"@graph\":[{\"@type\":\"WebPage\",\"@id\":\"https:\\\/\\\/www.powerdiesel.com.ar\\\/tienda\\\/producto\\\/valvula-egr-peugeot-boxer-ford-ranger-transit-2-2-tdci\\\/\",\"url\":\"https:\\\/\\\/www.powerdiesel.com.ar\\\/tienda\\\/producto\\\/valvula-egr-peugeot-boxer-ford-ranger-transit-2-2-tdci\\\/\",\"name\":\"Valvula EGR Peugeot Boxer Ford Ranger Transit 2.2 TDCI -\",\"isPartOf\":{\"@id\":\"https:\\\/\\\/www.powerdiesel.com.ar\\\/tienda\\\/#website\"},\"primaryImageOfPage\":{\"@id\":\"https:\\\/\\\/www.powerdiesel.com.ar\\\/tienda\\\/producto\\\/valvula-egr-peugeot-boxer-ford-ranger-transit-2-2-tdci\\\/#primaryimage\"},\"image\":{\"@id\":\"https:\\\/\\\/www.powerdiesel.com.ar\\\/tienda\\\/producto\\\/valvula-egr-peugeot-boxer-ford-ranger-transit-2-2-tdci\\\/#primaryimage\"},\"thumbnailUrl\":\"https:\\\/\\\/www.powerdiesel.com.ar\\\/tienda\\\/wp-content\\\/uploads\\\/2020\\\/12\\\/DSC_0841.jpg\",\"datePublished\":\"2020-12-05T03:25:55+00:00\",\"dateModified\":\"2022-03-27T01:49:28+00:00\",\"description\":\"Todos nuestros productos son de primera calidad, vienen en su packaging correspondiente. Envios a todo el Pais.\",\"breadcrumb\":{\"@id\":\"https:\\\/\\\/www.powerdiesel.com.ar\\\/tienda\\\/producto\\\/valvula-egr-peugeot-boxer-ford-ranger-transit-2-2-tdci\\\/#breadcrumb\"},\"inLanguage\":\"es\",\"potentialAction\":[{\"@type\":\"ReadAction\",\"target\":[\"https:\\\/\\\/www.powerdiesel.com.ar\\\/tienda\\\/producto\\\/valvula-egr-peugeot-boxer-ford-ranger-transit-2-2-tdci\\\/\"]}]},{\"@type\":\"ImageObject\",\"inLanguage\":\"es\",\"@id\":\"https:\\\/\\\/www.powerdiesel.com.ar\\\/tienda\\\/producto\\\/valvula-egr-peugeot-boxer-ford-ranger-transit-2-2-tdci\\\/#primaryimage\",\"url\":\"https:\\\/\\\/www.powerdiesel.com.ar\\\/tienda\\\/wp-content\\\/uploads\\\/2020\\\/12\\\/DSC_0841.jpg\",\"contentUrl\":\"https:\\\/\\\/www.powerdiesel.com.ar\\\/tienda\\\/wp-content\\\/uploads\\\/2020\\\/12\\\/DSC_0841.jpg\",\"width\":512,\"height\":768},{\"@type\":\"BreadcrumbList\",\"@id\":\"https:\\\/\\\/www.powerdiesel.com.ar\\\/tienda\\\/producto\\\/valvula-egr-peugeot-boxer-ford-ranger-transit-2-2-tdci\\\/#breadcrumb\",\"itemListElement\":[{\"@type\":\"ListItem\",\"position\":1,\"name\":\"Portada\",\"item\":\"https:\\\/\\\/www.powerdiesel.com.ar\\\/tienda\\\/\"},{\"@type\":\"ListItem\",\"position\":2,\"name\":\"Repuestos\",\"item\":\"https:\\\/\\\/www.powerdiesel.com.ar\\\/tienda\\\/\"},{\"@type\":\"ListItem\",\"position\":3,\"name\":\"Valvula EGR Peugeot Boxer Ford Ranger Transit 2.2 TDCI\"}]},{\"@type\":\"WebSite\",\"@id\":\"https:\\\/\\\/www.powerdiesel.com.ar\\\/tienda\\\/#website\",\"url\":\"https:\\\/\\\/www.powerdiesel.com.ar\\\/tienda\\\/\",\"name\":\"\",\"description\":\"Compra Asegurada!\",\"potentialAction\":[{\"@type\":\"SearchAction\",\"target\":{\"@type\":\"EntryPoint\",\"urlTemplate\":\"https:\\\/\\\/www.powerdiesel.com.ar\\\/tienda\\\/?s={search_term_string}\"},\"query-input\":{\"@type\":\"PropertyValueSpecification\",\"valueRequired\":true,\"valueName\":\"search_term_string\"}}],\"inLanguage\":\"es\"}]}<\/script>\n<!-- \/ Yoast SEO plugin. -->","yoast_head_json":{"title":"Valvula EGR Peugeot Boxer Ford Ranger Transit 2.2 TDCI -","description":"Todos nuestros productos son de primera calidad, vienen en su packaging correspondiente. Envios a todo el Pais.","robots":{"index":"index","follow":"follow","max-snippet":"max-snippet:-1","max-image-preview":"max-image-preview:large","max-video-preview":"max-video-preview:-1"},"canonical":"https:\/\/www.powerdiesel.com.ar\/tienda\/producto\/valvula-egr-peugeot-boxer-ford-ranger-transit-2-2-tdci\/","og_locale":"es_ES","og_type":"article","og_title":"Valvula EGR Peugeot Boxer Ford Ranger Transit 2.2 TDCI -","og_description":"Todos nuestros productos son de primera calidad, vienen en su packaging correspondiente. Envios a todo el Pais.","og_url":"https:\/\/www.powerdiesel.com.ar\/tienda\/producto\/valvula-egr-peugeot-boxer-ford-ranger-transit-2-2-tdci\/","article_modified_time":"2022-03-27T01:49:28+00:00","og_image":[{"width":512,"height":768,"url":"https:\/\/www.powerdiesel.com.ar\/tienda\/wp-content\/uploads\/2020\/12\/DSC_0841.jpg","type":"image\/jpeg"}],"twitter_card":"summary_large_image","schema":{"@context":"https:\/\/schema.org","@graph":[{"@type":"WebPage","@id":"https:\/\/www.powerdiesel.com.ar\/tienda\/producto\/valvula-egr-peugeot-boxer-ford-ranger-transit-2-2-tdci\/","url":"https:\/\/www.powerdiesel.com.ar\/tienda\/producto\/valvula-egr-peugeot-boxer-ford-ranger-transit-2-2-tdci\/","name":"Valvula EGR Peugeot Boxer Ford Ranger Transit 2.2 TDCI -","isPartOf":{"@id":"https:\/\/www.powerdiesel.com.ar\/tienda\/#website"},"primaryImageOfPage":{"@id":"https:\/\/www.powerdiesel.com.ar\/tienda\/producto\/valvula-egr-peugeot-boxer-ford-ranger-transit-2-2-tdci\/#primaryimage"},"image":{"@id":"https:\/\/www.powerdiesel.com.ar\/tienda\/producto\/valvula-egr-peugeot-boxer-ford-ranger-transit-2-2-tdci\/#primaryimage"},"thumbnailUrl":"https:\/\/www.powerdiesel.com.ar\/tienda\/wp-content\/uploads\/2020\/12\/DSC_0841.jpg","datePublished":"2020-12-05T03:25:55+00:00","dateModified":"2022-03-27T01:49:28+00:00","description":"Todos nuestros productos son de primera calidad, vienen en su packaging correspondiente. Envios a todo el Pais.","breadcrumb":{"@id":"https:\/\/www.powerdiesel.com.ar\/tienda\/producto\/valvula-egr-peugeot-boxer-ford-ranger-transit-2-2-tdci\/#breadcrumb"},"inLanguage":"es","potentialAction":[{"@type":"ReadAction","target":["https:\/\/www.powerdiesel.com.ar\/tienda\/producto\/valvula-egr-peugeot-boxer-ford-ranger-transit-2-2-tdci\/"]}]},{"@type":"ImageObject","inLanguage":"es","@id":"https:\/\/www.powerdiesel.com.ar\/tienda\/producto\/valvula-egr-peugeot-boxer-ford-ranger-transit-2-2-tdci\/#primaryimage","url":"https:\/\/www.powerdiesel.com.ar\/tienda\/wp-content\/uploads\/2020\/12\/DSC_0841.jpg","contentUrl":"https:\/\/www.powerdiesel.com.ar\/tienda\/wp-content\/uploads\/2020\/12\/DSC_0841.jpg","width":512,"height":768},{"@type":"BreadcrumbList","@id":"https:\/\/www.powerdiesel.com.ar\/tienda\/producto\/valvula-egr-peugeot-boxer-ford-ranger-transit-2-2-tdci\/#breadcrumb","itemListElement":[{"@type":"ListItem","position":1,"name":"Portada","item":"https:\/\/www.powerdiesel.com.ar\/tienda\/"},{"@type":"ListItem","position":2,"name":"Repuestos","item":"https:\/\/www.powerdiesel.com.ar\/tienda\/"},{"@type":"ListItem","position":3,"name":"Valvula EGR Peugeot Boxer Ford Ranger Transit 2.2 TDCI"}]},{"@type":"WebSite","@id":"https:\/\/www.powerdiesel.com.ar\/tienda\/#website","url":"https:\/\/www.powerdiesel.com.ar\/tienda\/","name":"","description":"Compra Asegurada!","potentialAction":[{"@type":"SearchAction","target":{"@type":"EntryPoint","urlTemplate":"https:\/\/www.powerdiesel.com.ar\/tienda\/?s={search_term_string}"},"query-input":{"@type":"PropertyValueSpecification","valueRequired":true,"valueName":"search_term_string"}}],"inLanguage":"es"}]}},"_links":{"self":[{"href":"https:\/\/www.powerdiesel.com.ar\/tienda\/wp-json\/wp\/v2\/product\/2668","targetHints":{"allow":["GET"]}}],"collection":[{"href":"https:\/\/www.powerdiesel.com.ar\/tienda\/wp-json\/wp\/v2\/product"}],"about":[{"href":"https:\/\/www.powerdiesel.com.ar\/tienda\/wp-json\/wp\/v2\/types\/product"}],"wp:featuredmedia":[{"embeddable":true,"href":"https:\/\/www.powerdiesel.com.ar\/tienda\/wp-json\/wp\/v2\/media\/2670"}],"wp:attachment":[{"href":"https:\/\/www.powerdiesel.com.ar\/tienda\/wp-json\/wp\/v2\/media?parent=2668"}],"wp:term":[{"taxonomy":"product_brand","embeddable":true,"href":"https:\/\/www.powerdiesel.com.ar\/tienda\/wp-json\/wp\/v2\/product_brand?post=2668"},{"taxonomy":"product_cat","embeddable":true,"href":"https:\/\/www.powerdiesel.com.ar\/tienda\/wp-json\/wp\/v2\/product_cat?post=2668"},{"taxonomy":"product_tag","embeddable":true,"href":"https:\/\/www.powerdiesel.com.ar\/tienda\/wp-json\/wp\/v2\/product_tag?post=2668"}],"curies":[{"name":"wp","href":"https:\/\/api.w.org\/{rel}","templated":true}]}}