{"id":2445,"date":"2020-12-04T14:24:12","date_gmt":"2020-12-04T17:24:12","guid":{"rendered":"https:\/\/www.powerdiesel.com.ar\/tienda\/?post_type=product&#038;p=2445"},"modified":"2022-03-26T22:49:26","modified_gmt":"2022-03-27T01:49:26","slug":"valvula-egr-volkswagen-bora-golf-1-8-audi-a3-1-8-seat-leon-1-8","status":"publish","type":"product","link":"https:\/\/www.powerdiesel.com.ar\/tienda\/producto\/valvula-egr-volkswagen-bora-golf-1-8-audi-a3-1-8-seat-leon-1-8\/","title":{"rendered":"Valvula EGR Volkswagen Bora Golf 1.8 Audi A3 1.8 Seat Leon 1.8"},"content":{"rendered":"<table class=\"table table-striped push-top\">\n<tbody>\n<tr>\n<th>Marca:<\/th>\n<td>Engine Pro<\/td>\n<\/tr>\n<tr>\n<th>Estado<\/th>\n<td>Nuevo cerrado en caja<\/td>\n<\/tr>\n<tr>\n<th>Garantia<\/th>\n<td>Si, Cambio por falla<\/td>\n<\/tr>\n<tr>\n<th>Aplicacion<\/th>\n<td><span style=\"color: #ff6600;\"><strong><em>AUDI<\/em> <\/strong><\/span><br \/>\nA3 1.8 DESDE 1996<br \/>\n<span style=\"color: #ff6600;\"><strong><em>SEAT<\/em><\/strong><\/span><br \/>\nLEON 1.8 20V DESDE 1999<br \/>\nTOLEDO II 1.8 20V DESDE 1999<br \/>\n<span style=\"color: #ff6600;\"><strong><em>VOLKSWAGEN<\/em><\/strong><\/span><br \/>\nBORA &#8211; 1.8<br \/>\nGOLF IV 1.8<\/td>\n<\/tr>\n<\/tbody>\n<\/table>\n","protected":false},"excerpt":{"rendered":"<p><strong>DESCRIPCION:<\/strong> V\u00e1lvula EGR<\/p>\n<p><strong>APLICACION:<\/strong><br \/>\n<span style=\"color: #ff6600;\"><strong><em>AUDI<\/em> <\/strong><\/span><br \/>\n&#8211; A3 1.8 DESDE 1996<br \/>\n<span style=\"color: #ff6600;\"><strong><em>SEAT<\/em><\/strong><\/span><br \/>\n&#8211; LEON 1.8 20V DESDE 1999<br \/>\n&#8211; TOLEDO II 1.8 20V DESDE 1999<br \/>\n<span style=\"color: #ff6600;\"><strong><em>VOLKSWAGEN<\/em><\/strong><\/span><br \/>\n&#8211; BORA\u00a0 1.8<br \/>\n&#8211; GOLF IV 1.8<\/p>\n<p>&nbsp;<\/p>\n<p><strong>REFERENCIAS ORIGINALES:<\/strong><br \/>\n<span style=\"color: #ff6600;\"><strong><em>OEM:<\/em><\/strong><\/span> 1029512 \/ B106A131501G \/ 722785140 \/ 722785180<\/p>\n<p>&nbsp;<\/p>\n<p><strong>MARCA:<\/strong> Engine Pro<br \/>\n<strong>CODIGO:<\/strong> 99130<br \/>\n<strong>ESTADO:<\/strong> Nuevo, cerrado en caja.<br \/>\n&#8212;&#8212;&#8212;&#8212;&#8212;&#8212;&#8212;&#8212;&#8212;&#8212;&#8212;&#8212;&#8212;&#8212;&#8212;&#8212;&#8212;&#8212;&#8212;<\/p>\n<p><strong>FORMAS DE ENV\u00cdO:<\/strong><br \/>\n-Env\u00edos a todo el pa\u00eds por Mercado Env\u00edos O Micro encomienda<br \/>\nNota: Embalamos tus productos de forma segura para no sufrir da\u00f1os en \u00e9l envi\u00f3.<br \/>\n&#8212;&#8212;&#8212;&#8212;&#8212;&#8212;&#8212;&#8212;&#8212;&#8212;&#8212;&#8212;&#8212;&#8212;&#8212;&#8212;&#8212;&#8212;&#8212;<\/p>\n<p><strong>FORMAS DE PAGO:<\/strong><br \/>\n&#8211; Transferencia Bancaria<br \/>\n&#8211; Tarjeta Debito \/ Credito (Mercado Pago)<br \/>\n&#8211; Rapipago \/ Pagofacil<br \/>\n&#8212;&#8212;&#8212;&#8212;&#8212;&#8212;&#8212;&#8212;&#8212;&#8212;&#8212;&#8212;&#8212;&#8212;&#8212;&#8212;&#8212;&#8212;&#8212;<\/p>\n<p><strong>UBICACI\u00d3N:<\/strong><br \/>\nEstamos ubicados en Rosario (Santa Fe) Zona sur<br \/>\n&#8212;&#8212;&#8212;&#8212;&#8212;&#8212;&#8212;&#8212;&#8212;&#8212;&#8212;&#8212;&#8212;&#8212;&#8212;&#8212;&#8212;&#8212;&#8212;<\/p>\n<p><strong>FACTURACION:<\/strong><br \/>\n-Emitimos Facturas A y B.<br \/>\n&#8212;&#8212;&#8212;&#8212;&#8212;&#8212;&#8212;&#8212;&#8212;&#8212;&#8212;&#8212;&#8212;&#8212;&#8212;&#8212;&#8212;&#8212;&#8212;<\/p>\n<p><strong>HORARIOS:<\/strong><br \/>\n-Lunes a Viernes de 09:00 a 18:00Hs<br \/>\n&#8212;&#8212;&#8212;&#8212;&#8212;&#8212;&#8212;&#8212;&#8212;&#8212;&#8212;&#8212;&#8212;&#8212;&#8212;&#8212;&#8212;&#8212;&#8212;<\/p>\n","protected":false},"featured_media":2453,"template":"","meta":{"_joinchat":[]},"product_brand":[],"product_cat":[143],"product_tag":[],"class_list":{"0":"post-2445","1":"product","2":"type-product","3":"status-publish","4":"has-post-thumbnail","6":"product_cat-valvulas-egr","8":"first","9":"instock","10":"taxable","11":"shipping-taxable","12":"product-type-simple"},"yoast_head":"<!-- This site is optimized with the Yoast SEO plugin v27.3 - https:\/\/yoast.com\/product\/yoast-seo-wordpress\/ -->\n<title>Valvula EGR Volkswagen Bora Golf 1.8 Audi A3 1.8 Seat Leon 1.8 -<\/title>\n<meta name=\"description\" content=\"Todos nuestros productos son de primera calidad, vienen en su packaging correspondiente. Envios a todo el Pais.\" \/>\n<meta name=\"robots\" content=\"index, follow, max-snippet:-1, max-image-preview:large, max-video-preview:-1\" \/>\n<link rel=\"canonical\" href=\"https:\/\/www.powerdiesel.com.ar\/tienda\/producto\/valvula-egr-volkswagen-bora-golf-1-8-audi-a3-1-8-seat-leon-1-8\/\" \/>\n<meta property=\"og:locale\" content=\"es_ES\" \/>\n<meta property=\"og:type\" content=\"article\" \/>\n<meta property=\"og:title\" content=\"Valvula EGR Volkswagen Bora Golf 1.8 Audi A3 1.8 Seat Leon 1.8 -\" \/>\n<meta property=\"og:description\" content=\"Todos nuestros productos son de primera calidad, vienen en su packaging correspondiente. Envios a todo el Pais.\" \/>\n<meta property=\"og:url\" content=\"https:\/\/www.powerdiesel.com.ar\/tienda\/producto\/valvula-egr-volkswagen-bora-golf-1-8-audi-a3-1-8-seat-leon-1-8\/\" \/>\n<meta property=\"article:modified_time\" content=\"2022-03-27T01:49:26+00:00\" \/>\n<meta property=\"og:image\" content=\"https:\/\/www.powerdiesel.com.ar\/tienda\/wp-content\/uploads\/2020\/12\/DSC_0907.jpg\" \/>\n\t<meta property=\"og:image:width\" content=\"1024\" \/>\n\t<meta property=\"og:image:height\" content=\"683\" \/>\n\t<meta property=\"og:image:type\" content=\"image\/jpeg\" \/>\n<meta name=\"twitter:card\" content=\"summary_large_image\" \/>\n<script type=\"application\/ld+json\" class=\"yoast-schema-graph\">{\"@context\":\"https:\\\/\\\/schema.org\",\"@graph\":[{\"@type\":\"WebPage\",\"@id\":\"https:\\\/\\\/www.powerdiesel.com.ar\\\/tienda\\\/producto\\\/valvula-egr-volkswagen-bora-golf-1-8-audi-a3-1-8-seat-leon-1-8\\\/\",\"url\":\"https:\\\/\\\/www.powerdiesel.com.ar\\\/tienda\\\/producto\\\/valvula-egr-volkswagen-bora-golf-1-8-audi-a3-1-8-seat-leon-1-8\\\/\",\"name\":\"Valvula EGR Volkswagen Bora Golf 1.8 Audi A3 1.8 Seat Leon 1.8 -\",\"isPartOf\":{\"@id\":\"https:\\\/\\\/www.powerdiesel.com.ar\\\/tienda\\\/#website\"},\"primaryImageOfPage\":{\"@id\":\"https:\\\/\\\/www.powerdiesel.com.ar\\\/tienda\\\/producto\\\/valvula-egr-volkswagen-bora-golf-1-8-audi-a3-1-8-seat-leon-1-8\\\/#primaryimage\"},\"image\":{\"@id\":\"https:\\\/\\\/www.powerdiesel.com.ar\\\/tienda\\\/producto\\\/valvula-egr-volkswagen-bora-golf-1-8-audi-a3-1-8-seat-leon-1-8\\\/#primaryimage\"},\"thumbnailUrl\":\"https:\\\/\\\/www.powerdiesel.com.ar\\\/tienda\\\/wp-content\\\/uploads\\\/2020\\\/12\\\/DSC_0907.jpg\",\"datePublished\":\"2020-12-04T17:24:12+00:00\",\"dateModified\":\"2022-03-27T01:49:26+00:00\",\"description\":\"Todos nuestros productos son de primera calidad, vienen en su packaging correspondiente. Envios a todo el Pais.\",\"breadcrumb\":{\"@id\":\"https:\\\/\\\/www.powerdiesel.com.ar\\\/tienda\\\/producto\\\/valvula-egr-volkswagen-bora-golf-1-8-audi-a3-1-8-seat-leon-1-8\\\/#breadcrumb\"},\"inLanguage\":\"es\",\"potentialAction\":[{\"@type\":\"ReadAction\",\"target\":[\"https:\\\/\\\/www.powerdiesel.com.ar\\\/tienda\\\/producto\\\/valvula-egr-volkswagen-bora-golf-1-8-audi-a3-1-8-seat-leon-1-8\\\/\"]}]},{\"@type\":\"ImageObject\",\"inLanguage\":\"es\",\"@id\":\"https:\\\/\\\/www.powerdiesel.com.ar\\\/tienda\\\/producto\\\/valvula-egr-volkswagen-bora-golf-1-8-audi-a3-1-8-seat-leon-1-8\\\/#primaryimage\",\"url\":\"https:\\\/\\\/www.powerdiesel.com.ar\\\/tienda\\\/wp-content\\\/uploads\\\/2020\\\/12\\\/DSC_0907.jpg\",\"contentUrl\":\"https:\\\/\\\/www.powerdiesel.com.ar\\\/tienda\\\/wp-content\\\/uploads\\\/2020\\\/12\\\/DSC_0907.jpg\",\"width\":1024,\"height\":683},{\"@type\":\"BreadcrumbList\",\"@id\":\"https:\\\/\\\/www.powerdiesel.com.ar\\\/tienda\\\/producto\\\/valvula-egr-volkswagen-bora-golf-1-8-audi-a3-1-8-seat-leon-1-8\\\/#breadcrumb\",\"itemListElement\":[{\"@type\":\"ListItem\",\"position\":1,\"name\":\"Portada\",\"item\":\"https:\\\/\\\/www.powerdiesel.com.ar\\\/tienda\\\/\"},{\"@type\":\"ListItem\",\"position\":2,\"name\":\"Repuestos\",\"item\":\"https:\\\/\\\/www.powerdiesel.com.ar\\\/tienda\\\/\"},{\"@type\":\"ListItem\",\"position\":3,\"name\":\"Valvula EGR Volkswagen Bora Golf 1.8 Audi A3 1.8 Seat Leon 1.8\"}]},{\"@type\":\"WebSite\",\"@id\":\"https:\\\/\\\/www.powerdiesel.com.ar\\\/tienda\\\/#website\",\"url\":\"https:\\\/\\\/www.powerdiesel.com.ar\\\/tienda\\\/\",\"name\":\"\",\"description\":\"Compra Asegurada!\",\"potentialAction\":[{\"@type\":\"SearchAction\",\"target\":{\"@type\":\"EntryPoint\",\"urlTemplate\":\"https:\\\/\\\/www.powerdiesel.com.ar\\\/tienda\\\/?s={search_term_string}\"},\"query-input\":{\"@type\":\"PropertyValueSpecification\",\"valueRequired\":true,\"valueName\":\"search_term_string\"}}],\"inLanguage\":\"es\"}]}<\/script>\n<!-- \/ Yoast SEO plugin. -->","yoast_head_json":{"title":"Valvula EGR Volkswagen Bora Golf 1.8 Audi A3 1.8 Seat Leon 1.8 -","description":"Todos nuestros productos son de primera calidad, vienen en su packaging correspondiente. Envios a todo el Pais.","robots":{"index":"index","follow":"follow","max-snippet":"max-snippet:-1","max-image-preview":"max-image-preview:large","max-video-preview":"max-video-preview:-1"},"canonical":"https:\/\/www.powerdiesel.com.ar\/tienda\/producto\/valvula-egr-volkswagen-bora-golf-1-8-audi-a3-1-8-seat-leon-1-8\/","og_locale":"es_ES","og_type":"article","og_title":"Valvula EGR Volkswagen Bora Golf 1.8 Audi A3 1.8 Seat Leon 1.8 -","og_description":"Todos nuestros productos son de primera calidad, vienen en su packaging correspondiente. Envios a todo el Pais.","og_url":"https:\/\/www.powerdiesel.com.ar\/tienda\/producto\/valvula-egr-volkswagen-bora-golf-1-8-audi-a3-1-8-seat-leon-1-8\/","article_modified_time":"2022-03-27T01:49:26+00:00","og_image":[{"width":1024,"height":683,"url":"https:\/\/www.powerdiesel.com.ar\/tienda\/wp-content\/uploads\/2020\/12\/DSC_0907.jpg","type":"image\/jpeg"}],"twitter_card":"summary_large_image","schema":{"@context":"https:\/\/schema.org","@graph":[{"@type":"WebPage","@id":"https:\/\/www.powerdiesel.com.ar\/tienda\/producto\/valvula-egr-volkswagen-bora-golf-1-8-audi-a3-1-8-seat-leon-1-8\/","url":"https:\/\/www.powerdiesel.com.ar\/tienda\/producto\/valvula-egr-volkswagen-bora-golf-1-8-audi-a3-1-8-seat-leon-1-8\/","name":"Valvula EGR Volkswagen Bora Golf 1.8 Audi A3 1.8 Seat Leon 1.8 -","isPartOf":{"@id":"https:\/\/www.powerdiesel.com.ar\/tienda\/#website"},"primaryImageOfPage":{"@id":"https:\/\/www.powerdiesel.com.ar\/tienda\/producto\/valvula-egr-volkswagen-bora-golf-1-8-audi-a3-1-8-seat-leon-1-8\/#primaryimage"},"image":{"@id":"https:\/\/www.powerdiesel.com.ar\/tienda\/producto\/valvula-egr-volkswagen-bora-golf-1-8-audi-a3-1-8-seat-leon-1-8\/#primaryimage"},"thumbnailUrl":"https:\/\/www.powerdiesel.com.ar\/tienda\/wp-content\/uploads\/2020\/12\/DSC_0907.jpg","datePublished":"2020-12-04T17:24:12+00:00","dateModified":"2022-03-27T01:49:26+00:00","description":"Todos nuestros productos son de primera calidad, vienen en su packaging correspondiente. Envios a todo el Pais.","breadcrumb":{"@id":"https:\/\/www.powerdiesel.com.ar\/tienda\/producto\/valvula-egr-volkswagen-bora-golf-1-8-audi-a3-1-8-seat-leon-1-8\/#breadcrumb"},"inLanguage":"es","potentialAction":[{"@type":"ReadAction","target":["https:\/\/www.powerdiesel.com.ar\/tienda\/producto\/valvula-egr-volkswagen-bora-golf-1-8-audi-a3-1-8-seat-leon-1-8\/"]}]},{"@type":"ImageObject","inLanguage":"es","@id":"https:\/\/www.powerdiesel.com.ar\/tienda\/producto\/valvula-egr-volkswagen-bora-golf-1-8-audi-a3-1-8-seat-leon-1-8\/#primaryimage","url":"https:\/\/www.powerdiesel.com.ar\/tienda\/wp-content\/uploads\/2020\/12\/DSC_0907.jpg","contentUrl":"https:\/\/www.powerdiesel.com.ar\/tienda\/wp-content\/uploads\/2020\/12\/DSC_0907.jpg","width":1024,"height":683},{"@type":"BreadcrumbList","@id":"https:\/\/www.powerdiesel.com.ar\/tienda\/producto\/valvula-egr-volkswagen-bora-golf-1-8-audi-a3-1-8-seat-leon-1-8\/#breadcrumb","itemListElement":[{"@type":"ListItem","position":1,"name":"Portada","item":"https:\/\/www.powerdiesel.com.ar\/tienda\/"},{"@type":"ListItem","position":2,"name":"Repuestos","item":"https:\/\/www.powerdiesel.com.ar\/tienda\/"},{"@type":"ListItem","position":3,"name":"Valvula EGR Volkswagen Bora Golf 1.8 Audi A3 1.8 Seat Leon 1.8"}]},{"@type":"WebSite","@id":"https:\/\/www.powerdiesel.com.ar\/tienda\/#website","url":"https:\/\/www.powerdiesel.com.ar\/tienda\/","name":"","description":"Compra Asegurada!","potentialAction":[{"@type":"SearchAction","target":{"@type":"EntryPoint","urlTemplate":"https:\/\/www.powerdiesel.com.ar\/tienda\/?s={search_term_string}"},"query-input":{"@type":"PropertyValueSpecification","valueRequired":true,"valueName":"search_term_string"}}],"inLanguage":"es"}]}},"_links":{"self":[{"href":"https:\/\/www.powerdiesel.com.ar\/tienda\/wp-json\/wp\/v2\/product\/2445","targetHints":{"allow":["GET"]}}],"collection":[{"href":"https:\/\/www.powerdiesel.com.ar\/tienda\/wp-json\/wp\/v2\/product"}],"about":[{"href":"https:\/\/www.powerdiesel.com.ar\/tienda\/wp-json\/wp\/v2\/types\/product"}],"wp:featuredmedia":[{"embeddable":true,"href":"https:\/\/www.powerdiesel.com.ar\/tienda\/wp-json\/wp\/v2\/media\/2453"}],"wp:attachment":[{"href":"https:\/\/www.powerdiesel.com.ar\/tienda\/wp-json\/wp\/v2\/media?parent=2445"}],"wp:term":[{"taxonomy":"product_brand","embeddable":true,"href":"https:\/\/www.powerdiesel.com.ar\/tienda\/wp-json\/wp\/v2\/product_brand?post=2445"},{"taxonomy":"product_cat","embeddable":true,"href":"https:\/\/www.powerdiesel.com.ar\/tienda\/wp-json\/wp\/v2\/product_cat?post=2445"},{"taxonomy":"product_tag","embeddable":true,"href":"https:\/\/www.powerdiesel.com.ar\/tienda\/wp-json\/wp\/v2\/product_tag?post=2445"}],"curies":[{"name":"wp","href":"https:\/\/api.w.org\/{rel}","templated":true}]}}