{"id":2426,"date":"2020-12-04T14:05:07","date_gmt":"2020-12-04T17:05:07","guid":{"rendered":"https:\/\/www.powerdiesel.com.ar\/tienda\/?post_type=product&#038;p=2426"},"modified":"2022-03-26T22:49:26","modified_gmt":"2022-03-27T01:49:26","slug":"valvula-egr-renault-laguna-megane-kangoo-clio-1-9-dci","status":"publish","type":"product","link":"https:\/\/www.powerdiesel.com.ar\/tienda\/producto\/valvula-egr-renault-laguna-megane-kangoo-clio-1-9-dci\/","title":{"rendered":"Valvula EGR Renault Laguna Megane Kangoo Clio 1.9 Dci"},"content":{"rendered":"<table class=\"table table-striped push-top\">\n<tbody>\n<tr>\n<th>Marca:<\/th>\n<td>Engine Pro<\/td>\n<\/tr>\n<tr>\n<th>Estado<\/th>\n<td>Nuevo cerrado en caja<\/td>\n<\/tr>\n<tr>\n<th>Garantia<\/th>\n<td>Si, Cambio por falla<\/td>\n<\/tr>\n<tr>\n<th>Aplicacion<\/th>\n<td><span style=\"color: #ff6600;\"><strong><em>MITSUBISHI:<\/em><\/strong><\/span><br \/>\nCarisma 1.9 DI-D 00&lt;2006<br \/>\n<span style=\"color: #ff6600;\"><strong><em>NISSAN:<\/em><\/strong><\/span><br \/>\nPrimastar DCi80 2001&lt;<br \/>\n<span style=\"color: #ff6600;\"><strong><em>RENAULT:<\/em><\/strong><\/span><br \/>\nScenic 1.9 DCi 99&lt;2003<br \/>\nMegane 1.9 DTi 01&lt;2003 &#8211; 1.9 DCi 99&lt;2003<br \/>\nLaguna 1.9 DCi 1999&lt;<br \/>\nKangoo Express 1.9 DCi 1997&lt; &#8211; 1.9 D 97&lt;2003 &#8211; D 65 1.9 1997&lt;<br \/>\nKangoo 1.9 DCi 1997&lt;<br \/>\nClio 2 1.9 DCi 00&lt;2001<br \/>\nTrafic 1.9 DCi 2001&lt;<br \/>\nEspace 1.9 DCi 2002&lt;<br \/>\n<span style=\"color: #ff6600;\"><strong><em>VOLVO:<\/em><\/strong><\/span><br \/>\nV40 1.9 DI 00&lt;2004<\/td>\n<\/tr>\n<\/tbody>\n<\/table>\n","protected":false},"excerpt":{"rendered":"<p><strong>DESCRIPCION:<\/strong> V\u00e1lvula EGR<\/p>\n<p><strong>APLICACION:<\/strong><br \/>\n<span style=\"color: #ff6600;\"><strong><em>MITSUBISHI:<\/em><\/strong><\/span><br \/>\n&#8211; Carisma 1.9 DI-D 00&lt;2006<br \/>\n<span style=\"color: #ff6600;\"><strong><em>NISSAN:<\/em><\/strong><\/span><br \/>\n&#8211; Primastar DCi80 2001&lt;<br \/>\n<span style=\"color: #ff6600;\"><strong><em>RENAULT:<\/em><\/strong><\/span><br \/>\n&#8211; Scenic 1.9 DCi 99&lt;2003<br \/>\n&#8211; Megane 1.9 DTi 01&lt;2003 &#8211; 1.9 DCi 99&lt;2003<br \/>\n&#8211; Laguna 1.9 DCi 1999&lt;<br \/>\n&#8211; Kangoo Express 1.9 DCi 1997&lt; &#8211; 1.9 D 97&lt;2003 &#8211; D 65 1.9 1997&lt;<br \/>\n&#8211; Kangoo 1.9 DCi 1997&lt;<br \/>\n&#8211; Clio 2 1.9 DCi 00&lt;2001<br \/>\n&#8211; Trafic 1.9 DCi 2001&lt;<br \/>\n&#8211; Espace 1.9 DCi 2002&lt;<br \/>\n<span style=\"color: #ff6600;\"><strong><em>VOLVO:<\/em><\/strong><\/span><br \/>\n&#8211; V40 1.9 DI 00&lt;2004<\/p>\n<p><strong><br \/>\nREFERENCIAS ORIGINALES:<\/strong><\/p>\n<p><span style=\"color: #ff6600;\"><strong><em>RENAULT:<\/em><\/strong><\/span> 7700107797 \/ 8200467001 \/ 8200542997 \/ 8200360200 \/ 8200282880 \/ 8200282880 \/ 8200231630 \/ 8200229190<br \/>\n<span style=\"color: #ff6600;\"><strong><em>PIERBURG:<\/em><\/strong><\/span> 722818570 \/ 722818430 \/ 722818380 \/ 722818300 \/ 722818230 \/ 722818020<br \/>\n<span style=\"color: #ff6600;\"><strong><em>GM:<\/em><\/strong><\/span> 4413408 \/ 4412632 \/ 4411757 \/ 4409585 \/ 445798 \/ 4416575 \/ 4430902 \/ 93160003 \/ 93160754 \/ 93161487 \/ 93183146 \/ 93188701 \/ 93161069 \/ 93161219<\/p>\n<p>&nbsp;<\/p>\n<p><strong>MARCA:<\/strong> Engine Pro<br \/>\n<strong>CODIGO:<\/strong> 99128<br \/>\n<strong>ESTADO:<\/strong> Nuevo, cerrado en caja.<br \/>\n&#8212;&#8212;&#8212;&#8212;&#8212;&#8212;&#8212;&#8212;&#8212;&#8212;&#8212;&#8212;&#8212;&#8212;&#8212;&#8212;&#8212;&#8212;&#8212;<\/p>\n<p><strong>FORMAS DE ENV\u00cdO:<\/strong><br \/>\n-Env\u00edos a todo el pa\u00eds por Mercado Env\u00edos O Micro encomienda<br \/>\nNota: Embalamos tus productos de forma segura para no sufrir da\u00f1os en \u00e9l envi\u00f3.<br \/>\n&#8212;&#8212;&#8212;&#8212;&#8212;&#8212;&#8212;&#8212;&#8212;&#8212;&#8212;&#8212;&#8212;&#8212;&#8212;&#8212;&#8212;&#8212;&#8212;<\/p>\n<p><strong>FORMAS DE PAGO:<\/strong><br \/>\n&#8211; Transferencia Bancaria<br \/>\n&#8211; Tarjeta Debito \/ Credito (Mercado Pago)<br \/>\n&#8211; Rapipago \/ Pagofacil<br \/>\n&#8212;&#8212;&#8212;&#8212;&#8212;&#8212;&#8212;&#8212;&#8212;&#8212;&#8212;&#8212;&#8212;&#8212;&#8212;&#8212;&#8212;&#8212;&#8212;<\/p>\n<p><strong>UBICACI\u00d3N:<\/strong><br \/>\nEstamos ubicados en Rosario (Santa Fe) Zona sur<br \/>\n&#8212;&#8212;&#8212;&#8212;&#8212;&#8212;&#8212;&#8212;&#8212;&#8212;&#8212;&#8212;&#8212;&#8212;&#8212;&#8212;&#8212;&#8212;&#8212;<\/p>\n<p><strong>FACTURACION:<\/strong><br \/>\n-Emitimos Facturas A y B.<br \/>\n&#8212;&#8212;&#8212;&#8212;&#8212;&#8212;&#8212;&#8212;&#8212;&#8212;&#8212;&#8212;&#8212;&#8212;&#8212;&#8212;&#8212;&#8212;&#8212;<\/p>\n<p><strong>HORARIOS:<\/strong><br \/>\n-Lunes a Viernes de 09:00 a 18:00Hs<br \/>\n&#8212;&#8212;&#8212;&#8212;&#8212;&#8212;&#8212;&#8212;&#8212;&#8212;&#8212;&#8212;&#8212;&#8212;&#8212;&#8212;&#8212;&#8212;&#8212;<\/p>\n","protected":false},"featured_media":2433,"template":"","meta":{"_joinchat":[]},"product_brand":[],"product_cat":[143],"product_tag":[],"class_list":{"0":"post-2426","1":"product","2":"type-product","3":"status-publish","4":"has-post-thumbnail","6":"product_cat-valvulas-egr","8":"first","9":"instock","10":"taxable","11":"shipping-taxable","12":"product-type-simple"},"yoast_head":"<!-- This site is optimized with the Yoast SEO plugin v27.4 - https:\/\/yoast.com\/product\/yoast-seo-wordpress\/ -->\n<title>Valvula EGR Renault Laguna Megane Kangoo Clio 1.9 Dci -<\/title>\n<meta name=\"description\" content=\"Todos nuestros productos son de primera calidad, vienen en su packaging correspondiente. Envios a todo el Pais.\" \/>\n<meta name=\"robots\" content=\"index, follow, max-snippet:-1, max-image-preview:large, max-video-preview:-1\" \/>\n<link rel=\"canonical\" href=\"https:\/\/www.powerdiesel.com.ar\/tienda\/producto\/valvula-egr-renault-laguna-megane-kangoo-clio-1-9-dci\/\" \/>\n<meta property=\"og:locale\" content=\"es_ES\" \/>\n<meta property=\"og:type\" content=\"article\" \/>\n<meta property=\"og:title\" content=\"Valvula EGR Renault Laguna Megane Kangoo Clio 1.9 Dci -\" \/>\n<meta property=\"og:description\" content=\"Todos nuestros productos son de primera calidad, vienen en su packaging correspondiente. Envios a todo el Pais.\" \/>\n<meta property=\"og:url\" content=\"https:\/\/www.powerdiesel.com.ar\/tienda\/producto\/valvula-egr-renault-laguna-megane-kangoo-clio-1-9-dci\/\" \/>\n<meta property=\"article:modified_time\" content=\"2022-03-27T01:49:26+00:00\" \/>\n<meta property=\"og:image\" content=\"https:\/\/www.powerdiesel.com.ar\/tienda\/wp-content\/uploads\/2020\/12\/DSC_0901.jpg\" \/>\n\t<meta property=\"og:image:width\" content=\"1024\" \/>\n\t<meta property=\"og:image:height\" content=\"683\" \/>\n\t<meta property=\"og:image:type\" content=\"image\/jpeg\" \/>\n<meta name=\"twitter:card\" content=\"summary_large_image\" \/>\n<script type=\"application\/ld+json\" class=\"yoast-schema-graph\">{\"@context\":\"https:\\\/\\\/schema.org\",\"@graph\":[{\"@type\":\"WebPage\",\"@id\":\"https:\\\/\\\/www.powerdiesel.com.ar\\\/tienda\\\/producto\\\/valvula-egr-renault-laguna-megane-kangoo-clio-1-9-dci\\\/\",\"url\":\"https:\\\/\\\/www.powerdiesel.com.ar\\\/tienda\\\/producto\\\/valvula-egr-renault-laguna-megane-kangoo-clio-1-9-dci\\\/\",\"name\":\"Valvula EGR Renault Laguna Megane Kangoo Clio 1.9 Dci -\",\"isPartOf\":{\"@id\":\"https:\\\/\\\/www.powerdiesel.com.ar\\\/tienda\\\/#website\"},\"primaryImageOfPage\":{\"@id\":\"https:\\\/\\\/www.powerdiesel.com.ar\\\/tienda\\\/producto\\\/valvula-egr-renault-laguna-megane-kangoo-clio-1-9-dci\\\/#primaryimage\"},\"image\":{\"@id\":\"https:\\\/\\\/www.powerdiesel.com.ar\\\/tienda\\\/producto\\\/valvula-egr-renault-laguna-megane-kangoo-clio-1-9-dci\\\/#primaryimage\"},\"thumbnailUrl\":\"https:\\\/\\\/www.powerdiesel.com.ar\\\/tienda\\\/wp-content\\\/uploads\\\/2020\\\/12\\\/DSC_0901.jpg\",\"datePublished\":\"2020-12-04T17:05:07+00:00\",\"dateModified\":\"2022-03-27T01:49:26+00:00\",\"description\":\"Todos nuestros productos son de primera calidad, vienen en su packaging correspondiente. Envios a todo el Pais.\",\"breadcrumb\":{\"@id\":\"https:\\\/\\\/www.powerdiesel.com.ar\\\/tienda\\\/producto\\\/valvula-egr-renault-laguna-megane-kangoo-clio-1-9-dci\\\/#breadcrumb\"},\"inLanguage\":\"es\",\"potentialAction\":[{\"@type\":\"ReadAction\",\"target\":[\"https:\\\/\\\/www.powerdiesel.com.ar\\\/tienda\\\/producto\\\/valvula-egr-renault-laguna-megane-kangoo-clio-1-9-dci\\\/\"]}]},{\"@type\":\"ImageObject\",\"inLanguage\":\"es\",\"@id\":\"https:\\\/\\\/www.powerdiesel.com.ar\\\/tienda\\\/producto\\\/valvula-egr-renault-laguna-megane-kangoo-clio-1-9-dci\\\/#primaryimage\",\"url\":\"https:\\\/\\\/www.powerdiesel.com.ar\\\/tienda\\\/wp-content\\\/uploads\\\/2020\\\/12\\\/DSC_0901.jpg\",\"contentUrl\":\"https:\\\/\\\/www.powerdiesel.com.ar\\\/tienda\\\/wp-content\\\/uploads\\\/2020\\\/12\\\/DSC_0901.jpg\",\"width\":1024,\"height\":683},{\"@type\":\"BreadcrumbList\",\"@id\":\"https:\\\/\\\/www.powerdiesel.com.ar\\\/tienda\\\/producto\\\/valvula-egr-renault-laguna-megane-kangoo-clio-1-9-dci\\\/#breadcrumb\",\"itemListElement\":[{\"@type\":\"ListItem\",\"position\":1,\"name\":\"Portada\",\"item\":\"https:\\\/\\\/www.powerdiesel.com.ar\\\/tienda\\\/\"},{\"@type\":\"ListItem\",\"position\":2,\"name\":\"Repuestos\",\"item\":\"https:\\\/\\\/www.powerdiesel.com.ar\\\/tienda\\\/\"},{\"@type\":\"ListItem\",\"position\":3,\"name\":\"Valvula EGR Renault Laguna Megane Kangoo Clio 1.9 Dci\"}]},{\"@type\":\"WebSite\",\"@id\":\"https:\\\/\\\/www.powerdiesel.com.ar\\\/tienda\\\/#website\",\"url\":\"https:\\\/\\\/www.powerdiesel.com.ar\\\/tienda\\\/\",\"name\":\"\",\"description\":\"Compra Asegurada!\",\"potentialAction\":[{\"@type\":\"SearchAction\",\"target\":{\"@type\":\"EntryPoint\",\"urlTemplate\":\"https:\\\/\\\/www.powerdiesel.com.ar\\\/tienda\\\/?s={search_term_string}\"},\"query-input\":{\"@type\":\"PropertyValueSpecification\",\"valueRequired\":true,\"valueName\":\"search_term_string\"}}],\"inLanguage\":\"es\"}]}<\/script>\n<!-- \/ Yoast SEO plugin. -->","yoast_head_json":{"title":"Valvula EGR Renault Laguna Megane Kangoo Clio 1.9 Dci -","description":"Todos nuestros productos son de primera calidad, vienen en su packaging correspondiente. Envios a todo el Pais.","robots":{"index":"index","follow":"follow","max-snippet":"max-snippet:-1","max-image-preview":"max-image-preview:large","max-video-preview":"max-video-preview:-1"},"canonical":"https:\/\/www.powerdiesel.com.ar\/tienda\/producto\/valvula-egr-renault-laguna-megane-kangoo-clio-1-9-dci\/","og_locale":"es_ES","og_type":"article","og_title":"Valvula EGR Renault Laguna Megane Kangoo Clio 1.9 Dci -","og_description":"Todos nuestros productos son de primera calidad, vienen en su packaging correspondiente. Envios a todo el Pais.","og_url":"https:\/\/www.powerdiesel.com.ar\/tienda\/producto\/valvula-egr-renault-laguna-megane-kangoo-clio-1-9-dci\/","article_modified_time":"2022-03-27T01:49:26+00:00","og_image":[{"width":1024,"height":683,"url":"https:\/\/www.powerdiesel.com.ar\/tienda\/wp-content\/uploads\/2020\/12\/DSC_0901.jpg","type":"image\/jpeg"}],"twitter_card":"summary_large_image","schema":{"@context":"https:\/\/schema.org","@graph":[{"@type":"WebPage","@id":"https:\/\/www.powerdiesel.com.ar\/tienda\/producto\/valvula-egr-renault-laguna-megane-kangoo-clio-1-9-dci\/","url":"https:\/\/www.powerdiesel.com.ar\/tienda\/producto\/valvula-egr-renault-laguna-megane-kangoo-clio-1-9-dci\/","name":"Valvula EGR Renault Laguna Megane Kangoo Clio 1.9 Dci -","isPartOf":{"@id":"https:\/\/www.powerdiesel.com.ar\/tienda\/#website"},"primaryImageOfPage":{"@id":"https:\/\/www.powerdiesel.com.ar\/tienda\/producto\/valvula-egr-renault-laguna-megane-kangoo-clio-1-9-dci\/#primaryimage"},"image":{"@id":"https:\/\/www.powerdiesel.com.ar\/tienda\/producto\/valvula-egr-renault-laguna-megane-kangoo-clio-1-9-dci\/#primaryimage"},"thumbnailUrl":"https:\/\/www.powerdiesel.com.ar\/tienda\/wp-content\/uploads\/2020\/12\/DSC_0901.jpg","datePublished":"2020-12-04T17:05:07+00:00","dateModified":"2022-03-27T01:49:26+00:00","description":"Todos nuestros productos son de primera calidad, vienen en su packaging correspondiente. Envios a todo el Pais.","breadcrumb":{"@id":"https:\/\/www.powerdiesel.com.ar\/tienda\/producto\/valvula-egr-renault-laguna-megane-kangoo-clio-1-9-dci\/#breadcrumb"},"inLanguage":"es","potentialAction":[{"@type":"ReadAction","target":["https:\/\/www.powerdiesel.com.ar\/tienda\/producto\/valvula-egr-renault-laguna-megane-kangoo-clio-1-9-dci\/"]}]},{"@type":"ImageObject","inLanguage":"es","@id":"https:\/\/www.powerdiesel.com.ar\/tienda\/producto\/valvula-egr-renault-laguna-megane-kangoo-clio-1-9-dci\/#primaryimage","url":"https:\/\/www.powerdiesel.com.ar\/tienda\/wp-content\/uploads\/2020\/12\/DSC_0901.jpg","contentUrl":"https:\/\/www.powerdiesel.com.ar\/tienda\/wp-content\/uploads\/2020\/12\/DSC_0901.jpg","width":1024,"height":683},{"@type":"BreadcrumbList","@id":"https:\/\/www.powerdiesel.com.ar\/tienda\/producto\/valvula-egr-renault-laguna-megane-kangoo-clio-1-9-dci\/#breadcrumb","itemListElement":[{"@type":"ListItem","position":1,"name":"Portada","item":"https:\/\/www.powerdiesel.com.ar\/tienda\/"},{"@type":"ListItem","position":2,"name":"Repuestos","item":"https:\/\/www.powerdiesel.com.ar\/tienda\/"},{"@type":"ListItem","position":3,"name":"Valvula EGR Renault Laguna Megane Kangoo Clio 1.9 Dci"}]},{"@type":"WebSite","@id":"https:\/\/www.powerdiesel.com.ar\/tienda\/#website","url":"https:\/\/www.powerdiesel.com.ar\/tienda\/","name":"","description":"Compra Asegurada!","potentialAction":[{"@type":"SearchAction","target":{"@type":"EntryPoint","urlTemplate":"https:\/\/www.powerdiesel.com.ar\/tienda\/?s={search_term_string}"},"query-input":{"@type":"PropertyValueSpecification","valueRequired":true,"valueName":"search_term_string"}}],"inLanguage":"es"}]}},"_links":{"self":[{"href":"https:\/\/www.powerdiesel.com.ar\/tienda\/wp-json\/wp\/v2\/product\/2426","targetHints":{"allow":["GET"]}}],"collection":[{"href":"https:\/\/www.powerdiesel.com.ar\/tienda\/wp-json\/wp\/v2\/product"}],"about":[{"href":"https:\/\/www.powerdiesel.com.ar\/tienda\/wp-json\/wp\/v2\/types\/product"}],"wp:featuredmedia":[{"embeddable":true,"href":"https:\/\/www.powerdiesel.com.ar\/tienda\/wp-json\/wp\/v2\/media\/2433"}],"wp:attachment":[{"href":"https:\/\/www.powerdiesel.com.ar\/tienda\/wp-json\/wp\/v2\/media?parent=2426"}],"wp:term":[{"taxonomy":"product_brand","embeddable":true,"href":"https:\/\/www.powerdiesel.com.ar\/tienda\/wp-json\/wp\/v2\/product_brand?post=2426"},{"taxonomy":"product_cat","embeddable":true,"href":"https:\/\/www.powerdiesel.com.ar\/tienda\/wp-json\/wp\/v2\/product_cat?post=2426"},{"taxonomy":"product_tag","embeddable":true,"href":"https:\/\/www.powerdiesel.com.ar\/tienda\/wp-json\/wp\/v2\/product_tag?post=2426"}],"curies":[{"name":"wp","href":"https:\/\/api.w.org\/{rel}","templated":true}]}}