{"id":2372,"date":"2020-11-27T15:13:43","date_gmt":"2020-11-27T18:13:43","guid":{"rendered":"https:\/\/www.powerdiesel.com.ar\/tienda\/?post_type=product&#038;p=2372"},"modified":"2022-03-26T22:49:25","modified_gmt":"2022-03-27T01:49:25","slug":"9307-308a-rodamiento-grande-bomba-de-alta-clio-kangoo-megane-y-focus-28331942-28326392","status":"publish","type":"product","link":"https:\/\/www.powerdiesel.com.ar\/tienda\/producto\/9307-308a-rodamiento-grande-bomba-de-alta-clio-kangoo-megane-y-focus-28331942-28326392\/","title":{"rendered":"9307-308A Ruleman \u00abgrande\u00bb bomba de alta Clio Kangoo Megane y Focus 28331942 28326392"},"content":{"rendered":"<table class=\"table table-striped push-top\">\n<tbody>\n<tr>\n<th>Marca:<\/th>\n<td>Delphi<\/td>\n<\/tr>\n<tr>\n<th>Estado<\/th>\n<td>Nuevo cerrado en caja<\/td>\n<\/tr>\n<tr>\n<th>Garantia<\/th>\n<td>Si, Cambio por falla<\/td>\n<\/tr>\n<tr>\n<th>Aplicacion<\/th>\n<td>Para Bomba de Alta presi\u00f3n 28331942 Clio Kangoo Megane<\/td>\n<\/tr>\n<\/tbody>\n<\/table>\n","protected":false},"excerpt":{"rendered":"<p><b>Rodamiento (Ruleman) \u00abgrande\u00bb para bomba de alta presi\u00f3n Clio Kangoo Megane y Focus 28331942 28326392<\/b><\/p>\n<p>MARCA: Delphi<br \/>\nCODIGO: 9307-308A<br \/>\nESTADO: Nuevo, cerrado en caja.<\/p>\n<p>&#8212;&#8212;&#8212;&#8212;&#8212;&#8212;&#8212;&#8212;&#8212;&#8212;&#8212;&#8212;&#8212;&#8212;&#8212;&#8212;&#8212;&#8212;&#8212;<br \/>\nFORMAS DE ENV\u00cdO:<\/p>\n<p>-Env\u00edos a todo el pa\u00eds por Mercado Env\u00edos O Micro<br \/>\nNota: Embalamos tus productos de forma segura para no sufrir da\u00f1os en \u00e9l envi\u00f3.<br \/>\n&#8212;&#8212;&#8212;&#8212;&#8212;&#8212;&#8212;&#8212;&#8212;&#8212;&#8212;&#8212;&#8212;&#8212;&#8212;&#8212;&#8212;&#8212;&#8212;<br \/>\nUBICACI\u00d3N:<br \/>\nEstamos ubicados en Rosario (Santa Fe) Zona sur<br \/>\n&#8212;&#8212;&#8212;&#8212;&#8212;&#8212;&#8212;&#8212;&#8212;&#8212;&#8212;&#8212;&#8212;&#8212;&#8212;&#8212;&#8212;&#8212;&#8212;<br \/>\nHORARIOS:<br \/>\n-Lunes a Viernes de 09:00 a 18:00Hs<br \/>\n&#8212;&#8212;&#8212;&#8212;&#8212;&#8212;&#8212;&#8212;&#8212;&#8212;&#8212;&#8212;&#8212;&#8212;&#8212;&#8212;&#8212;&#8212;&#8212;<\/p>\n","protected":false},"featured_media":2373,"template":"","meta":{"_joinchat":[]},"product_brand":[],"product_cat":[34],"product_tag":[123,124,75,120,83,122,119,121],"class_list":{"0":"post-2372","1":"product","2":"type-product","3":"status-publish","4":"has-post-thumbnail","6":"product_cat-partes-y-piezas-common-rail","7":"product_tag-123","8":"product_tag-9307-308a","9":"product_tag-clio","10":"product_tag-grade","11":"product_tag-kangoo","12":"product_tag-megane","13":"product_tag-rodamiento","14":"product_tag-ruleman","16":"first","17":"instock","18":"taxable","19":"shipping-taxable","20":"product-type-simple"},"yoast_head":"<!-- This site is optimized with the Yoast SEO plugin v27.4 - https:\/\/yoast.com\/product\/yoast-seo-wordpress\/ -->\n<title>9307-308A Ruleman &quot;grande&quot; bomba de alta Clio Kangoo Megane y Focus 28331942 28326392 -<\/title>\n<meta name=\"description\" content=\"Rodamiento para Bomba de alta Presion Renault Clio Kangoo Megane 1.5 Dci. Trabajamos repuestos originales y Alternativos. Hacemos Envios\" \/>\n<meta name=\"robots\" content=\"index, follow, max-snippet:-1, max-image-preview:large, max-video-preview:-1\" \/>\n<link rel=\"canonical\" href=\"https:\/\/www.powerdiesel.com.ar\/tienda\/producto\/9307-308a-rodamiento-grande-bomba-de-alta-clio-kangoo-megane-y-focus-28331942-28326392\/\" \/>\n<meta property=\"og:locale\" content=\"es_ES\" \/>\n<meta property=\"og:type\" content=\"article\" \/>\n<meta property=\"og:title\" content=\"9307-308A Ruleman &quot;grande&quot; bomba de alta Clio Kangoo Megane y Focus 28331942 28326392 -\" \/>\n<meta property=\"og:description\" content=\"Rodamiento para Bomba de alta Presion Renault Clio Kangoo Megane 1.5 Dci. Trabajamos repuestos originales y Alternativos. Hacemos Envios\" \/>\n<meta property=\"og:url\" content=\"https:\/\/www.powerdiesel.com.ar\/tienda\/producto\/9307-308a-rodamiento-grande-bomba-de-alta-clio-kangoo-megane-y-focus-28331942-28326392\/\" \/>\n<meta property=\"article:modified_time\" content=\"2022-03-27T01:49:25+00:00\" \/>\n<meta property=\"og:image\" content=\"https:\/\/www.powerdiesel.com.ar\/tienda\/wp-content\/uploads\/2020\/11\/308a.jpg\" \/>\n\t<meta property=\"og:image:width\" content=\"458\" \/>\n\t<meta property=\"og:image:height\" content=\"458\" \/>\n\t<meta property=\"og:image:type\" content=\"image\/jpeg\" \/>\n<meta name=\"twitter:card\" content=\"summary_large_image\" \/>\n<script type=\"application\/ld+json\" class=\"yoast-schema-graph\">{\"@context\":\"https:\\\/\\\/schema.org\",\"@graph\":[{\"@type\":\"WebPage\",\"@id\":\"https:\\\/\\\/www.powerdiesel.com.ar\\\/tienda\\\/producto\\\/9307-308a-rodamiento-grande-bomba-de-alta-clio-kangoo-megane-y-focus-28331942-28326392\\\/\",\"url\":\"https:\\\/\\\/www.powerdiesel.com.ar\\\/tienda\\\/producto\\\/9307-308a-rodamiento-grande-bomba-de-alta-clio-kangoo-megane-y-focus-28331942-28326392\\\/\",\"name\":\"9307-308A Ruleman \\\"grande\\\" bomba de alta Clio Kangoo Megane y Focus 28331942 28326392 -\",\"isPartOf\":{\"@id\":\"https:\\\/\\\/www.powerdiesel.com.ar\\\/tienda\\\/#website\"},\"primaryImageOfPage\":{\"@id\":\"https:\\\/\\\/www.powerdiesel.com.ar\\\/tienda\\\/producto\\\/9307-308a-rodamiento-grande-bomba-de-alta-clio-kangoo-megane-y-focus-28331942-28326392\\\/#primaryimage\"},\"image\":{\"@id\":\"https:\\\/\\\/www.powerdiesel.com.ar\\\/tienda\\\/producto\\\/9307-308a-rodamiento-grande-bomba-de-alta-clio-kangoo-megane-y-focus-28331942-28326392\\\/#primaryimage\"},\"thumbnailUrl\":\"https:\\\/\\\/www.powerdiesel.com.ar\\\/tienda\\\/wp-content\\\/uploads\\\/2020\\\/11\\\/308a.jpg\",\"datePublished\":\"2020-11-27T18:13:43+00:00\",\"dateModified\":\"2022-03-27T01:49:25+00:00\",\"description\":\"Rodamiento para Bomba de alta Presion Renault Clio Kangoo Megane 1.5 Dci. Trabajamos repuestos originales y Alternativos. Hacemos Envios\",\"breadcrumb\":{\"@id\":\"https:\\\/\\\/www.powerdiesel.com.ar\\\/tienda\\\/producto\\\/9307-308a-rodamiento-grande-bomba-de-alta-clio-kangoo-megane-y-focus-28331942-28326392\\\/#breadcrumb\"},\"inLanguage\":\"es\",\"potentialAction\":[{\"@type\":\"ReadAction\",\"target\":[\"https:\\\/\\\/www.powerdiesel.com.ar\\\/tienda\\\/producto\\\/9307-308a-rodamiento-grande-bomba-de-alta-clio-kangoo-megane-y-focus-28331942-28326392\\\/\"]}]},{\"@type\":\"ImageObject\",\"inLanguage\":\"es\",\"@id\":\"https:\\\/\\\/www.powerdiesel.com.ar\\\/tienda\\\/producto\\\/9307-308a-rodamiento-grande-bomba-de-alta-clio-kangoo-megane-y-focus-28331942-28326392\\\/#primaryimage\",\"url\":\"https:\\\/\\\/www.powerdiesel.com.ar\\\/tienda\\\/wp-content\\\/uploads\\\/2020\\\/11\\\/308a.jpg\",\"contentUrl\":\"https:\\\/\\\/www.powerdiesel.com.ar\\\/tienda\\\/wp-content\\\/uploads\\\/2020\\\/11\\\/308a.jpg\",\"width\":458,\"height\":458},{\"@type\":\"BreadcrumbList\",\"@id\":\"https:\\\/\\\/www.powerdiesel.com.ar\\\/tienda\\\/producto\\\/9307-308a-rodamiento-grande-bomba-de-alta-clio-kangoo-megane-y-focus-28331942-28326392\\\/#breadcrumb\",\"itemListElement\":[{\"@type\":\"ListItem\",\"position\":1,\"name\":\"Portada\",\"item\":\"https:\\\/\\\/www.powerdiesel.com.ar\\\/tienda\\\/\"},{\"@type\":\"ListItem\",\"position\":2,\"name\":\"Repuestos\",\"item\":\"https:\\\/\\\/www.powerdiesel.com.ar\\\/tienda\\\/\"},{\"@type\":\"ListItem\",\"position\":3,\"name\":\"9307-308A Ruleman \u00abgrande\u00bb bomba de alta Clio Kangoo Megane y Focus 28331942 28326392\"}]},{\"@type\":\"WebSite\",\"@id\":\"https:\\\/\\\/www.powerdiesel.com.ar\\\/tienda\\\/#website\",\"url\":\"https:\\\/\\\/www.powerdiesel.com.ar\\\/tienda\\\/\",\"name\":\"\",\"description\":\"Compra Asegurada!\",\"potentialAction\":[{\"@type\":\"SearchAction\",\"target\":{\"@type\":\"EntryPoint\",\"urlTemplate\":\"https:\\\/\\\/www.powerdiesel.com.ar\\\/tienda\\\/?s={search_term_string}\"},\"query-input\":{\"@type\":\"PropertyValueSpecification\",\"valueRequired\":true,\"valueName\":\"search_term_string\"}}],\"inLanguage\":\"es\"}]}<\/script>\n<!-- \/ Yoast SEO plugin. -->","yoast_head_json":{"title":"9307-308A Ruleman \"grande\" bomba de alta Clio Kangoo Megane y Focus 28331942 28326392 -","description":"Rodamiento para Bomba de alta Presion Renault Clio Kangoo Megane 1.5 Dci. Trabajamos repuestos originales y Alternativos. Hacemos Envios","robots":{"index":"index","follow":"follow","max-snippet":"max-snippet:-1","max-image-preview":"max-image-preview:large","max-video-preview":"max-video-preview:-1"},"canonical":"https:\/\/www.powerdiesel.com.ar\/tienda\/producto\/9307-308a-rodamiento-grande-bomba-de-alta-clio-kangoo-megane-y-focus-28331942-28326392\/","og_locale":"es_ES","og_type":"article","og_title":"9307-308A Ruleman \"grande\" bomba de alta Clio Kangoo Megane y Focus 28331942 28326392 -","og_description":"Rodamiento para Bomba de alta Presion Renault Clio Kangoo Megane 1.5 Dci. Trabajamos repuestos originales y Alternativos. Hacemos Envios","og_url":"https:\/\/www.powerdiesel.com.ar\/tienda\/producto\/9307-308a-rodamiento-grande-bomba-de-alta-clio-kangoo-megane-y-focus-28331942-28326392\/","article_modified_time":"2022-03-27T01:49:25+00:00","og_image":[{"width":458,"height":458,"url":"https:\/\/www.powerdiesel.com.ar\/tienda\/wp-content\/uploads\/2020\/11\/308a.jpg","type":"image\/jpeg"}],"twitter_card":"summary_large_image","schema":{"@context":"https:\/\/schema.org","@graph":[{"@type":"WebPage","@id":"https:\/\/www.powerdiesel.com.ar\/tienda\/producto\/9307-308a-rodamiento-grande-bomba-de-alta-clio-kangoo-megane-y-focus-28331942-28326392\/","url":"https:\/\/www.powerdiesel.com.ar\/tienda\/producto\/9307-308a-rodamiento-grande-bomba-de-alta-clio-kangoo-megane-y-focus-28331942-28326392\/","name":"9307-308A Ruleman \"grande\" bomba de alta Clio Kangoo Megane y Focus 28331942 28326392 -","isPartOf":{"@id":"https:\/\/www.powerdiesel.com.ar\/tienda\/#website"},"primaryImageOfPage":{"@id":"https:\/\/www.powerdiesel.com.ar\/tienda\/producto\/9307-308a-rodamiento-grande-bomba-de-alta-clio-kangoo-megane-y-focus-28331942-28326392\/#primaryimage"},"image":{"@id":"https:\/\/www.powerdiesel.com.ar\/tienda\/producto\/9307-308a-rodamiento-grande-bomba-de-alta-clio-kangoo-megane-y-focus-28331942-28326392\/#primaryimage"},"thumbnailUrl":"https:\/\/www.powerdiesel.com.ar\/tienda\/wp-content\/uploads\/2020\/11\/308a.jpg","datePublished":"2020-11-27T18:13:43+00:00","dateModified":"2022-03-27T01:49:25+00:00","description":"Rodamiento para Bomba de alta Presion Renault Clio Kangoo Megane 1.5 Dci. Trabajamos repuestos originales y Alternativos. Hacemos Envios","breadcrumb":{"@id":"https:\/\/www.powerdiesel.com.ar\/tienda\/producto\/9307-308a-rodamiento-grande-bomba-de-alta-clio-kangoo-megane-y-focus-28331942-28326392\/#breadcrumb"},"inLanguage":"es","potentialAction":[{"@type":"ReadAction","target":["https:\/\/www.powerdiesel.com.ar\/tienda\/producto\/9307-308a-rodamiento-grande-bomba-de-alta-clio-kangoo-megane-y-focus-28331942-28326392\/"]}]},{"@type":"ImageObject","inLanguage":"es","@id":"https:\/\/www.powerdiesel.com.ar\/tienda\/producto\/9307-308a-rodamiento-grande-bomba-de-alta-clio-kangoo-megane-y-focus-28331942-28326392\/#primaryimage","url":"https:\/\/www.powerdiesel.com.ar\/tienda\/wp-content\/uploads\/2020\/11\/308a.jpg","contentUrl":"https:\/\/www.powerdiesel.com.ar\/tienda\/wp-content\/uploads\/2020\/11\/308a.jpg","width":458,"height":458},{"@type":"BreadcrumbList","@id":"https:\/\/www.powerdiesel.com.ar\/tienda\/producto\/9307-308a-rodamiento-grande-bomba-de-alta-clio-kangoo-megane-y-focus-28331942-28326392\/#breadcrumb","itemListElement":[{"@type":"ListItem","position":1,"name":"Portada","item":"https:\/\/www.powerdiesel.com.ar\/tienda\/"},{"@type":"ListItem","position":2,"name":"Repuestos","item":"https:\/\/www.powerdiesel.com.ar\/tienda\/"},{"@type":"ListItem","position":3,"name":"9307-308A Ruleman \u00abgrande\u00bb bomba de alta Clio Kangoo Megane y Focus 28331942 28326392"}]},{"@type":"WebSite","@id":"https:\/\/www.powerdiesel.com.ar\/tienda\/#website","url":"https:\/\/www.powerdiesel.com.ar\/tienda\/","name":"","description":"Compra Asegurada!","potentialAction":[{"@type":"SearchAction","target":{"@type":"EntryPoint","urlTemplate":"https:\/\/www.powerdiesel.com.ar\/tienda\/?s={search_term_string}"},"query-input":{"@type":"PropertyValueSpecification","valueRequired":true,"valueName":"search_term_string"}}],"inLanguage":"es"}]}},"_links":{"self":[{"href":"https:\/\/www.powerdiesel.com.ar\/tienda\/wp-json\/wp\/v2\/product\/2372","targetHints":{"allow":["GET"]}}],"collection":[{"href":"https:\/\/www.powerdiesel.com.ar\/tienda\/wp-json\/wp\/v2\/product"}],"about":[{"href":"https:\/\/www.powerdiesel.com.ar\/tienda\/wp-json\/wp\/v2\/types\/product"}],"wp:featuredmedia":[{"embeddable":true,"href":"https:\/\/www.powerdiesel.com.ar\/tienda\/wp-json\/wp\/v2\/media\/2373"}],"wp:attachment":[{"href":"https:\/\/www.powerdiesel.com.ar\/tienda\/wp-json\/wp\/v2\/media?parent=2372"}],"wp:term":[{"taxonomy":"product_brand","embeddable":true,"href":"https:\/\/www.powerdiesel.com.ar\/tienda\/wp-json\/wp\/v2\/product_brand?post=2372"},{"taxonomy":"product_cat","embeddable":true,"href":"https:\/\/www.powerdiesel.com.ar\/tienda\/wp-json\/wp\/v2\/product_cat?post=2372"},{"taxonomy":"product_tag","embeddable":true,"href":"https:\/\/www.powerdiesel.com.ar\/tienda\/wp-json\/wp\/v2\/product_tag?post=2372"}],"curies":[{"name":"wp","href":"https:\/\/api.w.org\/{rel}","templated":true}]}}