{"id":2348,"date":"2020-10-29T17:32:26","date_gmt":"2020-10-29T20:32:26","guid":{"rendered":"https:\/\/www.powerdiesel.com.ar\/tienda\/?post_type=product&#038;p=2348"},"modified":"2022-03-26T22:49:25","modified_gmt":"2022-03-27T01:49:25","slug":"dlla142s1264-9430084245-tobera-mercedes-benz-1114","status":"publish","type":"product","link":"https:\/\/www.powerdiesel.com.ar\/tienda\/producto\/dlla142s1264-9430084245-tobera-mercedes-benz-1114\/","title":{"rendered":"DLLA142S1264 9430084245 Tobera Mercedes Benz 1114"},"content":{"rendered":"<table class=\"table table-striped push-top\" style=\"height: 147px;\" width=\"382\">\n<tbody>\n<tr>\n<th>Marca<\/th>\n<td>Engine Pro &#8211; Kingstar<\/td>\n<\/tr>\n<tr>\n<th>Estado<\/th>\n<td>Nuevo cerrado en caja<\/td>\n<\/tr>\n<tr>\n<th>Garantia<\/th>\n<td>Si, Cambio por falla<\/td>\n<\/tr>\n<tr>\n<th>Aplicacion<\/th>\n<td>Mercedes Benz 1114<\/td>\n<\/tr>\n<\/tbody>\n<\/table>\n","protected":false},"excerpt":{"rendered":"<p><b>Tobera para Mercedes Benz 1114<\/b><\/p>\n<p><em><strong>MARCA<\/strong><\/em>: Engine Pro &#8211; Kingstar<br \/>\n<em><strong>CODIGO:<\/strong><\/em> DLLA 142 S 1264<br \/>\n<em><strong>CODIGO BOSCH:<\/strong><\/em>9430084245<br \/>\n<em><strong>ESTADO:<\/strong><\/em> Nuevo, cerrado en caja.<\/p>\n<p>&#8212;&#8212;&#8212;&#8212;&#8212;&#8212;&#8212;&#8212;&#8212;&#8212;&#8212;&#8212;&#8212;&#8212;&#8212;&#8212;&#8212;&#8212;&#8212;<br \/>\nFORMAS DE ENV\u00cdO:<\/p>\n<p>-Env\u00edos a todo el pa\u00eds por Mercado Env\u00edos O Micro<br \/>\nNota: Embalamos tus productos de forma segura para no sufrir da\u00f1os en \u00e9l envi\u00f3.<br \/>\n&#8212;&#8212;&#8212;&#8212;&#8212;&#8212;&#8212;&#8212;&#8212;&#8212;&#8212;&#8212;&#8212;&#8212;&#8212;&#8212;&#8212;&#8212;&#8212;<br \/>\nUBICACI\u00d3N:<br \/>\nEstamos ubicados en Rosario (Santa Fe) Zona sur<br \/>\n&#8212;&#8212;&#8212;&#8212;&#8212;&#8212;&#8212;&#8212;&#8212;&#8212;&#8212;&#8212;&#8212;&#8212;&#8212;&#8212;&#8212;&#8212;&#8212;<br \/>\nHORARIOS:<br \/>\n-Lunes a Viernes de 09:00 a 18:00Hs<br \/>\n&#8212;&#8212;&#8212;&#8212;&#8212;&#8212;&#8212;&#8212;&#8212;&#8212;&#8212;&#8212;&#8212;&#8212;&#8212;&#8212;&#8212;&#8212;&#8212;<\/p>\n","protected":false},"featured_media":2347,"template":"","meta":{"_joinchat":[]},"product_brand":[],"product_cat":[60,34,35],"product_tag":[],"class_list":{"0":"post-2348","1":"product","2":"type-product","3":"status-publish","4":"has-post-thumbnail","6":"product_cat-engine-pro","7":"product_cat-partes-y-piezas-common-rail","8":"product_cat-toberas-partes-y-piezas-inyectores-common-rail","10":"first","11":"instock","12":"taxable","13":"shipping-taxable","14":"product-type-simple"},"yoast_head":"<!-- This site is optimized with the Yoast SEO plugin v27.4 - https:\/\/yoast.com\/product\/yoast-seo-wordpress\/ -->\n<title>DLLA142S1264 9430084245 Tobera Mercedes Benz 1114 -<\/title>\n<meta name=\"robots\" content=\"index, follow, max-snippet:-1, max-image-preview:large, max-video-preview:-1\" \/>\n<link rel=\"canonical\" href=\"https:\/\/www.powerdiesel.com.ar\/tienda\/producto\/dlla142s1264-9430084245-tobera-mercedes-benz-1114\/\" \/>\n<meta property=\"og:locale\" content=\"es_ES\" \/>\n<meta property=\"og:type\" content=\"article\" \/>\n<meta property=\"og:title\" content=\"DLLA142S1264 9430084245 Tobera Mercedes Benz 1114 -\" \/>\n<meta property=\"og:description\" content=\"Tobera para Mercedes Benz 1114  MARCA: Engine Pro - Kingstar CODIGO: DLLA 142 S 1264 CODIGO BOSCH:9430084245 ESTADO: Nuevo, cerrado en caja.  --------------------------------------------------------- FORMAS DE ENV\u00cdO:  -Env\u00edos a todo el pa\u00eds por Mercado Env\u00edos O Micro Nota: Embalamos tus productos de forma segura para no sufrir da\u00f1os en \u00e9l envi\u00f3. --------------------------------------------------------- UBICACI\u00d3N: Estamos ubicados en Rosario (Santa Fe) Zona sur --------------------------------------------------------- HORARIOS: -Lunes a Viernes de 09:00 a 18:00Hs ---------------------------------------------------------\" \/>\n<meta property=\"og:url\" content=\"https:\/\/www.powerdiesel.com.ar\/tienda\/producto\/dlla142s1264-9430084245-tobera-mercedes-benz-1114\/\" \/>\n<meta property=\"article:modified_time\" content=\"2022-03-27T01:49:25+00:00\" \/>\n<meta property=\"og:image\" content=\"https:\/\/www.powerdiesel.com.ar\/tienda\/wp-content\/uploads\/2020\/10\/6577.jpg\" \/>\n\t<meta property=\"og:image:width\" content=\"600\" \/>\n\t<meta property=\"og:image:height\" content=\"600\" \/>\n\t<meta property=\"og:image:type\" content=\"image\/jpeg\" \/>\n<meta name=\"twitter:card\" content=\"summary_large_image\" \/>\n<script type=\"application\/ld+json\" class=\"yoast-schema-graph\">{\"@context\":\"https:\\\/\\\/schema.org\",\"@graph\":[{\"@type\":\"WebPage\",\"@id\":\"https:\\\/\\\/www.powerdiesel.com.ar\\\/tienda\\\/producto\\\/dlla142s1264-9430084245-tobera-mercedes-benz-1114\\\/\",\"url\":\"https:\\\/\\\/www.powerdiesel.com.ar\\\/tienda\\\/producto\\\/dlla142s1264-9430084245-tobera-mercedes-benz-1114\\\/\",\"name\":\"DLLA142S1264 9430084245 Tobera Mercedes Benz 1114 -\",\"isPartOf\":{\"@id\":\"https:\\\/\\\/www.powerdiesel.com.ar\\\/tienda\\\/#website\"},\"primaryImageOfPage\":{\"@id\":\"https:\\\/\\\/www.powerdiesel.com.ar\\\/tienda\\\/producto\\\/dlla142s1264-9430084245-tobera-mercedes-benz-1114\\\/#primaryimage\"},\"image\":{\"@id\":\"https:\\\/\\\/www.powerdiesel.com.ar\\\/tienda\\\/producto\\\/dlla142s1264-9430084245-tobera-mercedes-benz-1114\\\/#primaryimage\"},\"thumbnailUrl\":\"https:\\\/\\\/www.powerdiesel.com.ar\\\/tienda\\\/wp-content\\\/uploads\\\/2020\\\/10\\\/6577.jpg\",\"datePublished\":\"2020-10-29T20:32:26+00:00\",\"dateModified\":\"2022-03-27T01:49:25+00:00\",\"breadcrumb\":{\"@id\":\"https:\\\/\\\/www.powerdiesel.com.ar\\\/tienda\\\/producto\\\/dlla142s1264-9430084245-tobera-mercedes-benz-1114\\\/#breadcrumb\"},\"inLanguage\":\"es\",\"potentialAction\":[{\"@type\":\"ReadAction\",\"target\":[\"https:\\\/\\\/www.powerdiesel.com.ar\\\/tienda\\\/producto\\\/dlla142s1264-9430084245-tobera-mercedes-benz-1114\\\/\"]}]},{\"@type\":\"ImageObject\",\"inLanguage\":\"es\",\"@id\":\"https:\\\/\\\/www.powerdiesel.com.ar\\\/tienda\\\/producto\\\/dlla142s1264-9430084245-tobera-mercedes-benz-1114\\\/#primaryimage\",\"url\":\"https:\\\/\\\/www.powerdiesel.com.ar\\\/tienda\\\/wp-content\\\/uploads\\\/2020\\\/10\\\/6577.jpg\",\"contentUrl\":\"https:\\\/\\\/www.powerdiesel.com.ar\\\/tienda\\\/wp-content\\\/uploads\\\/2020\\\/10\\\/6577.jpg\",\"width\":600,\"height\":600,\"caption\":\"Tobera Engine Pro\"},{\"@type\":\"BreadcrumbList\",\"@id\":\"https:\\\/\\\/www.powerdiesel.com.ar\\\/tienda\\\/producto\\\/dlla142s1264-9430084245-tobera-mercedes-benz-1114\\\/#breadcrumb\",\"itemListElement\":[{\"@type\":\"ListItem\",\"position\":1,\"name\":\"Portada\",\"item\":\"https:\\\/\\\/www.powerdiesel.com.ar\\\/tienda\\\/\"},{\"@type\":\"ListItem\",\"position\":2,\"name\":\"Repuestos\",\"item\":\"https:\\\/\\\/www.powerdiesel.com.ar\\\/tienda\\\/\"},{\"@type\":\"ListItem\",\"position\":3,\"name\":\"DLLA142S1264 9430084245 Tobera Mercedes Benz 1114\"}]},{\"@type\":\"WebSite\",\"@id\":\"https:\\\/\\\/www.powerdiesel.com.ar\\\/tienda\\\/#website\",\"url\":\"https:\\\/\\\/www.powerdiesel.com.ar\\\/tienda\\\/\",\"name\":\"\",\"description\":\"Compra Asegurada!\",\"potentialAction\":[{\"@type\":\"SearchAction\",\"target\":{\"@type\":\"EntryPoint\",\"urlTemplate\":\"https:\\\/\\\/www.powerdiesel.com.ar\\\/tienda\\\/?s={search_term_string}\"},\"query-input\":{\"@type\":\"PropertyValueSpecification\",\"valueRequired\":true,\"valueName\":\"search_term_string\"}}],\"inLanguage\":\"es\"}]}<\/script>\n<!-- \/ Yoast SEO plugin. -->","yoast_head_json":{"title":"DLLA142S1264 9430084245 Tobera Mercedes Benz 1114 -","robots":{"index":"index","follow":"follow","max-snippet":"max-snippet:-1","max-image-preview":"max-image-preview:large","max-video-preview":"max-video-preview:-1"},"canonical":"https:\/\/www.powerdiesel.com.ar\/tienda\/producto\/dlla142s1264-9430084245-tobera-mercedes-benz-1114\/","og_locale":"es_ES","og_type":"article","og_title":"DLLA142S1264 9430084245 Tobera Mercedes Benz 1114 -","og_description":"Tobera para Mercedes Benz 1114  MARCA: Engine Pro - Kingstar CODIGO: DLLA 142 S 1264 CODIGO BOSCH:9430084245 ESTADO: Nuevo, cerrado en caja.  --------------------------------------------------------- FORMAS DE ENV\u00cdO:  -Env\u00edos a todo el pa\u00eds por Mercado Env\u00edos O Micro Nota: Embalamos tus productos de forma segura para no sufrir da\u00f1os en \u00e9l envi\u00f3. --------------------------------------------------------- UBICACI\u00d3N: Estamos ubicados en Rosario (Santa Fe) Zona sur --------------------------------------------------------- HORARIOS: -Lunes a Viernes de 09:00 a 18:00Hs ---------------------------------------------------------","og_url":"https:\/\/www.powerdiesel.com.ar\/tienda\/producto\/dlla142s1264-9430084245-tobera-mercedes-benz-1114\/","article_modified_time":"2022-03-27T01:49:25+00:00","og_image":[{"width":600,"height":600,"url":"https:\/\/www.powerdiesel.com.ar\/tienda\/wp-content\/uploads\/2020\/10\/6577.jpg","type":"image\/jpeg"}],"twitter_card":"summary_large_image","schema":{"@context":"https:\/\/schema.org","@graph":[{"@type":"WebPage","@id":"https:\/\/www.powerdiesel.com.ar\/tienda\/producto\/dlla142s1264-9430084245-tobera-mercedes-benz-1114\/","url":"https:\/\/www.powerdiesel.com.ar\/tienda\/producto\/dlla142s1264-9430084245-tobera-mercedes-benz-1114\/","name":"DLLA142S1264 9430084245 Tobera Mercedes Benz 1114 -","isPartOf":{"@id":"https:\/\/www.powerdiesel.com.ar\/tienda\/#website"},"primaryImageOfPage":{"@id":"https:\/\/www.powerdiesel.com.ar\/tienda\/producto\/dlla142s1264-9430084245-tobera-mercedes-benz-1114\/#primaryimage"},"image":{"@id":"https:\/\/www.powerdiesel.com.ar\/tienda\/producto\/dlla142s1264-9430084245-tobera-mercedes-benz-1114\/#primaryimage"},"thumbnailUrl":"https:\/\/www.powerdiesel.com.ar\/tienda\/wp-content\/uploads\/2020\/10\/6577.jpg","datePublished":"2020-10-29T20:32:26+00:00","dateModified":"2022-03-27T01:49:25+00:00","breadcrumb":{"@id":"https:\/\/www.powerdiesel.com.ar\/tienda\/producto\/dlla142s1264-9430084245-tobera-mercedes-benz-1114\/#breadcrumb"},"inLanguage":"es","potentialAction":[{"@type":"ReadAction","target":["https:\/\/www.powerdiesel.com.ar\/tienda\/producto\/dlla142s1264-9430084245-tobera-mercedes-benz-1114\/"]}]},{"@type":"ImageObject","inLanguage":"es","@id":"https:\/\/www.powerdiesel.com.ar\/tienda\/producto\/dlla142s1264-9430084245-tobera-mercedes-benz-1114\/#primaryimage","url":"https:\/\/www.powerdiesel.com.ar\/tienda\/wp-content\/uploads\/2020\/10\/6577.jpg","contentUrl":"https:\/\/www.powerdiesel.com.ar\/tienda\/wp-content\/uploads\/2020\/10\/6577.jpg","width":600,"height":600,"caption":"Tobera Engine Pro"},{"@type":"BreadcrumbList","@id":"https:\/\/www.powerdiesel.com.ar\/tienda\/producto\/dlla142s1264-9430084245-tobera-mercedes-benz-1114\/#breadcrumb","itemListElement":[{"@type":"ListItem","position":1,"name":"Portada","item":"https:\/\/www.powerdiesel.com.ar\/tienda\/"},{"@type":"ListItem","position":2,"name":"Repuestos","item":"https:\/\/www.powerdiesel.com.ar\/tienda\/"},{"@type":"ListItem","position":3,"name":"DLLA142S1264 9430084245 Tobera Mercedes Benz 1114"}]},{"@type":"WebSite","@id":"https:\/\/www.powerdiesel.com.ar\/tienda\/#website","url":"https:\/\/www.powerdiesel.com.ar\/tienda\/","name":"","description":"Compra Asegurada!","potentialAction":[{"@type":"SearchAction","target":{"@type":"EntryPoint","urlTemplate":"https:\/\/www.powerdiesel.com.ar\/tienda\/?s={search_term_string}"},"query-input":{"@type":"PropertyValueSpecification","valueRequired":true,"valueName":"search_term_string"}}],"inLanguage":"es"}]}},"_links":{"self":[{"href":"https:\/\/www.powerdiesel.com.ar\/tienda\/wp-json\/wp\/v2\/product\/2348","targetHints":{"allow":["GET"]}}],"collection":[{"href":"https:\/\/www.powerdiesel.com.ar\/tienda\/wp-json\/wp\/v2\/product"}],"about":[{"href":"https:\/\/www.powerdiesel.com.ar\/tienda\/wp-json\/wp\/v2\/types\/product"}],"wp:featuredmedia":[{"embeddable":true,"href":"https:\/\/www.powerdiesel.com.ar\/tienda\/wp-json\/wp\/v2\/media\/2347"}],"wp:attachment":[{"href":"https:\/\/www.powerdiesel.com.ar\/tienda\/wp-json\/wp\/v2\/media?parent=2348"}],"wp:term":[{"taxonomy":"product_brand","embeddable":true,"href":"https:\/\/www.powerdiesel.com.ar\/tienda\/wp-json\/wp\/v2\/product_brand?post=2348"},{"taxonomy":"product_cat","embeddable":true,"href":"https:\/\/www.powerdiesel.com.ar\/tienda\/wp-json\/wp\/v2\/product_cat?post=2348"},{"taxonomy":"product_tag","embeddable":true,"href":"https:\/\/www.powerdiesel.com.ar\/tienda\/wp-json\/wp\/v2\/product_tag?post=2348"}],"curies":[{"name":"wp","href":"https:\/\/api.w.org\/{rel}","templated":true}]}}