{"id":2312,"date":"2020-10-12T22:24:36","date_gmt":"2020-10-13T01:24:36","guid":{"rendered":"https:\/\/www.powerdiesel.com.ar\/tienda\/?post_type=product&#038;p=2312"},"modified":"2022-03-26T22:49:23","modified_gmt":"2022-03-27T01:49:23","slug":"bomba-de-alta-presion-ford-ranger-3-2-y-2-2-transit-22-2016-en-adelante","status":"publish","type":"product","link":"https:\/\/www.powerdiesel.com.ar\/tienda\/producto\/bomba-de-alta-presion-ford-ranger-3-2-y-2-2-transit-22-2016-en-adelante\/","title":{"rendered":"Bomba de alta presion Ford Ranger 3.2 y 2.2 Transit  2,2 2016 en adelante A2C59517045 5WS40694 A2C53344443"},"content":{"rendered":"<table class=\"table table-striped push-top\">\n<tbody>\n<tr>\n<th>Marca:<\/th>\n<td>Vdo Siemens<\/td>\n<\/tr>\n<tr>\n<th>Estado<\/th>\n<td>Nuevo cerrado en caja<\/td>\n<\/tr>\n<tr>\n<th>Garantia<\/th>\n<td>Si, Cambio por falla<\/td>\n<\/tr>\n<tr>\n<th>Aplicacion<\/th>\n<td>\u00a0Ford Ranger 3.2 y 2.2 \/ Transit 2,2<\/td>\n<\/tr>\n<\/tbody>\n<\/table>\n","protected":false},"excerpt":{"rendered":"<p><b>\u00a0Bomba de alta presi\u00f3n\u00a0Siemens Ford Ranger 3.2 \/2,2 &#8211; Transit 2.2 Motor PUMA. Es para la modelos 2016 en adelante, eje sin rosca !!<\/b><\/p>\n<p>MARCA: Vdo Siemens<br \/>\nCODIGO: A2C59517045 \/ 5WS40694 \/ A2C53344443 \/ A2C96176300<br \/>\nESTADO: Nuevo, cerrado en caja.<\/p>\n<p>&#8212;&#8212;&#8212;&#8212;&#8212;&#8212;&#8212;&#8212;&#8212;&#8212;&#8212;&#8212;&#8212;&#8212;&#8212;&#8212;&#8212;&#8212;&#8212;<br \/>\nFORMAS DE ENV\u00cdO:<\/p>\n<p>-Env\u00edos a todo el pa\u00eds por Mercado Env\u00edos O Micro<br \/>\nNota: Embalamos tus productos de forma segura para no sufrir da\u00f1os en \u00e9l envi\u00f3.<br \/>\n&#8212;&#8212;&#8212;&#8212;&#8212;&#8212;&#8212;&#8212;&#8212;&#8212;&#8212;&#8212;&#8212;&#8212;&#8212;&#8212;&#8212;&#8212;&#8212;<br \/>\nUBICACI\u00d3N:<br \/>\nEstamos ubicados en Rosario (Santa Fe) Zona sur<br \/>\n&#8212;&#8212;&#8212;&#8212;&#8212;&#8212;&#8212;&#8212;&#8212;&#8212;&#8212;&#8212;&#8212;&#8212;&#8212;&#8212;&#8212;&#8212;&#8212;<br \/>\nHORARIOS:<br \/>\n-Lunes a Viernes de 09:00 a 18:00Hs<br \/>\n&#8212;&#8212;&#8212;&#8212;&#8212;&#8212;&#8212;&#8212;&#8212;&#8212;&#8212;&#8212;&#8212;&#8212;&#8212;&#8212;&#8212;&#8212;&#8212;<\/p>\n","protected":false},"featured_media":2725,"template":"","meta":{"_joinchat":[]},"product_brand":[],"product_cat":[27,58],"product_tag":[],"class_list":{"0":"post-2312","1":"product","2":"type-product","3":"status-publish","4":"has-post-thumbnail","6":"product_cat-bombas-alta-presion","7":"product_cat-bombas-vdo-siemens","9":"first","10":"instock","11":"taxable","12":"shipping-taxable","13":"product-type-simple"},"yoast_head":"<!-- This site is optimized with the Yoast SEO plugin v27.4 - https:\/\/yoast.com\/product\/yoast-seo-wordpress\/ -->\n<title>Bomba de alta presion Ford Ranger 3.2 y 2.2 Transit 2,2 2016 en adelante A2C59517045 5WS40694 A2C53344443 -<\/title>\n<meta name=\"description\" content=\"Todos nuestros productos son de primera calidad, vienen en su packaging correspondiente. Envios a todo el Pais.\" \/>\n<meta name=\"robots\" content=\"index, follow, max-snippet:-1, max-image-preview:large, max-video-preview:-1\" \/>\n<link rel=\"canonical\" href=\"https:\/\/www.powerdiesel.com.ar\/tienda\/producto\/bomba-de-alta-presion-ford-ranger-3-2-y-2-2-transit-22-2016-en-adelante\/\" \/>\n<meta property=\"og:locale\" content=\"es_ES\" \/>\n<meta property=\"og:type\" content=\"article\" \/>\n<meta property=\"og:title\" content=\"Bomba de alta presion Ford Ranger 3.2 y 2.2 Transit 2,2 2016 en adelante A2C59517045 5WS40694 A2C53344443 -\" \/>\n<meta property=\"og:description\" content=\"Todos nuestros productos son de primera calidad, vienen en su packaging correspondiente. Envios a todo el Pais.\" \/>\n<meta property=\"og:url\" content=\"https:\/\/www.powerdiesel.com.ar\/tienda\/producto\/bomba-de-alta-presion-ford-ranger-3-2-y-2-2-transit-22-2016-en-adelante\/\" \/>\n<meta property=\"article:modified_time\" content=\"2022-03-27T01:49:23+00:00\" \/>\n<meta property=\"og:image\" content=\"https:\/\/www.powerdiesel.com.ar\/tienda\/wp-content\/uploads\/2020\/10\/A2C59517045.jpg\" \/>\n\t<meta property=\"og:image:width\" content=\"1200\" \/>\n\t<meta property=\"og:image:height\" content=\"1111\" \/>\n\t<meta property=\"og:image:type\" content=\"image\/jpeg\" \/>\n<meta name=\"twitter:card\" content=\"summary_large_image\" \/>\n<script type=\"application\/ld+json\" class=\"yoast-schema-graph\">{\"@context\":\"https:\\\/\\\/schema.org\",\"@graph\":[{\"@type\":\"WebPage\",\"@id\":\"https:\\\/\\\/www.powerdiesel.com.ar\\\/tienda\\\/producto\\\/bomba-de-alta-presion-ford-ranger-3-2-y-2-2-transit-22-2016-en-adelante\\\/\",\"url\":\"https:\\\/\\\/www.powerdiesel.com.ar\\\/tienda\\\/producto\\\/bomba-de-alta-presion-ford-ranger-3-2-y-2-2-transit-22-2016-en-adelante\\\/\",\"name\":\"Bomba de alta presion Ford Ranger 3.2 y 2.2 Transit 2,2 2016 en adelante A2C59517045 5WS40694 A2C53344443 -\",\"isPartOf\":{\"@id\":\"https:\\\/\\\/www.powerdiesel.com.ar\\\/tienda\\\/#website\"},\"primaryImageOfPage\":{\"@id\":\"https:\\\/\\\/www.powerdiesel.com.ar\\\/tienda\\\/producto\\\/bomba-de-alta-presion-ford-ranger-3-2-y-2-2-transit-22-2016-en-adelante\\\/#primaryimage\"},\"image\":{\"@id\":\"https:\\\/\\\/www.powerdiesel.com.ar\\\/tienda\\\/producto\\\/bomba-de-alta-presion-ford-ranger-3-2-y-2-2-transit-22-2016-en-adelante\\\/#primaryimage\"},\"thumbnailUrl\":\"https:\\\/\\\/www.powerdiesel.com.ar\\\/tienda\\\/wp-content\\\/uploads\\\/2020\\\/10\\\/A2C59517045.jpg\",\"datePublished\":\"2020-10-13T01:24:36+00:00\",\"dateModified\":\"2022-03-27T01:49:23+00:00\",\"description\":\"Todos nuestros productos son de primera calidad, vienen en su packaging correspondiente. Envios a todo el Pais.\",\"breadcrumb\":{\"@id\":\"https:\\\/\\\/www.powerdiesel.com.ar\\\/tienda\\\/producto\\\/bomba-de-alta-presion-ford-ranger-3-2-y-2-2-transit-22-2016-en-adelante\\\/#breadcrumb\"},\"inLanguage\":\"es\",\"potentialAction\":[{\"@type\":\"ReadAction\",\"target\":[\"https:\\\/\\\/www.powerdiesel.com.ar\\\/tienda\\\/producto\\\/bomba-de-alta-presion-ford-ranger-3-2-y-2-2-transit-22-2016-en-adelante\\\/\"]}]},{\"@type\":\"ImageObject\",\"inLanguage\":\"es\",\"@id\":\"https:\\\/\\\/www.powerdiesel.com.ar\\\/tienda\\\/producto\\\/bomba-de-alta-presion-ford-ranger-3-2-y-2-2-transit-22-2016-en-adelante\\\/#primaryimage\",\"url\":\"https:\\\/\\\/www.powerdiesel.com.ar\\\/tienda\\\/wp-content\\\/uploads\\\/2020\\\/10\\\/A2C59517045.jpg\",\"contentUrl\":\"https:\\\/\\\/www.powerdiesel.com.ar\\\/tienda\\\/wp-content\\\/uploads\\\/2020\\\/10\\\/A2C59517045.jpg\",\"width\":1200,\"height\":1111},{\"@type\":\"BreadcrumbList\",\"@id\":\"https:\\\/\\\/www.powerdiesel.com.ar\\\/tienda\\\/producto\\\/bomba-de-alta-presion-ford-ranger-3-2-y-2-2-transit-22-2016-en-adelante\\\/#breadcrumb\",\"itemListElement\":[{\"@type\":\"ListItem\",\"position\":1,\"name\":\"Portada\",\"item\":\"https:\\\/\\\/www.powerdiesel.com.ar\\\/tienda\\\/\"},{\"@type\":\"ListItem\",\"position\":2,\"name\":\"Repuestos\",\"item\":\"https:\\\/\\\/www.powerdiesel.com.ar\\\/tienda\\\/\"},{\"@type\":\"ListItem\",\"position\":3,\"name\":\"Bomba de alta presion Ford Ranger 3.2 y 2.2 Transit 2,2 2016 en adelante A2C59517045 5WS40694 A2C53344443\"}]},{\"@type\":\"WebSite\",\"@id\":\"https:\\\/\\\/www.powerdiesel.com.ar\\\/tienda\\\/#website\",\"url\":\"https:\\\/\\\/www.powerdiesel.com.ar\\\/tienda\\\/\",\"name\":\"\",\"description\":\"Compra Asegurada!\",\"potentialAction\":[{\"@type\":\"SearchAction\",\"target\":{\"@type\":\"EntryPoint\",\"urlTemplate\":\"https:\\\/\\\/www.powerdiesel.com.ar\\\/tienda\\\/?s={search_term_string}\"},\"query-input\":{\"@type\":\"PropertyValueSpecification\",\"valueRequired\":true,\"valueName\":\"search_term_string\"}}],\"inLanguage\":\"es\"}]}<\/script>\n<!-- \/ Yoast SEO plugin. -->","yoast_head_json":{"title":"Bomba de alta presion Ford Ranger 3.2 y 2.2 Transit 2,2 2016 en adelante A2C59517045 5WS40694 A2C53344443 -","description":"Todos nuestros productos son de primera calidad, vienen en su packaging correspondiente. Envios a todo el Pais.","robots":{"index":"index","follow":"follow","max-snippet":"max-snippet:-1","max-image-preview":"max-image-preview:large","max-video-preview":"max-video-preview:-1"},"canonical":"https:\/\/www.powerdiesel.com.ar\/tienda\/producto\/bomba-de-alta-presion-ford-ranger-3-2-y-2-2-transit-22-2016-en-adelante\/","og_locale":"es_ES","og_type":"article","og_title":"Bomba de alta presion Ford Ranger 3.2 y 2.2 Transit 2,2 2016 en adelante A2C59517045 5WS40694 A2C53344443 -","og_description":"Todos nuestros productos son de primera calidad, vienen en su packaging correspondiente. Envios a todo el Pais.","og_url":"https:\/\/www.powerdiesel.com.ar\/tienda\/producto\/bomba-de-alta-presion-ford-ranger-3-2-y-2-2-transit-22-2016-en-adelante\/","article_modified_time":"2022-03-27T01:49:23+00:00","og_image":[{"width":1200,"height":1111,"url":"https:\/\/www.powerdiesel.com.ar\/tienda\/wp-content\/uploads\/2020\/10\/A2C59517045.jpg","type":"image\/jpeg"}],"twitter_card":"summary_large_image","schema":{"@context":"https:\/\/schema.org","@graph":[{"@type":"WebPage","@id":"https:\/\/www.powerdiesel.com.ar\/tienda\/producto\/bomba-de-alta-presion-ford-ranger-3-2-y-2-2-transit-22-2016-en-adelante\/","url":"https:\/\/www.powerdiesel.com.ar\/tienda\/producto\/bomba-de-alta-presion-ford-ranger-3-2-y-2-2-transit-22-2016-en-adelante\/","name":"Bomba de alta presion Ford Ranger 3.2 y 2.2 Transit 2,2 2016 en adelante A2C59517045 5WS40694 A2C53344443 -","isPartOf":{"@id":"https:\/\/www.powerdiesel.com.ar\/tienda\/#website"},"primaryImageOfPage":{"@id":"https:\/\/www.powerdiesel.com.ar\/tienda\/producto\/bomba-de-alta-presion-ford-ranger-3-2-y-2-2-transit-22-2016-en-adelante\/#primaryimage"},"image":{"@id":"https:\/\/www.powerdiesel.com.ar\/tienda\/producto\/bomba-de-alta-presion-ford-ranger-3-2-y-2-2-transit-22-2016-en-adelante\/#primaryimage"},"thumbnailUrl":"https:\/\/www.powerdiesel.com.ar\/tienda\/wp-content\/uploads\/2020\/10\/A2C59517045.jpg","datePublished":"2020-10-13T01:24:36+00:00","dateModified":"2022-03-27T01:49:23+00:00","description":"Todos nuestros productos son de primera calidad, vienen en su packaging correspondiente. Envios a todo el Pais.","breadcrumb":{"@id":"https:\/\/www.powerdiesel.com.ar\/tienda\/producto\/bomba-de-alta-presion-ford-ranger-3-2-y-2-2-transit-22-2016-en-adelante\/#breadcrumb"},"inLanguage":"es","potentialAction":[{"@type":"ReadAction","target":["https:\/\/www.powerdiesel.com.ar\/tienda\/producto\/bomba-de-alta-presion-ford-ranger-3-2-y-2-2-transit-22-2016-en-adelante\/"]}]},{"@type":"ImageObject","inLanguage":"es","@id":"https:\/\/www.powerdiesel.com.ar\/tienda\/producto\/bomba-de-alta-presion-ford-ranger-3-2-y-2-2-transit-22-2016-en-adelante\/#primaryimage","url":"https:\/\/www.powerdiesel.com.ar\/tienda\/wp-content\/uploads\/2020\/10\/A2C59517045.jpg","contentUrl":"https:\/\/www.powerdiesel.com.ar\/tienda\/wp-content\/uploads\/2020\/10\/A2C59517045.jpg","width":1200,"height":1111},{"@type":"BreadcrumbList","@id":"https:\/\/www.powerdiesel.com.ar\/tienda\/producto\/bomba-de-alta-presion-ford-ranger-3-2-y-2-2-transit-22-2016-en-adelante\/#breadcrumb","itemListElement":[{"@type":"ListItem","position":1,"name":"Portada","item":"https:\/\/www.powerdiesel.com.ar\/tienda\/"},{"@type":"ListItem","position":2,"name":"Repuestos","item":"https:\/\/www.powerdiesel.com.ar\/tienda\/"},{"@type":"ListItem","position":3,"name":"Bomba de alta presion Ford Ranger 3.2 y 2.2 Transit 2,2 2016 en adelante A2C59517045 5WS40694 A2C53344443"}]},{"@type":"WebSite","@id":"https:\/\/www.powerdiesel.com.ar\/tienda\/#website","url":"https:\/\/www.powerdiesel.com.ar\/tienda\/","name":"","description":"Compra Asegurada!","potentialAction":[{"@type":"SearchAction","target":{"@type":"EntryPoint","urlTemplate":"https:\/\/www.powerdiesel.com.ar\/tienda\/?s={search_term_string}"},"query-input":{"@type":"PropertyValueSpecification","valueRequired":true,"valueName":"search_term_string"}}],"inLanguage":"es"}]}},"_links":{"self":[{"href":"https:\/\/www.powerdiesel.com.ar\/tienda\/wp-json\/wp\/v2\/product\/2312","targetHints":{"allow":["GET"]}}],"collection":[{"href":"https:\/\/www.powerdiesel.com.ar\/tienda\/wp-json\/wp\/v2\/product"}],"about":[{"href":"https:\/\/www.powerdiesel.com.ar\/tienda\/wp-json\/wp\/v2\/types\/product"}],"wp:featuredmedia":[{"embeddable":true,"href":"https:\/\/www.powerdiesel.com.ar\/tienda\/wp-json\/wp\/v2\/media\/2725"}],"wp:attachment":[{"href":"https:\/\/www.powerdiesel.com.ar\/tienda\/wp-json\/wp\/v2\/media?parent=2312"}],"wp:term":[{"taxonomy":"product_brand","embeddable":true,"href":"https:\/\/www.powerdiesel.com.ar\/tienda\/wp-json\/wp\/v2\/product_brand?post=2312"},{"taxonomy":"product_cat","embeddable":true,"href":"https:\/\/www.powerdiesel.com.ar\/tienda\/wp-json\/wp\/v2\/product_cat?post=2312"},{"taxonomy":"product_tag","embeddable":true,"href":"https:\/\/www.powerdiesel.com.ar\/tienda\/wp-json\/wp\/v2\/product_tag?post=2312"}],"curies":[{"name":"wp","href":"https:\/\/api.w.org\/{rel}","templated":true}]}}