{"id":2190,"date":"2020-06-20T23:31:53","date_gmt":"2020-06-21T02:31:53","guid":{"rendered":"https:\/\/www.powerdiesel.com.ar\/tienda\/?post_type=product&#038;p=2190"},"modified":"2022-03-26T22:49:22","modified_gmt":"2022-03-27T01:49:22","slug":"cd024-polo-vdo-fina-volkswagen-polo-vw-1h0906091-1995-1998-golf-iii-1-8-2-0","status":"publish","type":"product","link":"https:\/\/www.powerdiesel.com.ar\/tienda\/producto\/cd024-polo-vdo-fina-volkswagen-polo-vw-1h0906091-1995-1998-golf-iii-1-8-2-0\/","title":{"rendered":"CD024 Polo VDO Fina &#8211; VOLKSWAGEN POLO VW: 1H0906091 1995\/1998 GOLF III 1.8\/2.0"},"content":{"rendered":"","protected":false},"excerpt":{"rendered":"<p>130 L\/H | 3 BAR<\/p>\n<p><b>Numero de pieza:<\/b> CD024<\/p>\n<p>&#8212;&#8212;&#8212;&#8212;&#8212;&#8212;&#8212;&#8212;&#8212;&#8212;&#8212;&#8212;&#8212;&#8212;&#8212;&#8212;&#8212;&#8212;&#8212;<br \/>\nFORMAS DE ENV\u00cdO:<\/p>\n<p>-Env\u00edos a todo el pa\u00eds por Mercado Env\u00edos O Micro<br \/>\nNota: Embalamos tus productos de forma segura para no sufrir da\u00f1os en \u00e9l envi\u00f3.<br \/>\n&#8212;&#8212;&#8212;&#8212;&#8212;&#8212;&#8212;&#8212;&#8212;&#8212;&#8212;&#8212;&#8212;&#8212;&#8212;&#8212;&#8212;&#8212;&#8212;<br \/>\nUBICACI\u00d3N:<br \/>\nEstamos ubicados en Rosario (Santa Fe) Zona sur<br \/>\n&#8212;&#8212;&#8212;&#8212;&#8212;&#8212;&#8212;&#8212;&#8212;&#8212;&#8212;&#8212;&#8212;&#8212;&#8212;&#8212;&#8212;&#8212;&#8212;<br \/>\nHORARIOS:<br \/>\n-Lunes a Viernes de 09:00 a 18:00Hs<br \/>\n&#8212;&#8212;&#8212;&#8212;&#8212;&#8212;&#8212;&#8212;&#8212;&#8212;&#8212;&#8212;&#8212;&#8212;&#8212;&#8212;&#8212;&#8212;&#8212;<\/p>\n","protected":false},"featured_media":2162,"template":"","meta":{"_joinchat":[]},"product_brand":[],"product_cat":[59],"product_tag":[],"class_list":{"0":"post-2190","1":"product","2":"type-product","3":"status-publish","4":"has-post-thumbnail","6":"product_cat-bombas-de-combustible","8":"first","9":"instock","10":"taxable","11":"shipping-taxable","12":"product-type-simple"},"yoast_head":"<!-- This site is optimized with the Yoast SEO plugin v27.4 - https:\/\/yoast.com\/product\/yoast-seo-wordpress\/ -->\n<title>CD024 Polo VDO Fina - VOLKSWAGEN POLO VW: 1H0906091 1995\/1998 GOLF III 1.8\/2.0 -<\/title>\n<meta name=\"robots\" content=\"index, follow, max-snippet:-1, max-image-preview:large, max-video-preview:-1\" \/>\n<link rel=\"canonical\" href=\"https:\/\/www.powerdiesel.com.ar\/tienda\/producto\/cd024-polo-vdo-fina-volkswagen-polo-vw-1h0906091-1995-1998-golf-iii-1-8-2-0\/\" \/>\n<meta property=\"og:locale\" content=\"es_ES\" \/>\n<meta property=\"og:type\" content=\"article\" \/>\n<meta property=\"og:title\" content=\"CD024 Polo VDO Fina - VOLKSWAGEN POLO VW: 1H0906091 1995\/1998 GOLF III 1.8\/2.0 -\" \/>\n<meta property=\"og:description\" content=\"130 L\/H | 3 BAR  Numero de pieza: CD024  --------------------------------------------------------- FORMAS DE ENV\u00cdO:  -Env\u00edos a todo el pa\u00eds por Mercado Env\u00edos O Micro Nota: Embalamos tus productos de forma segura para no sufrir da\u00f1os en \u00e9l envi\u00f3. --------------------------------------------------------- UBICACI\u00d3N: Estamos ubicados en Rosario (Santa Fe) Zona sur --------------------------------------------------------- HORARIOS: -Lunes a Viernes de 09:00 a 18:00Hs ---------------------------------------------------------\" \/>\n<meta property=\"og:url\" content=\"https:\/\/www.powerdiesel.com.ar\/tienda\/producto\/cd024-polo-vdo-fina-volkswagen-polo-vw-1h0906091-1995-1998-golf-iii-1-8-2-0\/\" \/>\n<meta property=\"article:modified_time\" content=\"2022-03-27T01:49:22+00:00\" \/>\n<meta property=\"og:image\" content=\"https:\/\/www.powerdiesel.com.ar\/tienda\/wp-content\/uploads\/2020\/06\/bomba-electrica-de-combustible.jpg\" \/>\n\t<meta property=\"og:image:width\" content=\"1000\" \/>\n\t<meta property=\"og:image:height\" content=\"1000\" \/>\n\t<meta property=\"og:image:type\" content=\"image\/jpeg\" \/>\n<meta name=\"twitter:card\" content=\"summary_large_image\" \/>\n<script type=\"application\/ld+json\" class=\"yoast-schema-graph\">{\"@context\":\"https:\\\/\\\/schema.org\",\"@graph\":[{\"@type\":\"WebPage\",\"@id\":\"https:\\\/\\\/www.powerdiesel.com.ar\\\/tienda\\\/producto\\\/cd024-polo-vdo-fina-volkswagen-polo-vw-1h0906091-1995-1998-golf-iii-1-8-2-0\\\/\",\"url\":\"https:\\\/\\\/www.powerdiesel.com.ar\\\/tienda\\\/producto\\\/cd024-polo-vdo-fina-volkswagen-polo-vw-1h0906091-1995-1998-golf-iii-1-8-2-0\\\/\",\"name\":\"CD024 Polo VDO Fina - VOLKSWAGEN POLO VW: 1H0906091 1995\\\/1998 GOLF III 1.8\\\/2.0 -\",\"isPartOf\":{\"@id\":\"https:\\\/\\\/www.powerdiesel.com.ar\\\/tienda\\\/#website\"},\"primaryImageOfPage\":{\"@id\":\"https:\\\/\\\/www.powerdiesel.com.ar\\\/tienda\\\/producto\\\/cd024-polo-vdo-fina-volkswagen-polo-vw-1h0906091-1995-1998-golf-iii-1-8-2-0\\\/#primaryimage\"},\"image\":{\"@id\":\"https:\\\/\\\/www.powerdiesel.com.ar\\\/tienda\\\/producto\\\/cd024-polo-vdo-fina-volkswagen-polo-vw-1h0906091-1995-1998-golf-iii-1-8-2-0\\\/#primaryimage\"},\"thumbnailUrl\":\"https:\\\/\\\/www.powerdiesel.com.ar\\\/tienda\\\/wp-content\\\/uploads\\\/2020\\\/06\\\/bomba-electrica-de-combustible.jpg\",\"datePublished\":\"2020-06-21T02:31:53+00:00\",\"dateModified\":\"2022-03-27T01:49:22+00:00\",\"breadcrumb\":{\"@id\":\"https:\\\/\\\/www.powerdiesel.com.ar\\\/tienda\\\/producto\\\/cd024-polo-vdo-fina-volkswagen-polo-vw-1h0906091-1995-1998-golf-iii-1-8-2-0\\\/#breadcrumb\"},\"inLanguage\":\"es\",\"potentialAction\":[{\"@type\":\"ReadAction\",\"target\":[\"https:\\\/\\\/www.powerdiesel.com.ar\\\/tienda\\\/producto\\\/cd024-polo-vdo-fina-volkswagen-polo-vw-1h0906091-1995-1998-golf-iii-1-8-2-0\\\/\"]}]},{\"@type\":\"ImageObject\",\"inLanguage\":\"es\",\"@id\":\"https:\\\/\\\/www.powerdiesel.com.ar\\\/tienda\\\/producto\\\/cd024-polo-vdo-fina-volkswagen-polo-vw-1h0906091-1995-1998-golf-iii-1-8-2-0\\\/#primaryimage\",\"url\":\"https:\\\/\\\/www.powerdiesel.com.ar\\\/tienda\\\/wp-content\\\/uploads\\\/2020\\\/06\\\/bomba-electrica-de-combustible.jpg\",\"contentUrl\":\"https:\\\/\\\/www.powerdiesel.com.ar\\\/tienda\\\/wp-content\\\/uploads\\\/2020\\\/06\\\/bomba-electrica-de-combustible.jpg\",\"width\":1000,\"height\":1000},{\"@type\":\"BreadcrumbList\",\"@id\":\"https:\\\/\\\/www.powerdiesel.com.ar\\\/tienda\\\/producto\\\/cd024-polo-vdo-fina-volkswagen-polo-vw-1h0906091-1995-1998-golf-iii-1-8-2-0\\\/#breadcrumb\",\"itemListElement\":[{\"@type\":\"ListItem\",\"position\":1,\"name\":\"Portada\",\"item\":\"https:\\\/\\\/www.powerdiesel.com.ar\\\/tienda\\\/\"},{\"@type\":\"ListItem\",\"position\":2,\"name\":\"Repuestos\",\"item\":\"https:\\\/\\\/www.powerdiesel.com.ar\\\/tienda\\\/\"},{\"@type\":\"ListItem\",\"position\":3,\"name\":\"CD024 Polo VDO Fina &#8211; VOLKSWAGEN POLO VW: 1H0906091 1995\\\/1998 GOLF III 1.8\\\/2.0\"}]},{\"@type\":\"WebSite\",\"@id\":\"https:\\\/\\\/www.powerdiesel.com.ar\\\/tienda\\\/#website\",\"url\":\"https:\\\/\\\/www.powerdiesel.com.ar\\\/tienda\\\/\",\"name\":\"\",\"description\":\"Compra Asegurada!\",\"potentialAction\":[{\"@type\":\"SearchAction\",\"target\":{\"@type\":\"EntryPoint\",\"urlTemplate\":\"https:\\\/\\\/www.powerdiesel.com.ar\\\/tienda\\\/?s={search_term_string}\"},\"query-input\":{\"@type\":\"PropertyValueSpecification\",\"valueRequired\":true,\"valueName\":\"search_term_string\"}}],\"inLanguage\":\"es\"}]}<\/script>\n<!-- \/ Yoast SEO plugin. -->","yoast_head_json":{"title":"CD024 Polo VDO Fina - VOLKSWAGEN POLO VW: 1H0906091 1995\/1998 GOLF III 1.8\/2.0 -","robots":{"index":"index","follow":"follow","max-snippet":"max-snippet:-1","max-image-preview":"max-image-preview:large","max-video-preview":"max-video-preview:-1"},"canonical":"https:\/\/www.powerdiesel.com.ar\/tienda\/producto\/cd024-polo-vdo-fina-volkswagen-polo-vw-1h0906091-1995-1998-golf-iii-1-8-2-0\/","og_locale":"es_ES","og_type":"article","og_title":"CD024 Polo VDO Fina - VOLKSWAGEN POLO VW: 1H0906091 1995\/1998 GOLF III 1.8\/2.0 -","og_description":"130 L\/H | 3 BAR  Numero de pieza: CD024  --------------------------------------------------------- FORMAS DE ENV\u00cdO:  -Env\u00edos a todo el pa\u00eds por Mercado Env\u00edos O Micro Nota: Embalamos tus productos de forma segura para no sufrir da\u00f1os en \u00e9l envi\u00f3. --------------------------------------------------------- UBICACI\u00d3N: Estamos ubicados en Rosario (Santa Fe) Zona sur --------------------------------------------------------- HORARIOS: -Lunes a Viernes de 09:00 a 18:00Hs ---------------------------------------------------------","og_url":"https:\/\/www.powerdiesel.com.ar\/tienda\/producto\/cd024-polo-vdo-fina-volkswagen-polo-vw-1h0906091-1995-1998-golf-iii-1-8-2-0\/","article_modified_time":"2022-03-27T01:49:22+00:00","og_image":[{"width":1000,"height":1000,"url":"https:\/\/www.powerdiesel.com.ar\/tienda\/wp-content\/uploads\/2020\/06\/bomba-electrica-de-combustible.jpg","type":"image\/jpeg"}],"twitter_card":"summary_large_image","schema":{"@context":"https:\/\/schema.org","@graph":[{"@type":"WebPage","@id":"https:\/\/www.powerdiesel.com.ar\/tienda\/producto\/cd024-polo-vdo-fina-volkswagen-polo-vw-1h0906091-1995-1998-golf-iii-1-8-2-0\/","url":"https:\/\/www.powerdiesel.com.ar\/tienda\/producto\/cd024-polo-vdo-fina-volkswagen-polo-vw-1h0906091-1995-1998-golf-iii-1-8-2-0\/","name":"CD024 Polo VDO Fina - VOLKSWAGEN POLO VW: 1H0906091 1995\/1998 GOLF III 1.8\/2.0 -","isPartOf":{"@id":"https:\/\/www.powerdiesel.com.ar\/tienda\/#website"},"primaryImageOfPage":{"@id":"https:\/\/www.powerdiesel.com.ar\/tienda\/producto\/cd024-polo-vdo-fina-volkswagen-polo-vw-1h0906091-1995-1998-golf-iii-1-8-2-0\/#primaryimage"},"image":{"@id":"https:\/\/www.powerdiesel.com.ar\/tienda\/producto\/cd024-polo-vdo-fina-volkswagen-polo-vw-1h0906091-1995-1998-golf-iii-1-8-2-0\/#primaryimage"},"thumbnailUrl":"https:\/\/www.powerdiesel.com.ar\/tienda\/wp-content\/uploads\/2020\/06\/bomba-electrica-de-combustible.jpg","datePublished":"2020-06-21T02:31:53+00:00","dateModified":"2022-03-27T01:49:22+00:00","breadcrumb":{"@id":"https:\/\/www.powerdiesel.com.ar\/tienda\/producto\/cd024-polo-vdo-fina-volkswagen-polo-vw-1h0906091-1995-1998-golf-iii-1-8-2-0\/#breadcrumb"},"inLanguage":"es","potentialAction":[{"@type":"ReadAction","target":["https:\/\/www.powerdiesel.com.ar\/tienda\/producto\/cd024-polo-vdo-fina-volkswagen-polo-vw-1h0906091-1995-1998-golf-iii-1-8-2-0\/"]}]},{"@type":"ImageObject","inLanguage":"es","@id":"https:\/\/www.powerdiesel.com.ar\/tienda\/producto\/cd024-polo-vdo-fina-volkswagen-polo-vw-1h0906091-1995-1998-golf-iii-1-8-2-0\/#primaryimage","url":"https:\/\/www.powerdiesel.com.ar\/tienda\/wp-content\/uploads\/2020\/06\/bomba-electrica-de-combustible.jpg","contentUrl":"https:\/\/www.powerdiesel.com.ar\/tienda\/wp-content\/uploads\/2020\/06\/bomba-electrica-de-combustible.jpg","width":1000,"height":1000},{"@type":"BreadcrumbList","@id":"https:\/\/www.powerdiesel.com.ar\/tienda\/producto\/cd024-polo-vdo-fina-volkswagen-polo-vw-1h0906091-1995-1998-golf-iii-1-8-2-0\/#breadcrumb","itemListElement":[{"@type":"ListItem","position":1,"name":"Portada","item":"https:\/\/www.powerdiesel.com.ar\/tienda\/"},{"@type":"ListItem","position":2,"name":"Repuestos","item":"https:\/\/www.powerdiesel.com.ar\/tienda\/"},{"@type":"ListItem","position":3,"name":"CD024 Polo VDO Fina &#8211; VOLKSWAGEN POLO VW: 1H0906091 1995\/1998 GOLF III 1.8\/2.0"}]},{"@type":"WebSite","@id":"https:\/\/www.powerdiesel.com.ar\/tienda\/#website","url":"https:\/\/www.powerdiesel.com.ar\/tienda\/","name":"","description":"Compra Asegurada!","potentialAction":[{"@type":"SearchAction","target":{"@type":"EntryPoint","urlTemplate":"https:\/\/www.powerdiesel.com.ar\/tienda\/?s={search_term_string}"},"query-input":{"@type":"PropertyValueSpecification","valueRequired":true,"valueName":"search_term_string"}}],"inLanguage":"es"}]}},"_links":{"self":[{"href":"https:\/\/www.powerdiesel.com.ar\/tienda\/wp-json\/wp\/v2\/product\/2190","targetHints":{"allow":["GET"]}}],"collection":[{"href":"https:\/\/www.powerdiesel.com.ar\/tienda\/wp-json\/wp\/v2\/product"}],"about":[{"href":"https:\/\/www.powerdiesel.com.ar\/tienda\/wp-json\/wp\/v2\/types\/product"}],"wp:featuredmedia":[{"embeddable":true,"href":"https:\/\/www.powerdiesel.com.ar\/tienda\/wp-json\/wp\/v2\/media\/2162"}],"wp:attachment":[{"href":"https:\/\/www.powerdiesel.com.ar\/tienda\/wp-json\/wp\/v2\/media?parent=2190"}],"wp:term":[{"taxonomy":"product_brand","embeddable":true,"href":"https:\/\/www.powerdiesel.com.ar\/tienda\/wp-json\/wp\/v2\/product_brand?post=2190"},{"taxonomy":"product_cat","embeddable":true,"href":"https:\/\/www.powerdiesel.com.ar\/tienda\/wp-json\/wp\/v2\/product_cat?post=2190"},{"taxonomy":"product_tag","embeddable":true,"href":"https:\/\/www.powerdiesel.com.ar\/tienda\/wp-json\/wp\/v2\/product_tag?post=2190"}],"curies":[{"name":"wp","href":"https:\/\/api.w.org\/{rel}","templated":true}]}}