{"id":2013,"date":"2020-06-20T13:03:38","date_gmt":"2020-06-20T16:03:38","guid":{"rendered":"https:\/\/www.powerdiesel.com.ar\/tienda\/product\/0445010463-bomba-de-alta-presion-bosch-fiat-toro-usa-valvula-0928400825\/"},"modified":"2025-06-24T01:50:32","modified_gmt":"2025-06-24T04:50:32","slug":"0445010463-bomba-de-alta-presion-bosch-fiat-toro-usa-valvula-0928400825","status":"publish","type":"product","link":"https:\/\/www.powerdiesel.com.ar\/tienda\/producto\/0445010463-bomba-de-alta-presion-bosch-fiat-toro-usa-valvula-0928400825\/","title":{"rendered":"0445010463 Bomba de alta presion Bosch Fiat Toro"},"content":{"rendered":"<table class=\"table table-striped push-top\">\n<tbody>\n<tr>\n<th>Marca:<\/th>\n<td>Bosch<\/td>\n<\/tr>\n<tr>\n<th>Estado<\/th>\n<td>Nuevo cerrado en caja<\/td>\n<\/tr>\n<tr>\n<th>Garantia<\/th>\n<td>Si, Cambio por falla<\/td>\n<\/tr>\n<tr>\n<th>Aplicacion:<\/th>\n<td>Fiat\u00a0Toro Diesel 2.0 16v &#8211; 2016 \/ 2021<br \/>\nJeep Compass Diesel 2.0 16v &#8211;\u00a0 2016 \/ 2021<br \/>\nJeep Renegade Diesel 2.0 16v &#8211; 2016 \/ 20121<\/td>\n<\/tr>\n<\/tbody>\n<\/table>\n","protected":false},"excerpt":{"rendered":"<p><b>Numero de pieza:<\/b> 0445010463<\/p>\n<p>APLICACION:<br \/>\n&#8211; Fiat Toro Diesel 2.0 16v &#8211; 2016 \/ 2021<br \/>\n&#8211; Jeep Compass Diesel 2.0 16v &#8211;\u00a0 2016 \/ 2021<br \/>\n&#8211; Jeep Renegade Diesel 2.0 16v &#8211; 2016 \/ 20121<\/p>\n<p>&#8212;&#8212;&#8212;&#8212;&#8212;&#8212;&#8212;&#8212;&#8212;&#8212;&#8212;&#8212;&#8212;&#8212;&#8212;&#8212;&#8212;&#8212;&#8212;<br \/>\nFORMAS DE ENV\u00cdO:<\/p>\n<p>-Env\u00edos a todo el pa\u00eds por Mercado Env\u00edos O Micro<br \/>\nNota: Embalamos tus productos de forma segura para no sufrir da\u00f1os en \u00e9l envi\u00f3.<br \/>\n&#8212;&#8212;&#8212;&#8212;&#8212;&#8212;&#8212;&#8212;&#8212;&#8212;&#8212;&#8212;&#8212;&#8212;&#8212;&#8212;&#8212;&#8212;&#8212;<br \/>\nUBICACI\u00d3N:<br \/>\nEstamos ubicados en Rosario (Santa Fe) Zona sur<br \/>\n&#8212;&#8212;&#8212;&#8212;&#8212;&#8212;&#8212;&#8212;&#8212;&#8212;&#8212;&#8212;&#8212;&#8212;&#8212;&#8212;&#8212;&#8212;&#8212;<br \/>\nHORARIOS:<br \/>\n-Lunes a Viernes de 09:00 a 18:00Hs<br \/>\n&#8212;&#8212;&#8212;&#8212;&#8212;&#8212;&#8212;&#8212;&#8212;&#8212;&#8212;&#8212;&#8212;&#8212;&#8212;&#8212;&#8212;&#8212;&#8212;<\/p>\n","protected":false},"featured_media":5446,"template":"","meta":{"_joinchat":[]},"product_brand":[],"product_cat":[27,55],"product_tag":[],"class_list":{"0":"post-2013","1":"product","2":"type-product","3":"status-publish","4":"has-post-thumbnail","6":"product_cat-bombas-alta-presion","7":"product_cat-bombas-bosch","9":"first","10":"instock","11":"taxable","12":"shipping-taxable","13":"product-type-simple"},"yoast_head":"<!-- This site is optimized with the Yoast SEO plugin v27.5 - https:\/\/yoast.com\/product\/yoast-seo-wordpress\/ -->\n<title>0445010463 Bomba de alta presion Bosch Fiat Toro -<\/title>\n<meta name=\"description\" content=\"Bomba alta presion para fiat toro 2.0 diesel 0445010463. Hacemos envios a todo el pais por correo o encomienda. Producto Original.\" \/>\n<meta name=\"robots\" content=\"index, follow, max-snippet:-1, max-image-preview:large, max-video-preview:-1\" \/>\n<link rel=\"canonical\" href=\"https:\/\/www.powerdiesel.com.ar\/tienda\/producto\/0445010463-bomba-de-alta-presion-bosch-fiat-toro-usa-valvula-0928400825\/\" \/>\n<meta property=\"og:locale\" content=\"es_ES\" \/>\n<meta property=\"og:type\" content=\"article\" \/>\n<meta property=\"og:title\" content=\"0445010463 Bomba de alta presion Bosch Fiat Toro -\" \/>\n<meta property=\"og:description\" content=\"Bomba alta presion para fiat toro 2.0 diesel 0445010463. Hacemos envios a todo el pais por correo o encomienda. Producto Original.\" \/>\n<meta property=\"og:url\" content=\"https:\/\/www.powerdiesel.com.ar\/tienda\/producto\/0445010463-bomba-de-alta-presion-bosch-fiat-toro-usa-valvula-0928400825\/\" \/>\n<meta property=\"article:modified_time\" content=\"2025-06-24T04:50:32+00:00\" \/>\n<meta property=\"og:image\" content=\"https:\/\/www.powerdiesel.com.ar\/tienda\/wp-content\/uploads\/2020\/06\/010463.webp\" \/>\n\t<meta property=\"og:image:width\" content=\"1200\" \/>\n\t<meta property=\"og:image:height\" content=\"1200\" \/>\n\t<meta property=\"og:image:type\" content=\"image\/webp\" \/>\n<meta name=\"twitter:card\" content=\"summary_large_image\" \/>\n<meta name=\"twitter:label1\" content=\"Tiempo de lectura\" \/>\n\t<meta name=\"twitter:data1\" content=\"1 minuto\" \/>\n<script type=\"application\/ld+json\" class=\"yoast-schema-graph\">{\"@context\":\"https:\\\/\\\/schema.org\",\"@graph\":[{\"@type\":\"WebPage\",\"@id\":\"https:\\\/\\\/www.powerdiesel.com.ar\\\/tienda\\\/producto\\\/0445010463-bomba-de-alta-presion-bosch-fiat-toro-usa-valvula-0928400825\\\/\",\"url\":\"https:\\\/\\\/www.powerdiesel.com.ar\\\/tienda\\\/producto\\\/0445010463-bomba-de-alta-presion-bosch-fiat-toro-usa-valvula-0928400825\\\/\",\"name\":\"0445010463 Bomba de alta presion Bosch Fiat Toro -\",\"isPartOf\":{\"@id\":\"https:\\\/\\\/www.powerdiesel.com.ar\\\/tienda\\\/#website\"},\"primaryImageOfPage\":{\"@id\":\"https:\\\/\\\/www.powerdiesel.com.ar\\\/tienda\\\/producto\\\/0445010463-bomba-de-alta-presion-bosch-fiat-toro-usa-valvula-0928400825\\\/#primaryimage\"},\"image\":{\"@id\":\"https:\\\/\\\/www.powerdiesel.com.ar\\\/tienda\\\/producto\\\/0445010463-bomba-de-alta-presion-bosch-fiat-toro-usa-valvula-0928400825\\\/#primaryimage\"},\"thumbnailUrl\":\"https:\\\/\\\/www.powerdiesel.com.ar\\\/tienda\\\/wp-content\\\/uploads\\\/2020\\\/06\\\/010463.webp\",\"datePublished\":\"2020-06-20T16:03:38+00:00\",\"dateModified\":\"2025-06-24T04:50:32+00:00\",\"description\":\"Bomba alta presion para fiat toro 2.0 diesel 0445010463. Hacemos envios a todo el pais por correo o encomienda. Producto Original.\",\"breadcrumb\":{\"@id\":\"https:\\\/\\\/www.powerdiesel.com.ar\\\/tienda\\\/producto\\\/0445010463-bomba-de-alta-presion-bosch-fiat-toro-usa-valvula-0928400825\\\/#breadcrumb\"},\"inLanguage\":\"es\",\"potentialAction\":[{\"@type\":\"ReadAction\",\"target\":[\"https:\\\/\\\/www.powerdiesel.com.ar\\\/tienda\\\/producto\\\/0445010463-bomba-de-alta-presion-bosch-fiat-toro-usa-valvula-0928400825\\\/\"]}]},{\"@type\":\"ImageObject\",\"inLanguage\":\"es\",\"@id\":\"https:\\\/\\\/www.powerdiesel.com.ar\\\/tienda\\\/producto\\\/0445010463-bomba-de-alta-presion-bosch-fiat-toro-usa-valvula-0928400825\\\/#primaryimage\",\"url\":\"https:\\\/\\\/www.powerdiesel.com.ar\\\/tienda\\\/wp-content\\\/uploads\\\/2020\\\/06\\\/010463.webp\",\"contentUrl\":\"https:\\\/\\\/www.powerdiesel.com.ar\\\/tienda\\\/wp-content\\\/uploads\\\/2020\\\/06\\\/010463.webp\",\"width\":1200,\"height\":1200},{\"@type\":\"BreadcrumbList\",\"@id\":\"https:\\\/\\\/www.powerdiesel.com.ar\\\/tienda\\\/producto\\\/0445010463-bomba-de-alta-presion-bosch-fiat-toro-usa-valvula-0928400825\\\/#breadcrumb\",\"itemListElement\":[{\"@type\":\"ListItem\",\"position\":1,\"name\":\"Portada\",\"item\":\"https:\\\/\\\/www.powerdiesel.com.ar\\\/tienda\\\/\"},{\"@type\":\"ListItem\",\"position\":2,\"name\":\"Repuestos\",\"item\":\"https:\\\/\\\/www.powerdiesel.com.ar\\\/tienda\\\/\"},{\"@type\":\"ListItem\",\"position\":3,\"name\":\"0445010463 Bomba de alta presion Bosch Fiat Toro\"}]},{\"@type\":\"WebSite\",\"@id\":\"https:\\\/\\\/www.powerdiesel.com.ar\\\/tienda\\\/#website\",\"url\":\"https:\\\/\\\/www.powerdiesel.com.ar\\\/tienda\\\/\",\"name\":\"\",\"description\":\"Compra Asegurada!\",\"potentialAction\":[{\"@type\":\"SearchAction\",\"target\":{\"@type\":\"EntryPoint\",\"urlTemplate\":\"https:\\\/\\\/www.powerdiesel.com.ar\\\/tienda\\\/?s={search_term_string}\"},\"query-input\":{\"@type\":\"PropertyValueSpecification\",\"valueRequired\":true,\"valueName\":\"search_term_string\"}}],\"inLanguage\":\"es\"}]}<\/script>\n<!-- \/ Yoast SEO plugin. -->","yoast_head_json":{"title":"0445010463 Bomba de alta presion Bosch Fiat Toro -","description":"Bomba alta presion para fiat toro 2.0 diesel 0445010463. Hacemos envios a todo el pais por correo o encomienda. Producto Original.","robots":{"index":"index","follow":"follow","max-snippet":"max-snippet:-1","max-image-preview":"max-image-preview:large","max-video-preview":"max-video-preview:-1"},"canonical":"https:\/\/www.powerdiesel.com.ar\/tienda\/producto\/0445010463-bomba-de-alta-presion-bosch-fiat-toro-usa-valvula-0928400825\/","og_locale":"es_ES","og_type":"article","og_title":"0445010463 Bomba de alta presion Bosch Fiat Toro -","og_description":"Bomba alta presion para fiat toro 2.0 diesel 0445010463. Hacemos envios a todo el pais por correo o encomienda. Producto Original.","og_url":"https:\/\/www.powerdiesel.com.ar\/tienda\/producto\/0445010463-bomba-de-alta-presion-bosch-fiat-toro-usa-valvula-0928400825\/","article_modified_time":"2025-06-24T04:50:32+00:00","og_image":[{"width":1200,"height":1200,"url":"https:\/\/www.powerdiesel.com.ar\/tienda\/wp-content\/uploads\/2020\/06\/010463.webp","type":"image\/webp"}],"twitter_card":"summary_large_image","twitter_misc":{"Tiempo de lectura":"1 minuto"},"schema":{"@context":"https:\/\/schema.org","@graph":[{"@type":"WebPage","@id":"https:\/\/www.powerdiesel.com.ar\/tienda\/producto\/0445010463-bomba-de-alta-presion-bosch-fiat-toro-usa-valvula-0928400825\/","url":"https:\/\/www.powerdiesel.com.ar\/tienda\/producto\/0445010463-bomba-de-alta-presion-bosch-fiat-toro-usa-valvula-0928400825\/","name":"0445010463 Bomba de alta presion Bosch Fiat Toro -","isPartOf":{"@id":"https:\/\/www.powerdiesel.com.ar\/tienda\/#website"},"primaryImageOfPage":{"@id":"https:\/\/www.powerdiesel.com.ar\/tienda\/producto\/0445010463-bomba-de-alta-presion-bosch-fiat-toro-usa-valvula-0928400825\/#primaryimage"},"image":{"@id":"https:\/\/www.powerdiesel.com.ar\/tienda\/producto\/0445010463-bomba-de-alta-presion-bosch-fiat-toro-usa-valvula-0928400825\/#primaryimage"},"thumbnailUrl":"https:\/\/www.powerdiesel.com.ar\/tienda\/wp-content\/uploads\/2020\/06\/010463.webp","datePublished":"2020-06-20T16:03:38+00:00","dateModified":"2025-06-24T04:50:32+00:00","description":"Bomba alta presion para fiat toro 2.0 diesel 0445010463. Hacemos envios a todo el pais por correo o encomienda. Producto Original.","breadcrumb":{"@id":"https:\/\/www.powerdiesel.com.ar\/tienda\/producto\/0445010463-bomba-de-alta-presion-bosch-fiat-toro-usa-valvula-0928400825\/#breadcrumb"},"inLanguage":"es","potentialAction":[{"@type":"ReadAction","target":["https:\/\/www.powerdiesel.com.ar\/tienda\/producto\/0445010463-bomba-de-alta-presion-bosch-fiat-toro-usa-valvula-0928400825\/"]}]},{"@type":"ImageObject","inLanguage":"es","@id":"https:\/\/www.powerdiesel.com.ar\/tienda\/producto\/0445010463-bomba-de-alta-presion-bosch-fiat-toro-usa-valvula-0928400825\/#primaryimage","url":"https:\/\/www.powerdiesel.com.ar\/tienda\/wp-content\/uploads\/2020\/06\/010463.webp","contentUrl":"https:\/\/www.powerdiesel.com.ar\/tienda\/wp-content\/uploads\/2020\/06\/010463.webp","width":1200,"height":1200},{"@type":"BreadcrumbList","@id":"https:\/\/www.powerdiesel.com.ar\/tienda\/producto\/0445010463-bomba-de-alta-presion-bosch-fiat-toro-usa-valvula-0928400825\/#breadcrumb","itemListElement":[{"@type":"ListItem","position":1,"name":"Portada","item":"https:\/\/www.powerdiesel.com.ar\/tienda\/"},{"@type":"ListItem","position":2,"name":"Repuestos","item":"https:\/\/www.powerdiesel.com.ar\/tienda\/"},{"@type":"ListItem","position":3,"name":"0445010463 Bomba de alta presion Bosch Fiat Toro"}]},{"@type":"WebSite","@id":"https:\/\/www.powerdiesel.com.ar\/tienda\/#website","url":"https:\/\/www.powerdiesel.com.ar\/tienda\/","name":"","description":"Compra Asegurada!","potentialAction":[{"@type":"SearchAction","target":{"@type":"EntryPoint","urlTemplate":"https:\/\/www.powerdiesel.com.ar\/tienda\/?s={search_term_string}"},"query-input":{"@type":"PropertyValueSpecification","valueRequired":true,"valueName":"search_term_string"}}],"inLanguage":"es"}]}},"_links":{"self":[{"href":"https:\/\/www.powerdiesel.com.ar\/tienda\/wp-json\/wp\/v2\/product\/2013","targetHints":{"allow":["GET"]}}],"collection":[{"href":"https:\/\/www.powerdiesel.com.ar\/tienda\/wp-json\/wp\/v2\/product"}],"about":[{"href":"https:\/\/www.powerdiesel.com.ar\/tienda\/wp-json\/wp\/v2\/types\/product"}],"wp:featuredmedia":[{"embeddable":true,"href":"https:\/\/www.powerdiesel.com.ar\/tienda\/wp-json\/wp\/v2\/media\/5446"}],"wp:attachment":[{"href":"https:\/\/www.powerdiesel.com.ar\/tienda\/wp-json\/wp\/v2\/media?parent=2013"}],"wp:term":[{"taxonomy":"product_brand","embeddable":true,"href":"https:\/\/www.powerdiesel.com.ar\/tienda\/wp-json\/wp\/v2\/product_brand?post=2013"},{"taxonomy":"product_cat","embeddable":true,"href":"https:\/\/www.powerdiesel.com.ar\/tienda\/wp-json\/wp\/v2\/product_cat?post=2013"},{"taxonomy":"product_tag","embeddable":true,"href":"https:\/\/www.powerdiesel.com.ar\/tienda\/wp-json\/wp\/v2\/product_tag?post=2013"}],"curies":[{"name":"wp","href":"https:\/\/api.w.org\/{rel}","templated":true}]}}