{"id":1963,"date":"2020-06-15T00:50:55","date_gmt":"2020-06-15T03:50:55","guid":{"rendered":"https:\/\/www.powerdiesel.com.ar\/tienda\/?post_type=product&#038;p=1963"},"modified":"2022-03-26T22:49:17","modified_gmt":"2022-03-27T01:49:17","slug":"ab313a696abbomba-de-direccion-ford-original-transit-ranger-2-2-y-3-2-original-ford-motor-puma","status":"publish","type":"product","link":"https:\/\/www.powerdiesel.com.ar\/tienda\/producto\/ab313a696abbomba-de-direccion-ford-original-transit-ranger-2-2-y-3-2-original-ford-motor-puma\/","title":{"rendered":"AB313A696AB\tBomba de direccion Ford ORIGINAL Transit Ranger 2.2 y 3.2 ORIGINAL FORD motor PUMA"},"content":{"rendered":"<table class=\"table table-striped push-top\">\n<tbody>\n<tr>\n<th>Marca:<\/th>\n<td>FORD<\/td>\n<\/tr>\n<tr>\n<th>Estado<\/th>\n<td>Nuevo cerrado en caja<\/td>\n<\/tr>\n<tr>\n<th>Garantia<\/th>\n<td>Si, Cambio por falla<\/td>\n<\/tr>\n<tr>\n<th>Aplicacion:<\/th>\n<td>Transit Ranger 2.2 y 3.2<\/td>\n<\/tr>\n<\/tbody>\n<\/table>\n","protected":false},"excerpt":{"rendered":"<p><b>Numero de pieza:<\/b> AB313A696AB<\/p>\n<p>&#8212;&#8212;&#8212;&#8212;&#8212;&#8212;&#8212;&#8212;&#8212;&#8212;&#8212;&#8212;&#8212;&#8212;&#8212;&#8212;&#8212;&#8212;&#8212;<br \/>\nFORMAS DE ENV\u00cdO:<\/p>\n<p>-Env\u00edos a todo el pa\u00eds por Mercado Env\u00edos O Micro<br \/>\nNota: Embalamos tus productos de forma segura para no sufrir da\u00f1os en \u00e9l envi\u00f3.<br \/>\n&#8212;&#8212;&#8212;&#8212;&#8212;&#8212;&#8212;&#8212;&#8212;&#8212;&#8212;&#8212;&#8212;&#8212;&#8212;&#8212;&#8212;&#8212;&#8212;<br \/>\nUBICACI\u00d3N:<br \/>\nEstamos ubicados en Rosario (Santa Fe) Zona sur<br \/>\n&#8212;&#8212;&#8212;&#8212;&#8212;&#8212;&#8212;&#8212;&#8212;&#8212;&#8212;&#8212;&#8212;&#8212;&#8212;&#8212;&#8212;&#8212;&#8212;<br \/>\nHORARIOS:<br \/>\n-Lunes a Viernes de 09:00 a 18:00Hs<br \/>\n&#8212;&#8212;&#8212;&#8212;&#8212;&#8212;&#8212;&#8212;&#8212;&#8212;&#8212;&#8212;&#8212;&#8212;&#8212;&#8212;&#8212;&#8212;&#8212;<\/p>\n","protected":false},"featured_media":1964,"template":"","meta":{"_joinchat":[]},"product_brand":[],"product_cat":[54],"product_tag":[],"class_list":{"0":"post-1963","1":"product","2":"type-product","3":"status-publish","4":"has-post-thumbnail","6":"product_cat-bombas-hidraulicas","8":"first","9":"instock","10":"taxable","11":"shipping-taxable","12":"product-type-simple"},"yoast_head":"<!-- This site is optimized with the Yoast SEO plugin v27.5 - https:\/\/yoast.com\/product\/yoast-seo-wordpress\/ -->\n<title>AB313A696AB Bomba de direccion Ford ORIGINAL Transit Ranger 2.2 y 3.2 ORIGINAL FORD motor PUMA -<\/title>\n<meta name=\"robots\" content=\"index, follow, max-snippet:-1, max-image-preview:large, max-video-preview:-1\" \/>\n<link rel=\"canonical\" href=\"https:\/\/www.powerdiesel.com.ar\/tienda\/producto\/ab313a696abbomba-de-direccion-ford-original-transit-ranger-2-2-y-3-2-original-ford-motor-puma\/\" \/>\n<meta property=\"og:locale\" content=\"es_ES\" \/>\n<meta property=\"og:type\" content=\"article\" \/>\n<meta property=\"og:title\" content=\"AB313A696AB Bomba de direccion Ford ORIGINAL Transit Ranger 2.2 y 3.2 ORIGINAL FORD motor PUMA -\" \/>\n<meta property=\"og:description\" content=\"Numero de pieza: AB313A696AB  --------------------------------------------------------- FORMAS DE ENV\u00cdO:  -Env\u00edos a todo el pa\u00eds por Mercado Env\u00edos O Micro Nota: Embalamos tus productos de forma segura para no sufrir da\u00f1os en \u00e9l envi\u00f3. --------------------------------------------------------- UBICACI\u00d3N: Estamos ubicados en Rosario (Santa Fe) Zona sur --------------------------------------------------------- HORARIOS: -Lunes a Viernes de 09:00 a 18:00Hs ---------------------------------------------------------\" \/>\n<meta property=\"og:url\" content=\"https:\/\/www.powerdiesel.com.ar\/tienda\/producto\/ab313a696abbomba-de-direccion-ford-original-transit-ranger-2-2-y-3-2-original-ford-motor-puma\/\" \/>\n<meta property=\"article:modified_time\" content=\"2022-03-27T01:49:17+00:00\" \/>\n<meta property=\"og:image\" content=\"https:\/\/www.powerdiesel.com.ar\/tienda\/wp-content\/uploads\/2020\/06\/AB313A696AB.jpg\" \/>\n\t<meta property=\"og:image:width\" content=\"1000\" \/>\n\t<meta property=\"og:image:height\" content=\"1000\" \/>\n\t<meta property=\"og:image:type\" content=\"image\/jpeg\" \/>\n<meta name=\"twitter:card\" content=\"summary_large_image\" \/>\n<script type=\"application\/ld+json\" class=\"yoast-schema-graph\">{\"@context\":\"https:\\\/\\\/schema.org\",\"@graph\":[{\"@type\":\"WebPage\",\"@id\":\"https:\\\/\\\/www.powerdiesel.com.ar\\\/tienda\\\/producto\\\/ab313a696abbomba-de-direccion-ford-original-transit-ranger-2-2-y-3-2-original-ford-motor-puma\\\/\",\"url\":\"https:\\\/\\\/www.powerdiesel.com.ar\\\/tienda\\\/producto\\\/ab313a696abbomba-de-direccion-ford-original-transit-ranger-2-2-y-3-2-original-ford-motor-puma\\\/\",\"name\":\"AB313A696AB Bomba de direccion Ford ORIGINAL Transit Ranger 2.2 y 3.2 ORIGINAL FORD motor PUMA -\",\"isPartOf\":{\"@id\":\"https:\\\/\\\/www.powerdiesel.com.ar\\\/tienda\\\/#website\"},\"primaryImageOfPage\":{\"@id\":\"https:\\\/\\\/www.powerdiesel.com.ar\\\/tienda\\\/producto\\\/ab313a696abbomba-de-direccion-ford-original-transit-ranger-2-2-y-3-2-original-ford-motor-puma\\\/#primaryimage\"},\"image\":{\"@id\":\"https:\\\/\\\/www.powerdiesel.com.ar\\\/tienda\\\/producto\\\/ab313a696abbomba-de-direccion-ford-original-transit-ranger-2-2-y-3-2-original-ford-motor-puma\\\/#primaryimage\"},\"thumbnailUrl\":\"https:\\\/\\\/www.powerdiesel.com.ar\\\/tienda\\\/wp-content\\\/uploads\\\/2020\\\/06\\\/AB313A696AB.jpg\",\"datePublished\":\"2020-06-15T03:50:55+00:00\",\"dateModified\":\"2022-03-27T01:49:17+00:00\",\"breadcrumb\":{\"@id\":\"https:\\\/\\\/www.powerdiesel.com.ar\\\/tienda\\\/producto\\\/ab313a696abbomba-de-direccion-ford-original-transit-ranger-2-2-y-3-2-original-ford-motor-puma\\\/#breadcrumb\"},\"inLanguage\":\"es\",\"potentialAction\":[{\"@type\":\"ReadAction\",\"target\":[\"https:\\\/\\\/www.powerdiesel.com.ar\\\/tienda\\\/producto\\\/ab313a696abbomba-de-direccion-ford-original-transit-ranger-2-2-y-3-2-original-ford-motor-puma\\\/\"]}]},{\"@type\":\"ImageObject\",\"inLanguage\":\"es\",\"@id\":\"https:\\\/\\\/www.powerdiesel.com.ar\\\/tienda\\\/producto\\\/ab313a696abbomba-de-direccion-ford-original-transit-ranger-2-2-y-3-2-original-ford-motor-puma\\\/#primaryimage\",\"url\":\"https:\\\/\\\/www.powerdiesel.com.ar\\\/tienda\\\/wp-content\\\/uploads\\\/2020\\\/06\\\/AB313A696AB.jpg\",\"contentUrl\":\"https:\\\/\\\/www.powerdiesel.com.ar\\\/tienda\\\/wp-content\\\/uploads\\\/2020\\\/06\\\/AB313A696AB.jpg\",\"width\":1000,\"height\":1000},{\"@type\":\"BreadcrumbList\",\"@id\":\"https:\\\/\\\/www.powerdiesel.com.ar\\\/tienda\\\/producto\\\/ab313a696abbomba-de-direccion-ford-original-transit-ranger-2-2-y-3-2-original-ford-motor-puma\\\/#breadcrumb\",\"itemListElement\":[{\"@type\":\"ListItem\",\"position\":1,\"name\":\"Portada\",\"item\":\"https:\\\/\\\/www.powerdiesel.com.ar\\\/tienda\\\/\"},{\"@type\":\"ListItem\",\"position\":2,\"name\":\"Repuestos\",\"item\":\"https:\\\/\\\/www.powerdiesel.com.ar\\\/tienda\\\/\"},{\"@type\":\"ListItem\",\"position\":3,\"name\":\"AB313A696AB Bomba de direccion Ford ORIGINAL Transit Ranger 2.2 y 3.2 ORIGINAL FORD motor PUMA\"}]},{\"@type\":\"WebSite\",\"@id\":\"https:\\\/\\\/www.powerdiesel.com.ar\\\/tienda\\\/#website\",\"url\":\"https:\\\/\\\/www.powerdiesel.com.ar\\\/tienda\\\/\",\"name\":\"\",\"description\":\"Compra Asegurada!\",\"potentialAction\":[{\"@type\":\"SearchAction\",\"target\":{\"@type\":\"EntryPoint\",\"urlTemplate\":\"https:\\\/\\\/www.powerdiesel.com.ar\\\/tienda\\\/?s={search_term_string}\"},\"query-input\":{\"@type\":\"PropertyValueSpecification\",\"valueRequired\":true,\"valueName\":\"search_term_string\"}}],\"inLanguage\":\"es\"}]}<\/script>\n<!-- \/ Yoast SEO plugin. -->","yoast_head_json":{"title":"AB313A696AB Bomba de direccion Ford ORIGINAL Transit Ranger 2.2 y 3.2 ORIGINAL FORD motor PUMA -","robots":{"index":"index","follow":"follow","max-snippet":"max-snippet:-1","max-image-preview":"max-image-preview:large","max-video-preview":"max-video-preview:-1"},"canonical":"https:\/\/www.powerdiesel.com.ar\/tienda\/producto\/ab313a696abbomba-de-direccion-ford-original-transit-ranger-2-2-y-3-2-original-ford-motor-puma\/","og_locale":"es_ES","og_type":"article","og_title":"AB313A696AB Bomba de direccion Ford ORIGINAL Transit Ranger 2.2 y 3.2 ORIGINAL FORD motor PUMA -","og_description":"Numero de pieza: AB313A696AB  --------------------------------------------------------- FORMAS DE ENV\u00cdO:  -Env\u00edos a todo el pa\u00eds por Mercado Env\u00edos O Micro Nota: Embalamos tus productos de forma segura para no sufrir da\u00f1os en \u00e9l envi\u00f3. --------------------------------------------------------- UBICACI\u00d3N: Estamos ubicados en Rosario (Santa Fe) Zona sur --------------------------------------------------------- HORARIOS: -Lunes a Viernes de 09:00 a 18:00Hs ---------------------------------------------------------","og_url":"https:\/\/www.powerdiesel.com.ar\/tienda\/producto\/ab313a696abbomba-de-direccion-ford-original-transit-ranger-2-2-y-3-2-original-ford-motor-puma\/","article_modified_time":"2022-03-27T01:49:17+00:00","og_image":[{"width":1000,"height":1000,"url":"https:\/\/www.powerdiesel.com.ar\/tienda\/wp-content\/uploads\/2020\/06\/AB313A696AB.jpg","type":"image\/jpeg"}],"twitter_card":"summary_large_image","schema":{"@context":"https:\/\/schema.org","@graph":[{"@type":"WebPage","@id":"https:\/\/www.powerdiesel.com.ar\/tienda\/producto\/ab313a696abbomba-de-direccion-ford-original-transit-ranger-2-2-y-3-2-original-ford-motor-puma\/","url":"https:\/\/www.powerdiesel.com.ar\/tienda\/producto\/ab313a696abbomba-de-direccion-ford-original-transit-ranger-2-2-y-3-2-original-ford-motor-puma\/","name":"AB313A696AB Bomba de direccion Ford ORIGINAL Transit Ranger 2.2 y 3.2 ORIGINAL FORD motor PUMA -","isPartOf":{"@id":"https:\/\/www.powerdiesel.com.ar\/tienda\/#website"},"primaryImageOfPage":{"@id":"https:\/\/www.powerdiesel.com.ar\/tienda\/producto\/ab313a696abbomba-de-direccion-ford-original-transit-ranger-2-2-y-3-2-original-ford-motor-puma\/#primaryimage"},"image":{"@id":"https:\/\/www.powerdiesel.com.ar\/tienda\/producto\/ab313a696abbomba-de-direccion-ford-original-transit-ranger-2-2-y-3-2-original-ford-motor-puma\/#primaryimage"},"thumbnailUrl":"https:\/\/www.powerdiesel.com.ar\/tienda\/wp-content\/uploads\/2020\/06\/AB313A696AB.jpg","datePublished":"2020-06-15T03:50:55+00:00","dateModified":"2022-03-27T01:49:17+00:00","breadcrumb":{"@id":"https:\/\/www.powerdiesel.com.ar\/tienda\/producto\/ab313a696abbomba-de-direccion-ford-original-transit-ranger-2-2-y-3-2-original-ford-motor-puma\/#breadcrumb"},"inLanguage":"es","potentialAction":[{"@type":"ReadAction","target":["https:\/\/www.powerdiesel.com.ar\/tienda\/producto\/ab313a696abbomba-de-direccion-ford-original-transit-ranger-2-2-y-3-2-original-ford-motor-puma\/"]}]},{"@type":"ImageObject","inLanguage":"es","@id":"https:\/\/www.powerdiesel.com.ar\/tienda\/producto\/ab313a696abbomba-de-direccion-ford-original-transit-ranger-2-2-y-3-2-original-ford-motor-puma\/#primaryimage","url":"https:\/\/www.powerdiesel.com.ar\/tienda\/wp-content\/uploads\/2020\/06\/AB313A696AB.jpg","contentUrl":"https:\/\/www.powerdiesel.com.ar\/tienda\/wp-content\/uploads\/2020\/06\/AB313A696AB.jpg","width":1000,"height":1000},{"@type":"BreadcrumbList","@id":"https:\/\/www.powerdiesel.com.ar\/tienda\/producto\/ab313a696abbomba-de-direccion-ford-original-transit-ranger-2-2-y-3-2-original-ford-motor-puma\/#breadcrumb","itemListElement":[{"@type":"ListItem","position":1,"name":"Portada","item":"https:\/\/www.powerdiesel.com.ar\/tienda\/"},{"@type":"ListItem","position":2,"name":"Repuestos","item":"https:\/\/www.powerdiesel.com.ar\/tienda\/"},{"@type":"ListItem","position":3,"name":"AB313A696AB Bomba de direccion Ford ORIGINAL Transit Ranger 2.2 y 3.2 ORIGINAL FORD motor PUMA"}]},{"@type":"WebSite","@id":"https:\/\/www.powerdiesel.com.ar\/tienda\/#website","url":"https:\/\/www.powerdiesel.com.ar\/tienda\/","name":"","description":"Compra Asegurada!","potentialAction":[{"@type":"SearchAction","target":{"@type":"EntryPoint","urlTemplate":"https:\/\/www.powerdiesel.com.ar\/tienda\/?s={search_term_string}"},"query-input":{"@type":"PropertyValueSpecification","valueRequired":true,"valueName":"search_term_string"}}],"inLanguage":"es"}]}},"_links":{"self":[{"href":"https:\/\/www.powerdiesel.com.ar\/tienda\/wp-json\/wp\/v2\/product\/1963","targetHints":{"allow":["GET"]}}],"collection":[{"href":"https:\/\/www.powerdiesel.com.ar\/tienda\/wp-json\/wp\/v2\/product"}],"about":[{"href":"https:\/\/www.powerdiesel.com.ar\/tienda\/wp-json\/wp\/v2\/types\/product"}],"wp:featuredmedia":[{"embeddable":true,"href":"https:\/\/www.powerdiesel.com.ar\/tienda\/wp-json\/wp\/v2\/media\/1964"}],"wp:attachment":[{"href":"https:\/\/www.powerdiesel.com.ar\/tienda\/wp-json\/wp\/v2\/media?parent=1963"}],"wp:term":[{"taxonomy":"product_brand","embeddable":true,"href":"https:\/\/www.powerdiesel.com.ar\/tienda\/wp-json\/wp\/v2\/product_brand?post=1963"},{"taxonomy":"product_cat","embeddable":true,"href":"https:\/\/www.powerdiesel.com.ar\/tienda\/wp-json\/wp\/v2\/product_cat?post=1963"},{"taxonomy":"product_tag","embeddable":true,"href":"https:\/\/www.powerdiesel.com.ar\/tienda\/wp-json\/wp\/v2\/product_tag?post=1963"}],"curies":[{"name":"wp","href":"https:\/\/api.w.org\/{rel}","templated":true}]}}