{"id":1651,"date":"2020-06-14T16:06:51","date_gmt":"2020-06-14T19:06:51","guid":{"rendered":"https:\/\/www.powerdiesel.com.ar\/tienda\/?post_type=product&#038;p=1651"},"modified":"2022-03-26T22:49:07","modified_gmt":"2022-03-27T01:49:07","slug":"inyector-jeep-2-8-crdi","status":"publish","type":"product","link":"https:\/\/www.powerdiesel.com.ar\/tienda\/producto\/inyector-jeep-2-8-crdi\/","title":{"rendered":"Inyector Jeep 2.8 CRDI"},"content":{"rendered":"<table class=\"table table-striped push-top\">\n<tbody>\n<tr>\n<th>Marca:<\/th>\n<td>Bosch<\/td>\n<\/tr>\n<tr>\n<th>Estado<\/th>\n<td>Nuevo cerrado en caja<\/td>\n<\/tr>\n<tr>\n<th>Garantia<\/th>\n<td>Si, Cambio por falla<\/td>\n<\/tr>\n<tr>\n<th>Aplicacion:<\/th>\n<td>Jeep 2.8 CRDI<\/td>\n<\/tr>\n<\/tbody>\n<\/table>\n","protected":false},"excerpt":{"rendered":"<p><b>Numero de pieza:<\/b> 0986435402 \/ 0445115067<\/p>\n<p>&#8212;&#8212;&#8212;&#8212;&#8212;&#8212;&#8212;&#8212;&#8212;&#8212;&#8212;&#8212;&#8212;&#8212;&#8212;&#8212;&#8212;&#8212;&#8212;<br \/>\nFORMAS DE ENV\u00cdO:<\/p>\n<p>-Env\u00edos a todo el pa\u00eds por Mercado Env\u00edos O Micro<br \/>\nNota: Embalamos tus productos de forma segura para no sufrir da\u00f1os en \u00e9l envi\u00f3.<br \/>\n&#8212;&#8212;&#8212;&#8212;&#8212;&#8212;&#8212;&#8212;&#8212;&#8212;&#8212;&#8212;&#8212;&#8212;&#8212;&#8212;&#8212;&#8212;&#8212;<br \/>\nUBICACI\u00d3N:<br \/>\nEstamos ubicados en Rosario (Santa Fe) Zona sur<br \/>\n&#8212;&#8212;&#8212;&#8212;&#8212;&#8212;&#8212;&#8212;&#8212;&#8212;&#8212;&#8212;&#8212;&#8212;&#8212;&#8212;&#8212;&#8212;&#8212;<br \/>\nHORARIOS:<br \/>\n-Lunes a Viernes de 09:00 a 18:00Hs<br \/>\n&#8212;&#8212;&#8212;&#8212;&#8212;&#8212;&#8212;&#8212;&#8212;&#8212;&#8212;&#8212;&#8212;&#8212;&#8212;&#8212;&#8212;&#8212;&#8212;<\/p>\n","protected":false},"featured_media":0,"template":"","meta":{"_joinchat":[]},"product_brand":[],"product_cat":[30,38],"product_tag":[],"class_list":{"0":"post-1651","1":"product","2":"type-product","3":"status-publish","5":"product_cat-inyectores-bosch","6":"product_cat-inyectores-comon-rail","8":"first","9":"instock","10":"taxable","11":"shipping-taxable","12":"product-type-simple"},"yoast_head":"<!-- This site is optimized with the Yoast SEO plugin v27.5 - https:\/\/yoast.com\/product\/yoast-seo-wordpress\/ -->\n<title>Inyector Jeep 2.8 CRDI -<\/title>\n<meta name=\"robots\" content=\"index, follow, max-snippet:-1, max-image-preview:large, max-video-preview:-1\" \/>\n<link rel=\"canonical\" href=\"https:\/\/www.powerdiesel.com.ar\/tienda\/producto\/inyector-jeep-2-8-crdi\/\" \/>\n<meta property=\"og:locale\" content=\"es_ES\" \/>\n<meta property=\"og:type\" content=\"article\" \/>\n<meta property=\"og:title\" content=\"Inyector Jeep 2.8 CRDI -\" \/>\n<meta property=\"og:description\" content=\"Numero de pieza: 0986435402 \/ 0445115067  --------------------------------------------------------- FORMAS DE ENV\u00cdO:  -Env\u00edos a todo el pa\u00eds por Mercado Env\u00edos O Micro Nota: Embalamos tus productos de forma segura para no sufrir da\u00f1os en \u00e9l envi\u00f3. --------------------------------------------------------- UBICACI\u00d3N: Estamos ubicados en Rosario (Santa Fe) Zona sur --------------------------------------------------------- HORARIOS: -Lunes a Viernes de 09:00 a 18:00Hs ---------------------------------------------------------\" \/>\n<meta property=\"og:url\" content=\"https:\/\/www.powerdiesel.com.ar\/tienda\/producto\/inyector-jeep-2-8-crdi\/\" \/>\n<meta property=\"article:modified_time\" content=\"2022-03-27T01:49:07+00:00\" \/>\n<meta name=\"twitter:card\" content=\"summary_large_image\" \/>\n<script type=\"application\/ld+json\" class=\"yoast-schema-graph\">{\"@context\":\"https:\\\/\\\/schema.org\",\"@graph\":[{\"@type\":\"WebPage\",\"@id\":\"https:\\\/\\\/www.powerdiesel.com.ar\\\/tienda\\\/producto\\\/inyector-jeep-2-8-crdi\\\/\",\"url\":\"https:\\\/\\\/www.powerdiesel.com.ar\\\/tienda\\\/producto\\\/inyector-jeep-2-8-crdi\\\/\",\"name\":\"Inyector Jeep 2.8 CRDI -\",\"isPartOf\":{\"@id\":\"https:\\\/\\\/www.powerdiesel.com.ar\\\/tienda\\\/#website\"},\"datePublished\":\"2020-06-14T19:06:51+00:00\",\"dateModified\":\"2022-03-27T01:49:07+00:00\",\"breadcrumb\":{\"@id\":\"https:\\\/\\\/www.powerdiesel.com.ar\\\/tienda\\\/producto\\\/inyector-jeep-2-8-crdi\\\/#breadcrumb\"},\"inLanguage\":\"es\",\"potentialAction\":[{\"@type\":\"ReadAction\",\"target\":[\"https:\\\/\\\/www.powerdiesel.com.ar\\\/tienda\\\/producto\\\/inyector-jeep-2-8-crdi\\\/\"]}]},{\"@type\":\"BreadcrumbList\",\"@id\":\"https:\\\/\\\/www.powerdiesel.com.ar\\\/tienda\\\/producto\\\/inyector-jeep-2-8-crdi\\\/#breadcrumb\",\"itemListElement\":[{\"@type\":\"ListItem\",\"position\":1,\"name\":\"Portada\",\"item\":\"https:\\\/\\\/www.powerdiesel.com.ar\\\/tienda\\\/\"},{\"@type\":\"ListItem\",\"position\":2,\"name\":\"Repuestos\",\"item\":\"https:\\\/\\\/www.powerdiesel.com.ar\\\/tienda\\\/\"},{\"@type\":\"ListItem\",\"position\":3,\"name\":\"Inyector Jeep 2.8 CRDI\"}]},{\"@type\":\"WebSite\",\"@id\":\"https:\\\/\\\/www.powerdiesel.com.ar\\\/tienda\\\/#website\",\"url\":\"https:\\\/\\\/www.powerdiesel.com.ar\\\/tienda\\\/\",\"name\":\"\",\"description\":\"Compra Asegurada!\",\"potentialAction\":[{\"@type\":\"SearchAction\",\"target\":{\"@type\":\"EntryPoint\",\"urlTemplate\":\"https:\\\/\\\/www.powerdiesel.com.ar\\\/tienda\\\/?s={search_term_string}\"},\"query-input\":{\"@type\":\"PropertyValueSpecification\",\"valueRequired\":true,\"valueName\":\"search_term_string\"}}],\"inLanguage\":\"es\"}]}<\/script>\n<!-- \/ Yoast SEO plugin. -->","yoast_head_json":{"title":"Inyector Jeep 2.8 CRDI -","robots":{"index":"index","follow":"follow","max-snippet":"max-snippet:-1","max-image-preview":"max-image-preview:large","max-video-preview":"max-video-preview:-1"},"canonical":"https:\/\/www.powerdiesel.com.ar\/tienda\/producto\/inyector-jeep-2-8-crdi\/","og_locale":"es_ES","og_type":"article","og_title":"Inyector Jeep 2.8 CRDI -","og_description":"Numero de pieza: 0986435402 \/ 0445115067  --------------------------------------------------------- FORMAS DE ENV\u00cdO:  -Env\u00edos a todo el pa\u00eds por Mercado Env\u00edos O Micro Nota: Embalamos tus productos de forma segura para no sufrir da\u00f1os en \u00e9l envi\u00f3. --------------------------------------------------------- UBICACI\u00d3N: Estamos ubicados en Rosario (Santa Fe) Zona sur --------------------------------------------------------- HORARIOS: -Lunes a Viernes de 09:00 a 18:00Hs ---------------------------------------------------------","og_url":"https:\/\/www.powerdiesel.com.ar\/tienda\/producto\/inyector-jeep-2-8-crdi\/","article_modified_time":"2022-03-27T01:49:07+00:00","twitter_card":"summary_large_image","schema":{"@context":"https:\/\/schema.org","@graph":[{"@type":"WebPage","@id":"https:\/\/www.powerdiesel.com.ar\/tienda\/producto\/inyector-jeep-2-8-crdi\/","url":"https:\/\/www.powerdiesel.com.ar\/tienda\/producto\/inyector-jeep-2-8-crdi\/","name":"Inyector Jeep 2.8 CRDI -","isPartOf":{"@id":"https:\/\/www.powerdiesel.com.ar\/tienda\/#website"},"datePublished":"2020-06-14T19:06:51+00:00","dateModified":"2022-03-27T01:49:07+00:00","breadcrumb":{"@id":"https:\/\/www.powerdiesel.com.ar\/tienda\/producto\/inyector-jeep-2-8-crdi\/#breadcrumb"},"inLanguage":"es","potentialAction":[{"@type":"ReadAction","target":["https:\/\/www.powerdiesel.com.ar\/tienda\/producto\/inyector-jeep-2-8-crdi\/"]}]},{"@type":"BreadcrumbList","@id":"https:\/\/www.powerdiesel.com.ar\/tienda\/producto\/inyector-jeep-2-8-crdi\/#breadcrumb","itemListElement":[{"@type":"ListItem","position":1,"name":"Portada","item":"https:\/\/www.powerdiesel.com.ar\/tienda\/"},{"@type":"ListItem","position":2,"name":"Repuestos","item":"https:\/\/www.powerdiesel.com.ar\/tienda\/"},{"@type":"ListItem","position":3,"name":"Inyector Jeep 2.8 CRDI"}]},{"@type":"WebSite","@id":"https:\/\/www.powerdiesel.com.ar\/tienda\/#website","url":"https:\/\/www.powerdiesel.com.ar\/tienda\/","name":"","description":"Compra Asegurada!","potentialAction":[{"@type":"SearchAction","target":{"@type":"EntryPoint","urlTemplate":"https:\/\/www.powerdiesel.com.ar\/tienda\/?s={search_term_string}"},"query-input":{"@type":"PropertyValueSpecification","valueRequired":true,"valueName":"search_term_string"}}],"inLanguage":"es"}]}},"_links":{"self":[{"href":"https:\/\/www.powerdiesel.com.ar\/tienda\/wp-json\/wp\/v2\/product\/1651","targetHints":{"allow":["GET"]}}],"collection":[{"href":"https:\/\/www.powerdiesel.com.ar\/tienda\/wp-json\/wp\/v2\/product"}],"about":[{"href":"https:\/\/www.powerdiesel.com.ar\/tienda\/wp-json\/wp\/v2\/types\/product"}],"wp:attachment":[{"href":"https:\/\/www.powerdiesel.com.ar\/tienda\/wp-json\/wp\/v2\/media?parent=1651"}],"wp:term":[{"taxonomy":"product_brand","embeddable":true,"href":"https:\/\/www.powerdiesel.com.ar\/tienda\/wp-json\/wp\/v2\/product_brand?post=1651"},{"taxonomy":"product_cat","embeddable":true,"href":"https:\/\/www.powerdiesel.com.ar\/tienda\/wp-json\/wp\/v2\/product_cat?post=1651"},{"taxonomy":"product_tag","embeddable":true,"href":"https:\/\/www.powerdiesel.com.ar\/tienda\/wp-json\/wp\/v2\/product_tag?post=1651"}],"curies":[{"name":"wp","href":"https:\/\/api.w.org\/{rel}","templated":true}]}}